{"id":804,"date":"2019-11-24T12:00:55","date_gmt":"2019-11-24T10:00:55","guid":{"rendered":"https:\/\/www.riemumielen.fi\/?page_id=804"},"modified":"2025-09-22T09:39:41","modified_gmt":"2025-09-22T06:39:41","slug":"kaisla","status":"publish","type":"page","link":"https:\/\/www.riemumielen.fi\/en\/koiramme\/kaisla\/","title":{"rendered":"KAISLA"},"content":{"rendered":"\n<h3 class=\"wp-block-heading\">BH RTK4 PAIM-T RIEMUMIELEN HURJASUSI NYMERIA<\/h3>\n\n\n\n<p>syntynyt:  22.12.2017<br>sukupuoli: narttu<br>kasvattaja: Riemumielen kennel, Heidi Bechstein<\/p>\n\n\n\n<p>pitk\u00e4karvainen collie<br><a aria-label=\"Koiranet-linkki (avautuu uudessa v\u00e4lilehdess\u00e4)\" href=\"https:\/\/jalostus.kennelliitto.fi\/frmKoira.aspx?RekNo=FI13099%2F18&amp;R=156\" target=\"_blank\" rel=\"noreferrer noopener\">Koiranet-linkki<\/a><\/p>\n\n\n\n<p>Em\u00e4: <a href=\"https:\/\/jalostus.kennelliitto.fi\/frmKoira.aspx?RekNo=FI47123\/15&amp;R=156\" target=\"_blank\" rel=\"noreferrer noopener\">RTK3 Goldentroll&#8217;s Song Of Ice And Fire<\/a> (Sansa)<br>Is\u00e4: <a href=\"https:\/\/jalostus.kennelliitto.fi\/frmKoira.aspx?RekNo=FIN27921\/07&amp;R=156\" target=\"_blank\" rel=\"noreferrer noopener\">FI &#038; SE &#038; EE MVA JK3 TK1 BH Irokon Moonlight<\/a> (Rasti)<\/p>\n\n\n\n<figure class=\"wp-block-gallery has-nested-images columns-2 is-cropped wp-block-gallery-1 is-layout-flex wp-block-gallery-is-layout-flex\">\n<figure class=\"wp-block-image size-large\"><img loading=\"lazy\" decoding=\"async\" width=\"1024\" height=\"680\" data-id=\"3463\" src=\"https:\/\/www.riemumielen.fi\/wp-content\/uploads\/2020\/06\/Kaisla-Riemumielen-Hurjasusi-Nymeria-1024x680.jpg\" alt=\"Riemumielen Hurjasusi Nymeria\" class=\"wp-image-3463\" srcset=\"https:\/\/www.riemumielen.fi\/wp-content\/uploads\/2020\/06\/Kaisla-Riemumielen-Hurjasusi-Nymeria-1024x680.jpg 1024w, https:\/\/www.riemumielen.fi\/wp-content\/uploads\/2020\/06\/Kaisla-Riemumielen-Hurjasusi-Nymeria-300x199.jpg 300w, https:\/\/www.riemumielen.fi\/wp-content\/uploads\/2020\/06\/Kaisla-Riemumielen-Hurjasusi-Nymeria-768x510.jpg 768w, https:\/\/www.riemumielen.fi\/wp-content\/uploads\/2020\/06\/Kaisla-Riemumielen-Hurjasusi-Nymeria-1536x1020.jpg 1536w, https:\/\/www.riemumielen.fi\/wp-content\/uploads\/2020\/06\/Kaisla-Riemumielen-Hurjasusi-Nymeria-scaled.jpg 2048w, https:\/\/www.riemumielen.fi\/wp-content\/uploads\/2020\/06\/Kaisla-Riemumielen-Hurjasusi-Nymeria-175x116.jpg 175w\" sizes=\"auto, (max-width: 1024px) 100vw, 1024px\" \/><\/figure>\n\n\n\n<figure class=\"wp-block-image size-large\"><img loading=\"lazy\" decoding=\"async\" width=\"2048\" height=\"1360\" data-id=\"3474\" src=\"https:\/\/i2.wp.com\/www.riemumielen.fi\/wp-content\/uploads\/2020\/06\/Kaisla-scaled.jpg?fit=640%2C425&#038;ssl=1\" alt=\"Riemumielen Hurjasusi Nymeria\" class=\"wp-image-3474\" srcset=\"https:\/\/www.riemumielen.fi\/wp-content\/uploads\/2020\/06\/Kaisla-scaled.jpg 2048w, https:\/\/www.riemumielen.fi\/wp-content\/uploads\/2020\/06\/Kaisla-300x199.jpg 300w, https:\/\/www.riemumielen.fi\/wp-content\/uploads\/2020\/06\/Kaisla-1024x680.jpg 1024w, https:\/\/www.riemumielen.fi\/wp-content\/uploads\/2020\/06\/Kaisla-768x510.jpg 768w, https:\/\/www.riemumielen.fi\/wp-content\/uploads\/2020\/06\/Kaisla-1536x1020.jpg 1536w, https:\/\/www.riemumielen.fi\/wp-content\/uploads\/2020\/06\/Kaisla-175x116.jpg 175w\" sizes=\"auto, (max-width: 2048px) 100vw, 2048px\" \/><\/figure>\n\n\n\n<figure class=\"wp-block-image size-large\"><img loading=\"lazy\" decoding=\"async\" width=\"680\" height=\"1024\" data-id=\"3470\" src=\"https:\/\/www.riemumielen.fi\/wp-content\/uploads\/2020\/06\/Kaisla-Riemumielen-Hurjasusi-Nymeria-kasvo-680x1024.jpg\" alt=\"Riemumielen Hurjasusi Nymeria\" class=\"wp-image-3470\" srcset=\"https:\/\/www.riemumielen.fi\/wp-content\/uploads\/2020\/06\/Kaisla-Riemumielen-Hurjasusi-Nymeria-kasvo-680x1024.jpg 680w, https:\/\/www.riemumielen.fi\/wp-content\/uploads\/2020\/06\/Kaisla-Riemumielen-Hurjasusi-Nymeria-kasvo-199x300.jpg 199w, https:\/\/www.riemumielen.fi\/wp-content\/uploads\/2020\/06\/Kaisla-Riemumielen-Hurjasusi-Nymeria-kasvo-768x1157.jpg 768w, https:\/\/www.riemumielen.fi\/wp-content\/uploads\/2020\/06\/Kaisla-Riemumielen-Hurjasusi-Nymeria-kasvo-1020x1536.jpg 1020w, https:\/\/www.riemumielen.fi\/wp-content\/uploads\/2020\/06\/Kaisla-Riemumielen-Hurjasusi-Nymeria-kasvo-scaled.jpg 1360w, https:\/\/www.riemumielen.fi\/wp-content\/uploads\/2020\/06\/Kaisla-Riemumielen-Hurjasusi-Nymeria-kasvo-77x116.jpg 77w\" sizes=\"auto, (max-width: 680px) 100vw, 680px\" \/><\/figure>\n\n\n\n<figure class=\"wp-block-image size-large\"><img loading=\"lazy\" decoding=\"async\" width=\"1024\" height=\"680\" data-id=\"3472\" src=\"https:\/\/www.riemumielen.fi\/wp-content\/uploads\/2020\/06\/Kaisla-juoksee-1024x680.jpg\" alt=\"Riemumielen Hurjasusi Nymeria\" class=\"wp-image-3472\" srcset=\"https:\/\/www.riemumielen.fi\/wp-content\/uploads\/2020\/06\/Kaisla-juoksee-1024x680.jpg 1024w, https:\/\/www.riemumielen.fi\/wp-content\/uploads\/2020\/06\/Kaisla-juoksee-300x199.jpg 300w, https:\/\/www.riemumielen.fi\/wp-content\/uploads\/2020\/06\/Kaisla-juoksee-768x510.jpg 768w, https:\/\/www.riemumielen.fi\/wp-content\/uploads\/2020\/06\/Kaisla-juoksee-1536x1020.jpg 1536w, https:\/\/www.riemumielen.fi\/wp-content\/uploads\/2020\/06\/Kaisla-juoksee-scaled.jpg 2048w, https:\/\/www.riemumielen.fi\/wp-content\/uploads\/2020\/06\/Kaisla-juoksee-175x116.jpg 175w\" sizes=\"auto, (max-width: 1024px) 100vw, 1024px\" \/><\/figure>\n<figcaption class=\"blocks-gallery-caption wp-element-caption\">Kaisla (RTK3 Riemumielen Hurjasusi Nymeria) kes\u00e4ll\u00e4 2019. Kuvat: Linda Toivonen<\/figcaption><\/figure>\n\n\n\n<h4 class=\"wp-block-heading\">Luonnekuvaus<\/h4>\n\n\n\n<p>Pitk\u00e4karvainen collienarttu Kaisla (BH RTK4 Riemumielen Hurjasusi Nymeria) on Sansan (<a aria-label=\"RTK2 Goldentroll&#039;s Song Of Ice And Fire (avautuu uudessa v\u00e4lilehdess\u00e4)\" href=\"https:\/\/www.riemumielen.fi\/koiramme\/sansa\/\" target=\"_blank\" rel=\"noreferrer noopener\">RTK3 Goldentroll&#8217;s Song Of Ice And Fire<\/a>) ja Rastin (<a href=\"https:\/\/jalostus.kennelliitto.fi\/frmKoira.aspx?RekNo=FIN27921\/07&amp;R=156\" target=\"_blank\" rel=\"noreferrer noopener\">FI &#038; SE &#038; EE MVA JK3 TK1 BH Irokon Moonlight<\/a>) tyt\u00e4r Riemumielen vuonna 2017 syntyneest\u00e4 toisesta pentueesta, <a aria-label=\"Hurjasudet (avautuu uudessa v\u00e4lilehdess\u00e4)\" href=\"https:\/\/www.riemumielen.fi\/pentueet\/riemumielen-2-pentue-hurjasudet\/\" target=\"_blank\" rel=\"noreferrer noopener\">Hurjasudet<\/a>.<\/p>\n\n\n\n<p>Kaisla on toiminnanhaluinen, vilkas, ketter\u00e4 ja toimiva harrastuskoira, jolla on hyv\u00e4 taistelutahto ja se on \u00e4itins\u00e4 tapaan hyvin ahne ja perso ruoalle. Se motivoituu eritt\u00e4in hyvin monenlaisesta tekemisest\u00e4 ja palkkautuu sek\u00e4 lelulla ett\u00e4 ruoalla. Kaisla on avoin ja sosiaalinen ihmisi\u00e4 kohtaan. Muiden narttukoirien kanssa sill\u00e4 on taipumusta dominanssiin. <\/p>\n\n\n\n<p>Harrastan Kaislan kanssa rally-tokoa ja tokoa, joiden koulutuksen aloitin kodinvaihdon j\u00e4lkeen 1,5-vuotiaana. Kaisla on edennyt harrastusten osalta nopeaan tahtiin, joka kertoo omalta osaltaan sen hyv\u00e4st\u00e4 koulutettavuudesta. T\u00e4ll\u00e4 hetkell\u00e4 Kaisla kilpailee rally-tokon ylimm\u00e4ss\u00e4 eli mestariluokassa ja sill\u00e4 on oikeus kilpailla tokon voittajaluokassa. Kaisla on suorittanut virallisen paimennustaipumuskokeen hyv\u00e4ksytysti.<\/p>\n\n\n\n<p>Kaisla palautui meille asumaan noin 1,5-vuotiaana sijoituskodistaan, jossa t\u00e4m\u00e4n tyyppinen aktiivinen koira koettiin liian haastavaksi.<\/p>\n\n\n\n<p>Kaisla astutettiin eri juoksuista eri urosten kanssa, mutta valitettavasti se j\u00e4i kaikista astutuksista tyhj\u00e4ksi. Viimeisest\u00e4 astutuksesta Kaisla sai kohtutulehduksen. N\u00e4in ollen Kaislalle ei ole tiedossa pentuja, ja se on steriloitu vuonna 2024.<\/p>\n\n\n\n<h4 class=\"wp-block-heading\">Riemumielen koirablogissa<\/h4>\n\n\n\n<ul class=\"wp-block-list\">\n<li><a href=\"https:\/\/www.riemumielen.fi\/kilpaileminen\/kaislalle-ykkostulos-tokon-avoimesta-luokasta\/\">Kaislalle ykk\u00f6stulos tokon avoimesta luokasta<\/a><\/li>\n\n\n\n<li><a href=\"https:\/\/www.riemumielen.fi\/toko\/kaislalle-ykkostulos-tokon-alokasluokassa\/\">Kaislalle ykk\u00f6stulos tokon alokasluokassa<\/a><\/li>\n<\/ul>\n\n\n\n<figure class=\"wp-block-gallery has-nested-images columns-default is-cropped wp-block-gallery-2 is-layout-flex wp-block-gallery-is-layout-flex\">\n<figure class=\"wp-block-image size-large\"><img loading=\"lazy\" decoding=\"async\" width=\"526\" height=\"768\" data-id=\"12655\" src=\"https:\/\/www.riemumielen.fi\/wp-content\/uploads\/2022\/06\/Kaisla-kevaalla-2022-3_some.jpg\" alt=\"Riemumielen Hurjasusi Nymeria\" class=\"wp-image-12655\" srcset=\"https:\/\/www.riemumielen.fi\/wp-content\/uploads\/2022\/06\/Kaisla-kevaalla-2022-3_some.jpg 526w, https:\/\/www.riemumielen.fi\/wp-content\/uploads\/2022\/06\/Kaisla-kevaalla-2022-3_some-205x300.jpg 205w, https:\/\/www.riemumielen.fi\/wp-content\/uploads\/2022\/06\/Kaisla-kevaalla-2022-3_some-79x116.jpg 79w\" sizes=\"auto, (max-width: 526px) 100vw, 526px\" \/><\/figure>\n\n\n\n<figure class=\"wp-block-image size-large\"><img loading=\"lazy\" decoding=\"async\" width=\"1024\" height=\"662\" data-id=\"12654\" src=\"https:\/\/www.riemumielen.fi\/wp-content\/uploads\/2022\/06\/Kaisla-kevaalla-2022-4_some.jpg\" alt=\"Riemumielen Hurjasusi Nymeria\" class=\"wp-image-12654\" srcset=\"https:\/\/www.riemumielen.fi\/wp-content\/uploads\/2022\/06\/Kaisla-kevaalla-2022-4_some.jpg 1024w, https:\/\/www.riemumielen.fi\/wp-content\/uploads\/2022\/06\/Kaisla-kevaalla-2022-4_some-300x194.jpg 300w, https:\/\/www.riemumielen.fi\/wp-content\/uploads\/2022\/06\/Kaisla-kevaalla-2022-4_some-768x497.jpg 768w, https:\/\/www.riemumielen.fi\/wp-content\/uploads\/2022\/06\/Kaisla-kevaalla-2022-4_some-179x116.jpg 179w\" sizes=\"auto, (max-width: 1024px) 100vw, 1024px\" \/><\/figure>\n\n\n\n<figure class=\"wp-block-image size-large\"><img loading=\"lazy\" decoding=\"async\" width=\"1024\" height=\"684\" data-id=\"12653\" src=\"https:\/\/www.riemumielen.fi\/wp-content\/uploads\/2022\/06\/Kaisla-kevaalla-2022-5_some.jpg\" alt=\"Riemumielen Hurjasusi Nymeria\" class=\"wp-image-12653\" srcset=\"https:\/\/www.riemumielen.fi\/wp-content\/uploads\/2022\/06\/Kaisla-kevaalla-2022-5_some.jpg 1024w, https:\/\/www.riemumielen.fi\/wp-content\/uploads\/2022\/06\/Kaisla-kevaalla-2022-5_some-300x200.jpg 300w, https:\/\/www.riemumielen.fi\/wp-content\/uploads\/2022\/06\/Kaisla-kevaalla-2022-5_some-768x513.jpg 768w, https:\/\/www.riemumielen.fi\/wp-content\/uploads\/2022\/06\/Kaisla-kevaalla-2022-5_some-750x500.jpg 750w, https:\/\/www.riemumielen.fi\/wp-content\/uploads\/2022\/06\/Kaisla-kevaalla-2022-5_some-174x116.jpg 174w\" sizes=\"auto, (max-width: 1024px) 100vw, 1024px\" \/><\/figure>\n<figcaption class=\"blocks-gallery-caption wp-element-caption\">Kaisla (RTK3 Riemumielen Hurjasusi Nymeria) kes\u00e4kuussa 2022. Kuvat: Linda Toivonen<\/figcaption><\/figure>\n\n\n\n<h4 class=\"wp-block-heading\">Terveys<\/h4>\n\n\n\n<ul class=\"wp-block-list\">\n<li>lonkat: B\/B<\/li>\n\n\n\n<li>kyyn\u00e4rnivel: 0\/0<\/li>\n\n\n\n<li>silm\u00e4t: CEA vapaa, PPM iiris-iiris<\/li>\n\n\n\n<li>DM-geenitesti: N\/N (normaali)<\/li>\n\n\n\n<li>MDR1-geenitesti: +\/- (kantaja)<\/li>\n<\/ul>\n\n\n\n<h4 class=\"wp-block-heading\">Harrastukset<\/h4>\n\n\n\n<ul class=\"wp-block-list\">\n<li>Rally-toko\n<ul class=\"wp-block-list\">\n<li>RTK1, RTK2, RTK3 ja RTK4 -koulutustunnukset<\/li>\n\n\n\n<li>kilpailee mestariluokassa<\/li>\n<\/ul>\n<\/li>\n\n\n\n<li>Toko\n<ul class=\"wp-block-list\">\n<li>AVO1-tulos<\/li>\n\n\n\n<li>oikeus kilpailla voittajaluokassa<\/li>\n<\/ul>\n<\/li>\n\n\n\n<li>Hyv\u00e4ksytty BH-koe (k\u00e4ytt\u00e4ytymiskoe)<\/li>\n\n\n\n<li>Paimennus: \n<ul class=\"wp-block-list\">\n<li>Virallinen FCI paimennustaipumuskoe PAIM-T 20.9.2025 Loppi, hyv\u00e4ksytty. Tuomari Tiina Ahonen. Ik\u00e4: 7 v 9 kk.<\/li>\n<\/ul>\n<\/li>\n\n\n\n<li>Kennelliiton k\u00e4ytt\u00e4ytymisen jalostustarkastus hyv\u00e4ksytty 25.8.2024<\/li>\n<\/ul>\n\n\n\n<figure class=\"wp-block-embed is-type-video is-provider-youtube wp-block-embed-youtube wp-embed-aspect-16-9 wp-has-aspect-ratio\"><div class=\"wp-block-embed__wrapper\">\n<iframe loading=\"lazy\" title=\"Kaisla tokokoe AVO1 265,5 p. 27.11.2021 Hyvink\u00e4\u00e4\" width=\"640\" height=\"360\" src=\"https:\/\/www.youtube.com\/embed\/nBDV2HOCiSk?feature=oembed&#038;enablejsapi=1&#038;origin=https:\/\/www.riemumielen.fi\" frameborder=\"0\" allow=\"accelerometer; autoplay; clipboard-write; encrypted-media; gyroscope; picture-in-picture; web-share\" referrerpolicy=\"strict-origin-when-cross-origin\" allowfullscreen><\/iframe>\n<\/div><figcaption class=\"wp-element-caption\">Kaisla tokokokeessa avoimessa luokassa 27.11.2021 Hyvink\u00e4\u00e4ll\u00e4.<\/figcaption><\/figure>\n\n\n\n<figure class=\"wp-block-embed is-type-video is-provider-youtube wp-block-embed-youtube wp-embed-aspect-16-9 wp-has-aspect-ratio\"><div class=\"wp-block-embed__wrapper\">\n<iframe loading=\"lazy\" title=\"Kaislan rally-tokon VOI triplakisat 25.10.2020 Lieto\" width=\"640\" height=\"360\" src=\"https:\/\/www.youtube.com\/embed\/d0k7mg9bBNo?feature=oembed&#038;enablejsapi=1&#038;origin=https:\/\/www.riemumielen.fi\" frameborder=\"0\" allow=\"accelerometer; autoplay; clipboard-write; encrypted-media; gyroscope; picture-in-picture; web-share\" referrerpolicy=\"strict-origin-when-cross-origin\" allowfullscreen><\/iframe>\n<\/div><figcaption class=\"wp-element-caption\">Kaisla rally-tokon triplakilpailussa voittajaluokassa 25.10.2020 Liedossa.<\/figcaption><\/figure>\n\n\n\n<figure class=\"wp-block-embed is-type-video is-provider-youtube wp-block-embed-youtube wp-embed-aspect-16-9 wp-has-aspect-ratio\"><div class=\"wp-block-embed__wrapper\">\n<iframe loading=\"lazy\" title=\"Kaisla collien k\u00e4ytt\u00e4ytymisen jalostustarkastus 25.8.2024\" width=\"640\" height=\"360\" src=\"https:\/\/www.youtube.com\/embed\/_3oALkpdlfU?feature=oembed&#038;enablejsapi=1&#038;origin=https:\/\/www.riemumielen.fi\" frameborder=\"0\" allow=\"accelerometer; autoplay; clipboard-write; encrypted-media; gyroscope; picture-in-picture; web-share\" referrerpolicy=\"strict-origin-when-cross-origin\" allowfullscreen><\/iframe>\n<\/div><figcaption class=\"wp-element-caption\">Kaislan k\u00e4ytt\u00e4ytymisen jalostustarkastus 25.8.2024 Riihim\u00e4ell\u00e4.<\/figcaption><\/figure>\n\n\n\n<h4 class=\"wp-block-heading\">N\u00e4yttelyt<\/h4>\n\n\n\n<h4 class=\"wp-block-heading\">PEK4 KP<\/h4>\n\n\n\n<blockquote class=\"wp-block-quote has-medium-font-size is-layout-flow wp-block-quote-is-layout-flow\">\n<p>Very sound and free moving sable, richly coloured, in excellent coat, well-developed body with excellent angulation and substance, very good head type, well-placed eyes, correctly set ears which are a little light, very promising. <\/p>\n<cite>Valerie Geddes, United Kingdom, 8.9.2018 Espoo<\/cite><\/blockquote>\n\n\n\n<h4 class=\"wp-block-heading\">NUO ERI<\/h4>\n\n\n\n<blockquote class=\"wp-block-quote has-medium-font-size is-layout-flow wp-block-quote-is-layout-flow\">\n<p>18 months old sable bitch. Typical collie head. Dark eyes. Ears not bad. Level topline. Good lenght of tail. Movement not bad. <\/p>\n<cite>William Rogerson, United Kingdom, 7.7.2019 Tuusula<\/cite><\/blockquote>\n","protected":false},"excerpt":{"rendered":"<p>BH RTK4 PAIM-T RIEMUMIELEN HURJASUSI NYMERIA syntynyt: 22.12.2017sukupuoli: narttukasvattaja: Riemumielen kennel, Heidi Bechstein pitk\u00e4karvainen collieKoiranet-linkki Em\u00e4: RTK3 Goldentroll&#8217;s Song Of Ice And Fire (Sansa)Is\u00e4: FI &#038; SE &#038; EE MVA JK3 TK1 BH Irokon Moonlight (Rasti) Luonnekuvaus Pitk\u00e4karvainen collienarttu Kaisla (BH RTK4 Riemumielen Hurjasusi Nymeria) on Sansan (RTK3 Goldentroll&#8217;s Song Of Ice And Fire) ja [&hellip;]<\/p>\n","protected":false},"author":1,"featured_media":12658,"parent":9,"menu_order":7,"comment_status":"closed","ping_status":"closed","template":"","meta":{"_exactmetrics_skip_tracking":false,"_exactmetrics_sitenote_active":false,"_exactmetrics_sitenote_note":"","_exactmetrics_sitenote_category":0,"footnotes":""},"class_list":["post-804","page","type-page","status-publish","has-post-thumbnail","hentry"],"_links":{"self":[{"href":"https:\/\/www.riemumielen.fi\/en\/wp-json\/wp\/v2\/pages\/804","targetHints":{"allow":["GET"]}}],"collection":[{"href":"https:\/\/www.riemumielen.fi\/en\/wp-json\/wp\/v2\/pages"}],"about":[{"href":"https:\/\/www.riemumielen.fi\/en\/wp-json\/wp\/v2\/types\/page"}],"author":[{"embeddable":true,"href":"https:\/\/www.riemumielen.fi\/en\/wp-json\/wp\/v2\/users\/1"}],"replies":[{"embeddable":true,"href":"https:\/\/www.riemumielen.fi\/en\/wp-json\/wp\/v2\/comments?post=804"}],"version-history":[{"count":36,"href":"https:\/\/www.riemumielen.fi\/en\/wp-json\/wp\/v2\/pages\/804\/revisions"}],"predecessor-version":[{"id":14099,"href":"https:\/\/www.riemumielen.fi\/en\/wp-json\/wp\/v2\/pages\/804\/revisions\/14099"}],"up":[{"embeddable":true,"href":"https:\/\/www.riemumielen.fi\/en\/wp-json\/wp\/v2\/pages\/9"}],"wp:featuredmedia":[{"embeddable":true,"href":"https:\/\/www.riemumielen.fi\/en\/wp-json\/wp\/v2\/media\/12658"}],"wp:attachment":[{"href":"https:\/\/www.riemumielen.fi\/en\/wp-json\/wp\/v2\/media?parent=804"}],"curies":[{"name":"wp","href":"https:\/\/api.w.org\/{rel}","templated":true}]}}