{"id":13825,"date":"2025-01-07T11:54:36","date_gmt":"2025-01-07T08:54:36","guid":{"rendered":"https:\/\/www.riemumielen.fi\/?page_id=13825"},"modified":"2026-04-22T12:51:04","modified_gmt":"2026-04-22T09:51:04","slug":"riemumielen-5-pentue-mozart","status":"publish","type":"page","link":"https:\/\/www.riemumielen.fi\/en\/riemumielen-5-pentue-mozart\/","title":{"rendered":"Riemumielen 5. pentue: Mozart"},"content":{"rendered":"\n<h3 class=\"wp-block-heading\">PENTUE S. 13.11.2024<\/h3>\n\n\n\n<p>is\u00e4: <strong><a href=\"https:\/\/jalostus.kennelliitto.fi\/frmKoira.aspx?RekNo=FI12851\/20&amp;R=156\" target=\"_blank\" rel=\"noreferrer noopener\">Dark Dynasty\u2019s Soul Saving Mozart&nbsp;<\/a>(Niki)<\/strong><\/p>\n\n\n\n<p>em\u00e4: <strong><a href=\"https:\/\/jalostus.kennelliitto.fi\/frmKoira.aspx?RekNo=FI43478\/22&amp;R=156\" target=\"_blank\" rel=\"noreferrer noopener\">PAIM-T Riemumielen Ihmeellinen Illusia<\/a>&nbsp;(Enia)<\/strong><\/p>\n\n\n\n<p>Enian ja Nikin pennut syntyiv\u00e4t 13.11.2024. Pentueessa on 4 tytt\u00f6\u00e4, joista 1 soopeli ja 3 tricolouria. Lis\u00e4ksi syntyi yksi enkelipentu, jonka voimat eiv\u00e4t riitt\u00e4neet. <\/p>\n\n\n\n<p>Enia oli meill\u00e4 sijoituksessa ja hain sen meille Keravalle l\u00e4hestyv\u00e4\u00e4 synnytyst\u00e4 varten noin puolitoista viikkoa ennen laskettua synnytyst\u00e4. Pennut syntyiv\u00e4t 60 vuorokautta luonnollisen astutuksen j\u00e4lkeen ja Enia oli heti alusta l\u00e4htien luontainen em\u00e4.<\/p>\n\n\n\n<p>Nelj\u00e4 tytt\u00f6pentua kasvoivat Enia-em\u00e4n eritt\u00e4in hyv\u00e4ss\u00e4 hoivassa. Emonmaitoa ja hoivaa riitti. Pennut sosiaalistettiin hyvin ja ne k\u00e4viv\u00e4t kuuden viikon ik\u00e4isin\u00e4 silm\u00e4- ja terveystarkistuksilla Pienel\u00e4insairaala Moreliuksessa el\u00e4inl\u00e4\u00e4k\u00e4ri Anna Valtosella 27.12.2024. Pentuterveystarkistuksessa kaiken todettiin olevan kunnossa ja pennuilla todettiin silmiss\u00e4 crd. Pentueen j\u00e4lkeen Enia siirtyi sijoitushaltijan Miran omistukseen.<\/p>\n\n\n\n<h3 class=\"wp-block-heading\">Pentujen virallliset nimet<\/h3>\n\n\n\n<p>Pennut saivat viralliset nimet Mozart-teeman mukaisesti: <\/p>\n\n\n\n<ul class=\"wp-block-list\">\n<li><strong>Riemumielen Paimentytt\u00f6 Bastienne<\/strong>: Wolfgang Amadeus Mozartin&nbsp;s\u00e4velt\u00e4m\u00e4st\u00e4 laulun\u00e4ytelm\u00e4st\u00e4 Bastien ja Bastienne<\/li>\n\n\n\n<li><strong>Riemumielen Y\u00f6n Kuningattaren Aaria<\/strong>: Wolfgang Amadeus Mozartin s\u00e4velt\u00e4m\u00e4st\u00e4 oopperasta Taikahuilu<\/li>\n\n\n\n<li><strong>Riemumielen Paminan Lumoava Laulu<\/strong>: Wolfgang Amadeus Mozartin s\u00e4velt\u00e4m\u00e4st\u00e4 oopperasta Taikahuilu<\/li>\n\n\n\n<li><strong>Riemumielen Figaron Kaunis Morsian<\/strong>: Wolfgang Amadeus Mozartin s\u00e4velt\u00e4m\u00e4st\u00e4 oopperasta Figaron h\u00e4\u00e4t<\/li>\n<\/ul>\n\n\n\n<p>Toivotan pentujen uusille kodeille paljon onnea ja iloa yhteisel\u00e4m\u00e4\u00e4n pentujen kanssa.<\/p>\n\n\n\n<figure class=\"wp-block-table is-style-stripes has-medium-font-size\"><table class=\"has-black-color has-text-color has-link-color has-fixed-layout\"><thead><tr><th>Virallinen nimi ja kutsumanimi<\/th><th>V\u00e4ri<\/th><th>Sukupuoli<\/th><th>Terveys<\/th><th>Muuta<\/th><\/tr><\/thead><tbody><tr><td><a href=\"https:\/\/jalostus.kennelliitto.fi\/frmKoira.aspx?RekNo=FI50200%2F24&amp;R=156\" target=\"_blank\" rel=\"noreferrer noopener\">Riemumielen Paimentytt\u00f6 Bastienne<\/a>, Pinja<\/td><td>soopeli<\/td><td>narttu<\/td><td>A\/A<br>0\/0<br>LTV1, VA1<br>CEA\/CRD<\/td><td>Tanja Silvennoinen, Kerava<\/td><\/tr><tr><td><a href=\"https:\/\/jalostus.kennelliitto.fi\/frmKoira.aspx?RekNo=FI50202%2F24&amp;R=156\" target=\"_blank\" rel=\"noreferrer noopener\">Riemumielen Y\u00f6n Kuningattaren Aaria<\/a>, Demi<\/td><td>tricolour<\/td><td><br>narttu<\/td><td>A\/A<br>0\/0<br>CEA\/CRD<\/td><td>Piritta Laine, Lohja<br><br>PAIM-T<br>RTK2<\/td><\/tr><tr><td><a href=\"https:\/\/jalostus.kennelliitto.fi\/frmKoira.aspx?RekNo=FI50203%2F24&amp;R=156\" target=\"_blank\" rel=\"noreferrer noopener\">Riemumielen Paminan Lumoava Laulu<\/a>, Noomi<\/td><td>tricolour<\/td><td><br>narttu<\/td><td><br>ep\u00e4virallinen lonkkatulos D\/A tai B (alle 1-vuotiaana)<br><br>allergiaep\u00e4ily, vatsavaivoja<\/td><td>Anne Hyv\u00e4kk\u00e4, Sahakyl\u00e4<\/td><\/tr><tr><td><a href=\"https:\/\/jalostus.kennelliitto.fi\/frmKoira.aspx?RekNo=FI50201%2F24&amp;R=156\" target=\"_blank\" rel=\"noreferrer noopener\">Riemumielen Figaron Kaunis Morsian<\/a>, Nita<\/td><td>tricolour<\/td><td><br>narttu<\/td><td>C\/B<br>0\/0<br>LTV1, VA0<br>CEA\/CRD, Distichiasis (liev\u00e4)<\/td><td>sijoituksessa: Heidi Akkila, Lemi<\/td><\/tr><\/tbody><\/table><\/figure>\n\n\n\n<h3 class=\"wp-block-heading\">Mozart-pentue 7 viikon i\u00e4ss\u00e4<\/h3>\n\n\n\n<figure class=\"wp-block-gallery has-nested-images columns-default is-cropped wp-block-gallery-1 is-layout-flex wp-block-gallery-is-layout-flex\">\n<figure class=\"wp-block-image size-large\"><img loading=\"lazy\" decoding=\"async\" width=\"1024\" height=\"818\" data-id=\"13835\" src=\"https:\/\/www.riemumielen.fi\/wp-content\/uploads\/2025\/01\/Riemumielen-Paimentytto-Bastienne-3-1024x818.jpg\" alt=\"\" class=\"wp-image-13835\" srcset=\"https:\/\/www.riemumielen.fi\/wp-content\/uploads\/2025\/01\/Riemumielen-Paimentytto-Bastienne-3-1024x818.jpg 1024w, https:\/\/www.riemumielen.fi\/wp-content\/uploads\/2025\/01\/Riemumielen-Paimentytto-Bastienne-3-300x240.jpg 300w, https:\/\/www.riemumielen.fi\/wp-content\/uploads\/2025\/01\/Riemumielen-Paimentytto-Bastienne-3-768x614.jpg 768w, https:\/\/www.riemumielen.fi\/wp-content\/uploads\/2025\/01\/Riemumielen-Paimentytto-Bastienne-3-145x116.jpg 145w, https:\/\/www.riemumielen.fi\/wp-content\/uploads\/2025\/01\/Riemumielen-Paimentytto-Bastienne-3.jpg 1179w\" sizes=\"auto, (max-width: 1024px) 100vw, 1024px\" \/><figcaption class=\"wp-element-caption\">Riemumielen Paimentytt\u00f6 Bastienne<br>PINJA<\/figcaption><\/figure>\n\n\n\n<figure class=\"wp-block-image size-large\"><img loading=\"lazy\" decoding=\"async\" width=\"1024\" height=\"745\" data-id=\"13834\" src=\"https:\/\/www.riemumielen.fi\/wp-content\/uploads\/2025\/01\/Riemumielen-Yon-Kuningattaren-Aaria-2-1024x745.jpg\" alt=\"\" class=\"wp-image-13834\" srcset=\"https:\/\/www.riemumielen.fi\/wp-content\/uploads\/2025\/01\/Riemumielen-Yon-Kuningattaren-Aaria-2-1024x745.jpg 1024w, https:\/\/www.riemumielen.fi\/wp-content\/uploads\/2025\/01\/Riemumielen-Yon-Kuningattaren-Aaria-2-300x218.jpg 300w, https:\/\/www.riemumielen.fi\/wp-content\/uploads\/2025\/01\/Riemumielen-Yon-Kuningattaren-Aaria-2-768x559.jpg 768w, https:\/\/www.riemumielen.fi\/wp-content\/uploads\/2025\/01\/Riemumielen-Yon-Kuningattaren-Aaria-2-159x116.jpg 159w, https:\/\/www.riemumielen.fi\/wp-content\/uploads\/2025\/01\/Riemumielen-Yon-Kuningattaren-Aaria-2.jpg 1179w\" sizes=\"auto, (max-width: 1024px) 100vw, 1024px\" \/><figcaption class=\"wp-element-caption\">Riemumielen Y\u00f6n Kuningattaren Aaria<br>DEMI<\/figcaption><\/figure>\n<\/figure>\n\n\n\n<p><\/p>\n\n\n\n<figure class=\"wp-block-gallery has-nested-images columns-default is-cropped wp-block-gallery-2 is-layout-flex wp-block-gallery-is-layout-flex\">\n<figure class=\"wp-block-image size-large\"><img loading=\"lazy\" decoding=\"async\" width=\"1024\" height=\"776\" data-id=\"13836\" src=\"https:\/\/www.riemumielen.fi\/wp-content\/uploads\/2025\/01\/Riemumielen-Figaron-Kaunis-Morsian-2-1024x776.jpg\" alt=\"\" class=\"wp-image-13836\" srcset=\"https:\/\/www.riemumielen.fi\/wp-content\/uploads\/2025\/01\/Riemumielen-Figaron-Kaunis-Morsian-2-1024x776.jpg 1024w, https:\/\/www.riemumielen.fi\/wp-content\/uploads\/2025\/01\/Riemumielen-Figaron-Kaunis-Morsian-2-300x227.jpg 300w, https:\/\/www.riemumielen.fi\/wp-content\/uploads\/2025\/01\/Riemumielen-Figaron-Kaunis-Morsian-2-768x582.jpg 768w, https:\/\/www.riemumielen.fi\/wp-content\/uploads\/2025\/01\/Riemumielen-Figaron-Kaunis-Morsian-2-153x116.jpg 153w, https:\/\/www.riemumielen.fi\/wp-content\/uploads\/2025\/01\/Riemumielen-Figaron-Kaunis-Morsian-2.jpg 1179w\" sizes=\"auto, (max-width: 1024px) 100vw, 1024px\" \/><figcaption class=\"wp-element-caption\">Riemumielen Figaron Kaunis Morsian<br>NITA<\/figcaption><\/figure>\n\n\n\n<figure class=\"wp-block-image size-large\"><img loading=\"lazy\" decoding=\"async\" width=\"1024\" height=\"768\" data-id=\"13837\" src=\"https:\/\/www.riemumielen.fi\/wp-content\/uploads\/2025\/01\/Riemumielen-Paminan-Lumoava-Laulu-3-1024x768.jpg\" alt=\"\" class=\"wp-image-13837\" srcset=\"https:\/\/www.riemumielen.fi\/wp-content\/uploads\/2025\/01\/Riemumielen-Paminan-Lumoava-Laulu-3-1024x768.jpg 1024w, https:\/\/www.riemumielen.fi\/wp-content\/uploads\/2025\/01\/Riemumielen-Paminan-Lumoava-Laulu-3-300x225.jpg 300w, https:\/\/www.riemumielen.fi\/wp-content\/uploads\/2025\/01\/Riemumielen-Paminan-Lumoava-Laulu-3-768x576.jpg 768w, https:\/\/www.riemumielen.fi\/wp-content\/uploads\/2025\/01\/Riemumielen-Paminan-Lumoava-Laulu-3-1536x1152.jpg 1536w, https:\/\/www.riemumielen.fi\/wp-content\/uploads\/2025\/01\/Riemumielen-Paminan-Lumoava-Laulu-3-155x116.jpg 155w, https:\/\/www.riemumielen.fi\/wp-content\/uploads\/2025\/01\/Riemumielen-Paminan-Lumoava-Laulu-3.jpg 2048w\" sizes=\"auto, (max-width: 1024px) 100vw, 1024px\" \/><figcaption class=\"wp-element-caption\">Riemumielen Paminan Lumoava Laulu<br>NOOMI<\/figcaption><\/figure>\n<\/figure>\n\n\n\n<h3 class=\"wp-block-heading\">Kuvia pentueesta<\/h3>\n\n\n\n<figure class=\"wp-block-gallery has-nested-images columns-default is-cropped wp-block-gallery-3 is-layout-flex wp-block-gallery-is-layout-flex\">\n<figure class=\"wp-block-image size-large\"><img loading=\"lazy\" decoding=\"async\" width=\"1024\" height=\"768\" data-id=\"13839\" src=\"https:\/\/www.riemumielen.fi\/wp-content\/uploads\/2025\/01\/IMG_3653-1024x768.jpeg\" alt=\"\" class=\"wp-image-13839\" srcset=\"https:\/\/www.riemumielen.fi\/wp-content\/uploads\/2025\/01\/IMG_3653-1024x768.jpeg 1024w, https:\/\/www.riemumielen.fi\/wp-content\/uploads\/2025\/01\/IMG_3653-300x225.jpeg 300w, https:\/\/www.riemumielen.fi\/wp-content\/uploads\/2025\/01\/IMG_3653-768x576.jpeg 768w, https:\/\/www.riemumielen.fi\/wp-content\/uploads\/2025\/01\/IMG_3653-1536x1152.jpeg 1536w, https:\/\/www.riemumielen.fi\/wp-content\/uploads\/2025\/01\/IMG_3653-155x116.jpeg 155w, https:\/\/www.riemumielen.fi\/wp-content\/uploads\/2025\/01\/IMG_3653.jpeg 2048w\" sizes=\"auto, (max-width: 1024px) 100vw, 1024px\" \/><\/figure>\n\n\n\n<figure class=\"wp-block-image size-large\"><img loading=\"lazy\" decoding=\"async\" width=\"1024\" height=\"768\" data-id=\"13841\" src=\"https:\/\/www.riemumielen.fi\/wp-content\/uploads\/2025\/01\/IMG_3348-1024x768.jpeg\" alt=\"\" class=\"wp-image-13841\" srcset=\"https:\/\/www.riemumielen.fi\/wp-content\/uploads\/2025\/01\/IMG_3348-1024x768.jpeg 1024w, https:\/\/www.riemumielen.fi\/wp-content\/uploads\/2025\/01\/IMG_3348-300x225.jpeg 300w, https:\/\/www.riemumielen.fi\/wp-content\/uploads\/2025\/01\/IMG_3348-768x576.jpeg 768w, https:\/\/www.riemumielen.fi\/wp-content\/uploads\/2025\/01\/IMG_3348-1536x1152.jpeg 1536w, https:\/\/www.riemumielen.fi\/wp-content\/uploads\/2025\/01\/IMG_3348-155x116.jpeg 155w, https:\/\/www.riemumielen.fi\/wp-content\/uploads\/2025\/01\/IMG_3348.jpeg 2048w\" sizes=\"auto, (max-width: 1024px) 100vw, 1024px\" \/><\/figure>\n\n\n\n<figure class=\"wp-block-image size-large\"><img loading=\"lazy\" decoding=\"async\" width=\"1024\" height=\"768\" data-id=\"13838\" src=\"https:\/\/www.riemumielen.fi\/wp-content\/uploads\/2025\/01\/IMG_3513-1024x768.jpeg\" alt=\"\" class=\"wp-image-13838\" srcset=\"https:\/\/www.riemumielen.fi\/wp-content\/uploads\/2025\/01\/IMG_3513-1024x768.jpeg 1024w, https:\/\/www.riemumielen.fi\/wp-content\/uploads\/2025\/01\/IMG_3513-300x225.jpeg 300w, https:\/\/www.riemumielen.fi\/wp-content\/uploads\/2025\/01\/IMG_3513-768x576.jpeg 768w, https:\/\/www.riemumielen.fi\/wp-content\/uploads\/2025\/01\/IMG_3513-1536x1152.jpeg 1536w, https:\/\/www.riemumielen.fi\/wp-content\/uploads\/2025\/01\/IMG_3513-155x116.jpeg 155w, https:\/\/www.riemumielen.fi\/wp-content\/uploads\/2025\/01\/IMG_3513.jpeg 2048w\" sizes=\"auto, (max-width: 1024px) 100vw, 1024px\" \/><\/figure>\n\n\n\n<figure class=\"wp-block-image size-large\"><img loading=\"lazy\" decoding=\"async\" width=\"1024\" height=\"768\" data-id=\"13840\" src=\"https:\/\/www.riemumielen.fi\/wp-content\/uploads\/2025\/01\/IMG_3643-1024x768.jpeg\" alt=\"\" class=\"wp-image-13840\" srcset=\"https:\/\/www.riemumielen.fi\/wp-content\/uploads\/2025\/01\/IMG_3643-1024x768.jpeg 1024w, https:\/\/www.riemumielen.fi\/wp-content\/uploads\/2025\/01\/IMG_3643-300x225.jpeg 300w, https:\/\/www.riemumielen.fi\/wp-content\/uploads\/2025\/01\/IMG_3643-768x576.jpeg 768w, https:\/\/www.riemumielen.fi\/wp-content\/uploads\/2025\/01\/IMG_3643-1536x1152.jpeg 1536w, https:\/\/www.riemumielen.fi\/wp-content\/uploads\/2025\/01\/IMG_3643-155x116.jpeg 155w, https:\/\/www.riemumielen.fi\/wp-content\/uploads\/2025\/01\/IMG_3643.jpeg 2048w\" sizes=\"auto, (max-width: 1024px) 100vw, 1024px\" \/><\/figure>\n<\/figure>\n\n\n\n<h3 class=\"wp-block-heading\">Valokuvia Nikist\u00e4 ja Eniasta<\/h3>\n\n\n\n<figure class=\"wp-block-gallery has-nested-images columns-default is-cropped wp-block-gallery-4 is-layout-flex wp-block-gallery-is-layout-flex\">\n<figure class=\"wp-block-image size-large\"><img loading=\"lazy\" decoding=\"async\" width=\"1024\" height=\"853\" data-id=\"13868\" src=\"https:\/\/www.riemumielen.fi\/wp-content\/uploads\/2025\/01\/Niki-2023-1-1024x853.jpg\" alt=\"\" class=\"wp-image-13868\" srcset=\"https:\/\/www.riemumielen.fi\/wp-content\/uploads\/2025\/01\/Niki-2023-1-1024x853.jpg 1024w, https:\/\/www.riemumielen.fi\/wp-content\/uploads\/2025\/01\/Niki-2023-1-300x250.jpg 300w, https:\/\/www.riemumielen.fi\/wp-content\/uploads\/2025\/01\/Niki-2023-1-768x640.jpg 768w, https:\/\/www.riemumielen.fi\/wp-content\/uploads\/2025\/01\/Niki-2023-1-1536x1280.jpg 1536w, https:\/\/www.riemumielen.fi\/wp-content\/uploads\/2025\/01\/Niki-2023-1-139x116.jpg 139w, https:\/\/www.riemumielen.fi\/wp-content\/uploads\/2025\/01\/Niki-2023-1.jpg 2048w\" sizes=\"auto, (max-width: 1024px) 100vw, 1024px\" \/><figcaption class=\"wp-element-caption\">Niki<br>Kuva: Sari T\u00e4hk\u00e4p\u00e4\u00e4<\/figcaption><\/figure>\n\n\n\n<figure class=\"wp-block-image size-large\"><img loading=\"lazy\" decoding=\"async\" width=\"1024\" height=\"752\" data-id=\"13869\" src=\"https:\/\/www.riemumielen.fi\/wp-content\/uploads\/2025\/01\/Enia-2-vuotta-2024-1024x752.jpeg\" alt=\"\" class=\"wp-image-13869\" srcset=\"https:\/\/www.riemumielen.fi\/wp-content\/uploads\/2025\/01\/Enia-2-vuotta-2024-1024x752.jpeg 1024w, https:\/\/www.riemumielen.fi\/wp-content\/uploads\/2025\/01\/Enia-2-vuotta-2024-300x220.jpeg 300w, https:\/\/www.riemumielen.fi\/wp-content\/uploads\/2025\/01\/Enia-2-vuotta-2024-768x564.jpeg 768w, https:\/\/www.riemumielen.fi\/wp-content\/uploads\/2025\/01\/Enia-2-vuotta-2024-158x116.jpeg 158w, https:\/\/www.riemumielen.fi\/wp-content\/uploads\/2025\/01\/Enia-2-vuotta-2024.jpeg 1282w\" sizes=\"auto, (max-width: 1024px) 100vw, 1024px\" \/><figcaption class=\"wp-element-caption\">Enia<br>Kuva: Mira M\u00e4kynen<\/figcaption><\/figure>\n<\/figure>\n\n\n\n<p><\/p>\n\n\n\n<figure class=\"wp-block-gallery has-nested-images columns-default is-cropped wp-block-gallery-5 is-layout-flex wp-block-gallery-is-layout-flex\">\n<figure class=\"wp-block-image size-large\"><img loading=\"lazy\" decoding=\"async\" width=\"796\" height=\"1024\" data-id=\"13871\" src=\"https:\/\/www.riemumielen.fi\/wp-content\/uploads\/2025\/01\/Niki-paakuva-2023-796x1024.jpg\" alt=\"\" class=\"wp-image-13871\" srcset=\"https:\/\/www.riemumielen.fi\/wp-content\/uploads\/2025\/01\/Niki-paakuva-2023-796x1024.jpg 796w, https:\/\/www.riemumielen.fi\/wp-content\/uploads\/2025\/01\/Niki-paakuva-2023-233x300.jpg 233w, https:\/\/www.riemumielen.fi\/wp-content\/uploads\/2025\/01\/Niki-paakuva-2023-768x988.jpg 768w, https:\/\/www.riemumielen.fi\/wp-content\/uploads\/2025\/01\/Niki-paakuva-2023-1194x1536.jpg 1194w, https:\/\/www.riemumielen.fi\/wp-content\/uploads\/2025\/01\/Niki-paakuva-2023-90x116.jpg 90w, https:\/\/www.riemumielen.fi\/wp-content\/uploads\/2025\/01\/Niki-paakuva-2023.jpg 1592w\" sizes=\"auto, (max-width: 796px) 100vw, 796px\" \/><figcaption class=\"wp-element-caption\">Niki<br>Kuva: Sari T\u00e4hk\u00e4p\u00e4\u00e4<\/figcaption><\/figure>\n\n\n\n<figure class=\"wp-block-image size-large\"><img loading=\"lazy\" decoding=\"async\" width=\"673\" height=\"1024\" data-id=\"13870\" src=\"https:\/\/www.riemumielen.fi\/wp-content\/uploads\/2025\/01\/Enia-10-kk-673x1024.jpg\" alt=\"\" class=\"wp-image-13870\" srcset=\"https:\/\/www.riemumielen.fi\/wp-content\/uploads\/2025\/01\/Enia-10-kk-673x1024.jpg 673w, https:\/\/www.riemumielen.fi\/wp-content\/uploads\/2025\/01\/Enia-10-kk-197x300.jpg 197w, https:\/\/www.riemumielen.fi\/wp-content\/uploads\/2025\/01\/Enia-10-kk-768x1168.jpg 768w, https:\/\/www.riemumielen.fi\/wp-content\/uploads\/2025\/01\/Enia-10-kk-76x116.jpg 76w, https:\/\/www.riemumielen.fi\/wp-content\/uploads\/2025\/01\/Enia-10-kk.jpg 1010w\" sizes=\"auto, (max-width: 673px) 100vw, 673px\" \/><figcaption class=\"wp-element-caption\">Enia<br>Kuva: Minna Granholm<\/figcaption><\/figure>\n<\/figure>\n\n\n\n<p><strong>uros:<\/strong><br><a href=\"https:\/\/jalostus.kennelliitto.fi\/frmKoira.aspx?RekNo=FI12851\/20&amp;R=156\" target=\"_blank\" rel=\"noreferrer noopener\">Dark Dynasty&#8217;s Soul Saving Mozart<\/a> (Niki)<\/p>\n\n\n\n<p>i. Saruskan Soul Man<br>e. AGI-A1 AGI-H1 FI &#038; EE MVA FI VMVA Dark Dynasty&#8217;s Ebony Empress<\/p>\n\n\n\n<p>Kyyn\u00e4rnivel 0\/0<br>Lonkat B\/B<br>Silm\u00e4t pentuna CRD \/ aikuisena CEA vapaa<br>geenitestit: DM normaali<br>n\u00e4yttelyt NUO EH1<\/p>\n\n\n\n<p><strong>narttu:<\/strong><br><a href=\"https:\/\/jalostus.kennelliitto.fi\/frmKoira.aspx?RekNo=FI43478%2F22&amp;R=156\" target=\"_blank\" rel=\"noreferrer noopener\">PAIM-T Riemumielen Ihmeellinen Illusia<\/a> (Enia)<\/p>\n\n\n\n<p>i. BH&nbsp;RH-TV&nbsp;RTK1 Twilight Moon Plainly Perfect<br>e. PAIM-T RTK3 Goldentroll&#8217;s Song Of Ice And Fire<\/p>\n\n\n\n<p>Kyyn\u00e4rnivel: 0\/0<br>Lonkat: B\/B<br>silm\u00e4t: pentuna CEA vapaa \/ aikuisena CEA vapaa, PPM iiris-iiris<br>selk\u00e4 VA0 LTV1<br>geenitestit:<br>CEA sairas<br>MDR1 kantaja<br>DM normaali<br>Merle v\u00e4ritys (m-lokus): m\/m &#8211; ei merle<br>n\u00e4yttelyt: JUN ERI2 SA<\/p>\n\n\n\n<p>harrastukset: PAIM-T hyv\u00e4ksytty paimennustaipumuskoe, rally-toko<\/p>\n","protected":false},"excerpt":{"rendered":"<p>PENTUE S. 13.11.2024 is\u00e4: Dark Dynasty\u2019s Soul Saving Mozart&nbsp;(Niki) em\u00e4: PAIM-T Riemumielen Ihmeellinen Illusia&nbsp;(Enia) Enian ja Nikin pennut syntyiv\u00e4t 13.11.2024. Pentueessa on 4 tytt\u00f6\u00e4, joista 1 soopeli ja 3 tricolouria. Lis\u00e4ksi syntyi yksi enkelipentu, jonka voimat eiv\u00e4t riitt\u00e4neet. Enia oli meill\u00e4 sijoituksessa ja hain sen meille Keravalle l\u00e4hestyv\u00e4\u00e4 synnytyst\u00e4 varten noin puolitoista viikkoa ennen laskettua [&hellip;]<\/p>\n","protected":false},"author":1,"featured_media":13841,"parent":0,"menu_order":0,"comment_status":"closed","ping_status":"closed","template":"","meta":{"_exactmetrics_skip_tracking":false,"_exactmetrics_sitenote_active":false,"_exactmetrics_sitenote_note":"","_exactmetrics_sitenote_category":0,"footnotes":""},"class_list":["post-13825","page","type-page","status-publish","has-post-thumbnail","hentry"],"_links":{"self":[{"href":"https:\/\/www.riemumielen.fi\/en\/wp-json\/wp\/v2\/pages\/13825","targetHints":{"allow":["GET"]}}],"collection":[{"href":"https:\/\/www.riemumielen.fi\/en\/wp-json\/wp\/v2\/pages"}],"about":[{"href":"https:\/\/www.riemumielen.fi\/en\/wp-json\/wp\/v2\/types\/page"}],"author":[{"embeddable":true,"href":"https:\/\/www.riemumielen.fi\/en\/wp-json\/wp\/v2\/users\/1"}],"replies":[{"embeddable":true,"href":"https:\/\/www.riemumielen.fi\/en\/wp-json\/wp\/v2\/comments?post=13825"}],"version-history":[{"count":33,"href":"https:\/\/www.riemumielen.fi\/en\/wp-json\/wp\/v2\/pages\/13825\/revisions"}],"predecessor-version":[{"id":14468,"href":"https:\/\/www.riemumielen.fi\/en\/wp-json\/wp\/v2\/pages\/13825\/revisions\/14468"}],"wp:featuredmedia":[{"embeddable":true,"href":"https:\/\/www.riemumielen.fi\/en\/wp-json\/wp\/v2\/media\/13841"}],"wp:attachment":[{"href":"https:\/\/www.riemumielen.fi\/en\/wp-json\/wp\/v2\/media?parent=13825"}],"curies":[{"name":"wp","href":"https:\/\/api.w.org\/{rel}","templated":true}]}}