{"id":12792,"date":"2022-07-18T16:00:59","date_gmt":"2022-07-18T13:00:59","guid":{"rendered":"https:\/\/www.riemumielen.fi\/?page_id=12792"},"modified":"2026-04-22T12:47:11","modified_gmt":"2026-04-22T09:47:11","slug":"sijoituskoiramme","status":"publish","type":"page","link":"https:\/\/www.riemumielen.fi\/en\/sijoituskoiramme\/","title":{"rendered":"Sijoituskoiramme"},"content":{"rendered":"\n<p>L\u00f6yd\u00e4t t\u00e4lt\u00e4 sivulta sijoituksessa olevat koiramme. Sijoituksessa ovat seuraavat pitk\u00e4karvaiset colliet:<\/p>\n\n\n\n<p><a href=\"https:\/\/www.riemumielen.fi\/nita\/\">NITA<\/a>, Riemumielen Figaron Kaunis Morsian<\/p>\n\n\n\n<h3 class=\"wp-block-heading\">Mik\u00e4 on sijoituskoira?<\/h3>\n\n\n\n<p>Sijoituskoira on koirankasvatuksessa k\u00e4ytetty termi, jolla tarkoitetaan koiran kauppaa, jossa omistajuus siirtyy kasvattajalta ostajalle sen j\u00e4lkeen, kun koiralla on teetetty pentue sovittujen ehtojen mukaisesti. Koiran sijoituksessa jalostusoikeus j\u00e4\u00e4 kasvattajalle ja koiran hallintaoikeus siirtyy vastaanottajalle.<\/p>\n\n\n\n<p>Sijoituskoira on tyypillisesti lupaava koira, josta kasvattaja toivoo kasvatusty\u00f6lleen jatkoa. Kasvattaja voi pyyt\u00e4\u00e4 sijoituskoirasta vakuusmaksun, jonka h\u00e4n palauttaa vastaanottajalle, jos koiraa k\u00e4ytet\u00e4\u00e4n jalostukseen.&nbsp;Suomen Kennelliiton&nbsp;s\u00e4\u00e4nt\u00f6jen mukaan vakuusmaksu saa olla korkeintaan puolet pennun hinnasta.<\/p>\n\n\n\n<p>Sijoitussopimus on usean vuoden pituinen ja se vaatii kasvattajan ja ostajan puolesta enemm\u00e4n tai v\u00e4hemm\u00e4n tiiviist\u00e4 yhteisty\u00f6t\u00e4 t\u00e4m\u00e4n ajan.<\/p>\n\n\n\n<h4 class=\"wp-block-heading\">Lue lis\u00e4\u00e4 sijoituskoirista<\/h4>\n\n\n\n<p><a href=\"https:\/\/www.hankikoira.fi\/koiran-hankinta\/mika-on-sijoituskoira\" target=\"_blank\" rel=\"noopener\">Mik\u00e4 on sijoituskoira? | Hankikoira<\/a><\/p>\n","protected":false},"excerpt":{"rendered":"<p>L\u00f6yd\u00e4t t\u00e4lt\u00e4 sivulta sijoituksessa olevat koiramme. Sijoituksessa ovat seuraavat pitk\u00e4karvaiset colliet: NITA, Riemumielen Figaron Kaunis Morsian Mik\u00e4 on sijoituskoira? Sijoituskoira on koirankasvatuksessa k\u00e4ytetty termi, jolla tarkoitetaan koiran kauppaa, jossa omistajuus siirtyy kasvattajalta ostajalle sen j\u00e4lkeen, kun koiralla on teetetty pentue sovittujen ehtojen mukaisesti. Koiran sijoituksessa jalostusoikeus j\u00e4\u00e4 kasvattajalle ja koiran hallintaoikeus siirtyy vastaanottajalle. Sijoituskoira on [&hellip;]<\/p>\n","protected":false},"author":1,"featured_media":0,"parent":0,"menu_order":0,"comment_status":"closed","ping_status":"closed","template":"","meta":{"_exactmetrics_skip_tracking":false,"_exactmetrics_sitenote_active":false,"_exactmetrics_sitenote_note":"","_exactmetrics_sitenote_category":0,"footnotes":""},"class_list":["post-12792","page","type-page","status-publish","hentry"],"_links":{"self":[{"href":"https:\/\/www.riemumielen.fi\/en\/wp-json\/wp\/v2\/pages\/12792","targetHints":{"allow":["GET"]}}],"collection":[{"href":"https:\/\/www.riemumielen.fi\/en\/wp-json\/wp\/v2\/pages"}],"about":[{"href":"https:\/\/www.riemumielen.fi\/en\/wp-json\/wp\/v2\/types\/page"}],"author":[{"embeddable":true,"href":"https:\/\/www.riemumielen.fi\/en\/wp-json\/wp\/v2\/users\/1"}],"replies":[{"embeddable":true,"href":"https:\/\/www.riemumielen.fi\/en\/wp-json\/wp\/v2\/comments?post=12792"}],"version-history":[{"count":12,"href":"https:\/\/www.riemumielen.fi\/en\/wp-json\/wp\/v2\/pages\/12792\/revisions"}],"predecessor-version":[{"id":14466,"href":"https:\/\/www.riemumielen.fi\/en\/wp-json\/wp\/v2\/pages\/12792\/revisions\/14466"}],"wp:attachment":[{"href":"https:\/\/www.riemumielen.fi\/en\/wp-json\/wp\/v2\/media?parent=12792"}],"curies":[{"name":"wp","href":"https:\/\/api.w.org\/{rel}","templated":true}]}}