{"id":12774,"date":"2022-07-18T16:01:17","date_gmt":"2022-07-18T13:01:17","guid":{"rendered":"https:\/\/www.riemumielen.fi\/?page_id=12774"},"modified":"2022-09-19T11:13:34","modified_gmt":"2022-09-19T08:13:34","slug":"riemumielen-4-pentue","status":"publish","type":"page","link":"https:\/\/www.riemumielen.fi\/en\/pentueet\/riemumielen-4-pentue\/","title":{"rendered":"Riemumielen 4. pentue: Ihmeellinen Illusia"},"content":{"rendered":"\n<h3 class=\"wp-block-heading\">PENTUE S. 8.7.2022<\/h3>\n\n\n\n<p>is\u00e4: BH RH-T V RTK1 <a rel=\"noreferrer noopener\" href=\"https:\/\/jalostus.kennelliitto.fi\/frmKoira.aspx?RekNo=FI32618\/16&amp;R=156\" target=\"_blank\">Twilight Moon Plainly Perfect &#8220;Ferro&#8221;<\/a><\/p>\n\n\n\n<p>em\u00e4: PAIM-T RTK3 <a href=\"https:\/\/www.riemumielen.fi\/koiramme\/sansa\/\" data-type=\"page\" data-id=\"186\" target=\"_blank\" rel=\"noreferrer noopener\">Goldentroll&#8217;s Song Of Ice And Fire &#8220;Sansa&#8221;<\/a><\/p>\n\n\n\n<p>Sansalle ja Ferrolle syntyi 8.7.2022 yksi soopelinv\u00e4rinen narttupentu tiineysvuorokautena 61. Pennun virallinen nimi on Riemumielen Ihmeellinen Illusia ja kutsumanimi Enia. Toinen narttupentu syntyi valitettavasti menehtyneen\u00e4.<\/p>\n\n\n\n<p>Pentu kasvoi Sansa-em\u00e4n eritt\u00e4in hyv\u00e4ss\u00e4 hoivassa ja sosiaalistettiin huolella. El\u00e4inl\u00e4\u00e4k\u00e4ri Elina Pietil\u00e4 (Malmin Apex) mikrosirutti, pentutarkasti ja tutki pennun silm\u00e4terveeksi 6 viikon i\u00e4ss\u00e4. Pentu liittyi 7 viikon i\u00e4ss\u00e4 Mira M\u00e4kysen laumaan sijoituskoirana.<\/p>\n\n\n\n<figure class=\"wp-block-gallery has-nested-images columns-default is-cropped wp-block-gallery-1 is-layout-flex wp-block-gallery-is-layout-flex\">\n<figure class=\"wp-block-image size-large\"><img data-recalc-dims=\"1\" loading=\"lazy\" decoding=\"async\" width=\"640\" height=\"839\" data-attachment-id=\"11887\" data-permalink=\"https:\/\/www.riemumielen.fi\/en\/pentueet\/sansan-ja-ferron-pentueen-kuulumiset-osa-1\/attachment\/img_7007-1\/\" data-orig-file=\"https:\/\/i0.wp.com\/www.riemumielen.fi\/wp-content\/uploads\/2022\/05\/IMG_7007-1.jpeg?fit=1233%2C1617&amp;ssl=1\" data-orig-size=\"1233,1617\" data-comments-opened=\"1\" data-image-meta=\"{&quot;aperture&quot;:&quot;1.8&quot;,&quot;credit&quot;:&quot;&quot;,&quot;camera&quot;:&quot;iPhone XR&quot;,&quot;caption&quot;:&quot;&quot;,&quot;created_timestamp&quot;:&quot;1651997464&quot;,&quot;copyright&quot;:&quot;&quot;,&quot;focal_length&quot;:&quot;4.25&quot;,&quot;iso&quot;:&quot;25&quot;,&quot;shutter_speed&quot;:&quot;0.0010775862068966&quot;,&quot;title&quot;:&quot;&quot;,&quot;orientation&quot;:&quot;1&quot;}\" data-image-title=\"Sansa ja Ferro\" data-image-description=\"\" data-image-caption=\"\" data-medium-file=\"https:\/\/i0.wp.com\/www.riemumielen.fi\/wp-content\/uploads\/2022\/05\/IMG_7007-1.jpeg?fit=229%2C300&amp;ssl=1\" data-large-file=\"https:\/\/i0.wp.com\/www.riemumielen.fi\/wp-content\/uploads\/2022\/05\/IMG_7007-1.jpeg?fit=640%2C839&amp;ssl=1\" data-id=\"11887\" src=\"https:\/\/i0.wp.com\/www.riemumielen.fi\/wp-content\/uploads\/2022\/05\/IMG_7007-1.jpeg?resize=640%2C839&#038;ssl=1\" alt=\"\" class=\"wp-image-11887\" srcset=\"https:\/\/i0.wp.com\/www.riemumielen.fi\/wp-content\/uploads\/2022\/05\/IMG_7007-1.jpeg?w=1233&amp;ssl=1 1233w, https:\/\/i0.wp.com\/www.riemumielen.fi\/wp-content\/uploads\/2022\/05\/IMG_7007-1.jpeg?resize=229%2C300&amp;ssl=1 229w, https:\/\/i0.wp.com\/www.riemumielen.fi\/wp-content\/uploads\/2022\/05\/IMG_7007-1.jpeg?resize=781%2C1024&amp;ssl=1 781w, https:\/\/i0.wp.com\/www.riemumielen.fi\/wp-content\/uploads\/2022\/05\/IMG_7007-1.jpeg?resize=768%2C1007&amp;ssl=1 768w, https:\/\/i0.wp.com\/www.riemumielen.fi\/wp-content\/uploads\/2022\/05\/IMG_7007-1.jpeg?resize=1171%2C1536&amp;ssl=1 1171w, https:\/\/i0.wp.com\/www.riemumielen.fi\/wp-content\/uploads\/2022\/05\/IMG_7007-1.jpeg?resize=88%2C116&amp;ssl=1 88w\" sizes=\"auto, (max-width: 640px) 100vw, 640px\" \/><figcaption>Sansan ja Ferron &#8220;h\u00e4\u00e4kuva&#8221;<\/figcaption><\/figure>\n\n\n\n<figure class=\"wp-block-image size-large\"><img data-recalc-dims=\"1\" loading=\"lazy\" decoding=\"async\" width=\"640\" height=\"480\" data-attachment-id=\"12685\" data-permalink=\"https:\/\/www.riemumielen.fi\/en\/pentueet\/sansan-ja-ferron-pentueen-kuulumiset-osa-3-syntyma\/attachment\/img_7490\/\" data-orig-file=\"https:\/\/i0.wp.com\/www.riemumielen.fi\/wp-content\/uploads\/2022\/07\/IMG_7490.jpeg?fit=2048%2C1536&amp;ssl=1\" data-orig-size=\"2048,1536\" data-comments-opened=\"1\" data-image-meta=\"{&quot;aperture&quot;:&quot;1.8&quot;,&quot;credit&quot;:&quot;&quot;,&quot;camera&quot;:&quot;iPhone XR&quot;,&quot;caption&quot;:&quot;&quot;,&quot;created_timestamp&quot;:&quot;1657716040&quot;,&quot;copyright&quot;:&quot;&quot;,&quot;focal_length&quot;:&quot;4.25&quot;,&quot;iso&quot;:&quot;640&quot;,&quot;shutter_speed&quot;:&quot;0.04&quot;,&quot;title&quot;:&quot;&quot;,&quot;orientation&quot;:&quot;1&quot;}\" data-image-title=\"IMG_7490\" data-image-description=\"\" data-image-caption=\"\" data-medium-file=\"https:\/\/i0.wp.com\/www.riemumielen.fi\/wp-content\/uploads\/2022\/07\/IMG_7490.jpeg?fit=300%2C225&amp;ssl=1\" data-large-file=\"https:\/\/i0.wp.com\/www.riemumielen.fi\/wp-content\/uploads\/2022\/07\/IMG_7490.jpeg?fit=640%2C480&amp;ssl=1\" data-id=\"12685\" src=\"https:\/\/i0.wp.com\/www.riemumielen.fi\/wp-content\/uploads\/2022\/07\/IMG_7490.jpeg?resize=640%2C480&#038;ssl=1\" alt=\"\" class=\"wp-image-12685\" srcset=\"https:\/\/i0.wp.com\/www.riemumielen.fi\/wp-content\/uploads\/2022\/07\/IMG_7490.jpeg?w=2048&amp;ssl=1 2048w, https:\/\/i0.wp.com\/www.riemumielen.fi\/wp-content\/uploads\/2022\/07\/IMG_7490.jpeg?resize=300%2C225&amp;ssl=1 300w, https:\/\/i0.wp.com\/www.riemumielen.fi\/wp-content\/uploads\/2022\/07\/IMG_7490.jpeg?resize=1024%2C768&amp;ssl=1 1024w, https:\/\/i0.wp.com\/www.riemumielen.fi\/wp-content\/uploads\/2022\/07\/IMG_7490.jpeg?resize=768%2C576&amp;ssl=1 768w, https:\/\/i0.wp.com\/www.riemumielen.fi\/wp-content\/uploads\/2022\/07\/IMG_7490.jpeg?resize=1536%2C1152&amp;ssl=1 1536w, https:\/\/i0.wp.com\/www.riemumielen.fi\/wp-content\/uploads\/2022\/07\/IMG_7490.jpeg?resize=155%2C116&amp;ssl=1 155w, https:\/\/i0.wp.com\/www.riemumielen.fi\/wp-content\/uploads\/2022\/07\/IMG_7490.jpeg?w=1280&amp;ssl=1 1280w, https:\/\/i0.wp.com\/www.riemumielen.fi\/wp-content\/uploads\/2022\/07\/IMG_7490.jpeg?w=1920&amp;ssl=1 1920w\" sizes=\"auto, (max-width: 640px) 100vw, 640px\" \/><figcaption>Sansa ja 5 vrk ik\u00e4inen tytt\u00f6pentu<\/figcaption><\/figure>\n\n\n\n<figure class=\"wp-block-image size-large\"><img data-recalc-dims=\"1\" loading=\"lazy\" decoding=\"async\" width=\"640\" height=\"480\" data-attachment-id=\"12689\" data-permalink=\"https:\/\/www.riemumielen.fi\/en\/pentueet\/sansan-ja-ferron-pentueen-kuulumiset-osa-3-syntyma\/attachment\/img_7487\/\" data-orig-file=\"https:\/\/i0.wp.com\/www.riemumielen.fi\/wp-content\/uploads\/2022\/07\/IMG_7487.jpeg?fit=2048%2C1536&amp;ssl=1\" data-orig-size=\"2048,1536\" data-comments-opened=\"1\" data-image-meta=\"{&quot;aperture&quot;:&quot;1.8&quot;,&quot;credit&quot;:&quot;&quot;,&quot;camera&quot;:&quot;iPhone XR&quot;,&quot;caption&quot;:&quot;&quot;,&quot;created_timestamp&quot;:&quot;1657716026&quot;,&quot;copyright&quot;:&quot;&quot;,&quot;focal_length&quot;:&quot;4.25&quot;,&quot;iso&quot;:&quot;640&quot;,&quot;shutter_speed&quot;:&quot;0.04&quot;,&quot;title&quot;:&quot;&quot;,&quot;orientation&quot;:&quot;1&quot;}\" data-image-title=\"IMG_7487\" data-image-description=\"\" data-image-caption=\"\" data-medium-file=\"https:\/\/i0.wp.com\/www.riemumielen.fi\/wp-content\/uploads\/2022\/07\/IMG_7487.jpeg?fit=300%2C225&amp;ssl=1\" data-large-file=\"https:\/\/i0.wp.com\/www.riemumielen.fi\/wp-content\/uploads\/2022\/07\/IMG_7487.jpeg?fit=640%2C480&amp;ssl=1\" data-id=\"12689\" src=\"https:\/\/i0.wp.com\/www.riemumielen.fi\/wp-content\/uploads\/2022\/07\/IMG_7487.jpeg?resize=640%2C480&#038;ssl=1\" alt=\"\" class=\"wp-image-12689\" srcset=\"https:\/\/i0.wp.com\/www.riemumielen.fi\/wp-content\/uploads\/2022\/07\/IMG_7487.jpeg?w=2048&amp;ssl=1 2048w, https:\/\/i0.wp.com\/www.riemumielen.fi\/wp-content\/uploads\/2022\/07\/IMG_7487.jpeg?resize=300%2C225&amp;ssl=1 300w, https:\/\/i0.wp.com\/www.riemumielen.fi\/wp-content\/uploads\/2022\/07\/IMG_7487.jpeg?resize=1024%2C768&amp;ssl=1 1024w, https:\/\/i0.wp.com\/www.riemumielen.fi\/wp-content\/uploads\/2022\/07\/IMG_7487.jpeg?resize=768%2C576&amp;ssl=1 768w, https:\/\/i0.wp.com\/www.riemumielen.fi\/wp-content\/uploads\/2022\/07\/IMG_7487.jpeg?resize=1536%2C1152&amp;ssl=1 1536w, https:\/\/i0.wp.com\/www.riemumielen.fi\/wp-content\/uploads\/2022\/07\/IMG_7487.jpeg?resize=155%2C116&amp;ssl=1 155w, https:\/\/i0.wp.com\/www.riemumielen.fi\/wp-content\/uploads\/2022\/07\/IMG_7487.jpeg?w=1280&amp;ssl=1 1280w, https:\/\/i0.wp.com\/www.riemumielen.fi\/wp-content\/uploads\/2022\/07\/IMG_7487.jpeg?w=1920&amp;ssl=1 1920w\" sizes=\"auto, (max-width: 640px) 100vw, 640px\" \/><figcaption>Sansa ja 5 vrk ik\u00e4inen tytt\u00f6pentu<\/figcaption><\/figure>\n<\/figure>\n\n\n\n<h3 class=\"wp-block-heading\">Kuulumiset blogissa<\/h3>\n\n\n\n<p><strong>Pentueen kuulumisia Riemumielen blogissa:<\/strong><\/p>\n\n\n\n<p><a href=\"https:\/\/www.riemumielen.fi\/pentueet\/sansan-ja-ferron-pentueen-kuulumiset-osa-1\/\">Sansan ja Ferron pentueen kuulumiset osa 1: astutus<\/a><\/p>\n\n\n\n<p><a href=\"https:\/\/www.riemumielen.fi\/pentueet\/sansan-ja-ferron-pentueen-kuulumiset-osa-2-tiineysultra\/\">Sansan ja Ferron pentueen kuulumiset osa 2: tiineysultra<\/a><\/p>\n\n\n\n<p><a href=\"https:\/\/www.riemumielen.fi\/pentueet\/sansan-ja-ferron-pentueen-kuulumiset-osa-3-syntyma\/\">Sansan ja Ferron pentueen kuulumiset osa 3: syntym\u00e4<\/a><\/p>\n\n\n\n<p><a href=\"https:\/\/www.riemumielen.fi\/pentueet\/sansan-ja-ferron-pentueen-kuulumiset-osa-4-pentulaatikosta-luovutusikaan\/\">Sansan ja Ferron pentueen kuulumiset osa 4: pentulaatikosta luovutusik\u00e4\u00e4n<\/a><\/p>\n\n\n\n<figure class=\"wp-block-table is-style-stripes\"><table><tbody><tr><td><strong>Virallinen nimi ja kutsumanimi<\/strong><\/td><td><strong>V\u00e4ri<\/strong><\/td><td><strong>Sukupuoli<\/strong><\/td><td><strong>Terveys<\/strong><\/td><td><strong>Muuta<\/strong><\/td><\/tr><tr><td>Riemumielen Ihmeellinen Illusia eli Enia<\/td><td>soopeli<\/td><td>narttu<\/td><td>silm\u00e4terve<\/td><td><\/td><\/tr><\/tbody><\/table><\/figure>\n\n\n\n<figure class=\"wp-block-gallery has-nested-images columns-default is-cropped wp-block-gallery-2 is-layout-flex wp-block-gallery-is-layout-flex\">\n<figure class=\"wp-block-image size-large\"><img data-recalc-dims=\"1\" loading=\"lazy\" decoding=\"async\" width=\"640\" height=\"804\" data-attachment-id=\"12908\" data-permalink=\"https:\/\/www.riemumielen.fi\/en\/pentueet\/sansan-ja-ferron-pentueen-kuulumiset-osa-4-pentulaatikosta-luovutusikaan\/attachment\/enia-6-vkoa\/\" data-orig-file=\"https:\/\/i0.wp.com\/www.riemumielen.fi\/wp-content\/uploads\/2022\/08\/Enia-6-vkoa.jpg?fit=1630%2C2048&amp;ssl=1\" data-orig-size=\"1630,2048\" data-comments-opened=\"1\" data-image-meta=\"{&quot;aperture&quot;:&quot;0&quot;,&quot;credit&quot;:&quot;&quot;,&quot;camera&quot;:&quot;&quot;,&quot;caption&quot;:&quot;&quot;,&quot;created_timestamp&quot;:&quot;0&quot;,&quot;copyright&quot;:&quot;&quot;,&quot;focal_length&quot;:&quot;0&quot;,&quot;iso&quot;:&quot;0&quot;,&quot;shutter_speed&quot;:&quot;0&quot;,&quot;title&quot;:&quot;&quot;,&quot;orientation&quot;:&quot;0&quot;}\" data-image-title=\"Enia-6-vkoa\" data-image-description=\"\" data-image-caption=\"\" data-medium-file=\"https:\/\/i0.wp.com\/www.riemumielen.fi\/wp-content\/uploads\/2022\/08\/Enia-6-vkoa.jpg?fit=239%2C300&amp;ssl=1\" data-large-file=\"https:\/\/i0.wp.com\/www.riemumielen.fi\/wp-content\/uploads\/2022\/08\/Enia-6-vkoa.jpg?fit=640%2C804&amp;ssl=1\" data-id=\"12908\" src=\"https:\/\/i0.wp.com\/www.riemumielen.fi\/wp-content\/uploads\/2022\/08\/Enia-6-vkoa.jpg?resize=640%2C804&#038;ssl=1\" alt=\"\" class=\"wp-image-12908\" srcset=\"https:\/\/i0.wp.com\/www.riemumielen.fi\/wp-content\/uploads\/2022\/08\/Enia-6-vkoa.jpg?w=1630&amp;ssl=1 1630w, https:\/\/i0.wp.com\/www.riemumielen.fi\/wp-content\/uploads\/2022\/08\/Enia-6-vkoa.jpg?resize=239%2C300&amp;ssl=1 239w, https:\/\/i0.wp.com\/www.riemumielen.fi\/wp-content\/uploads\/2022\/08\/Enia-6-vkoa.jpg?resize=815%2C1024&amp;ssl=1 815w, https:\/\/i0.wp.com\/www.riemumielen.fi\/wp-content\/uploads\/2022\/08\/Enia-6-vkoa.jpg?resize=768%2C965&amp;ssl=1 768w, https:\/\/i0.wp.com\/www.riemumielen.fi\/wp-content\/uploads\/2022\/08\/Enia-6-vkoa.jpg?resize=1223%2C1536&amp;ssl=1 1223w, https:\/\/i0.wp.com\/www.riemumielen.fi\/wp-content\/uploads\/2022\/08\/Enia-6-vkoa.jpg?resize=92%2C116&amp;ssl=1 92w, https:\/\/i0.wp.com\/www.riemumielen.fi\/wp-content\/uploads\/2022\/08\/Enia-6-vkoa.jpg?w=1280&amp;ssl=1 1280w\" sizes=\"auto, (max-width: 640px) 100vw, 640px\" \/><\/figure>\n\n\n\n<figure class=\"wp-block-image size-large\"><img data-recalc-dims=\"1\" loading=\"lazy\" decoding=\"async\" width=\"640\" height=\"438\" data-attachment-id=\"12889\" data-permalink=\"https:\/\/www.riemumielen.fi\/en\/pentueet\/sansan-ja-ferron-pentueen-kuulumiset-osa-4-pentulaatikosta-luovutusikaan\/attachment\/enia-1\/\" data-orig-file=\"https:\/\/i0.wp.com\/www.riemumielen.fi\/wp-content\/uploads\/2022\/08\/Enia-1.jpg?fit=1000%2C685&amp;ssl=1\" data-orig-size=\"1000,685\" data-comments-opened=\"1\" data-image-meta=\"{&quot;aperture&quot;:&quot;5&quot;,&quot;credit&quot;:&quot;&quot;,&quot;camera&quot;:&quot;NIKON D3100&quot;,&quot;caption&quot;:&quot;&quot;,&quot;created_timestamp&quot;:&quot;1661529856&quot;,&quot;copyright&quot;:&quot;&quot;,&quot;focal_length&quot;:&quot;26&quot;,&quot;iso&quot;:&quot;400&quot;,&quot;shutter_speed&quot;:&quot;0.01&quot;,&quot;title&quot;:&quot;&quot;,&quot;orientation&quot;:&quot;1&quot;}\" data-image-title=\"Enia-1\" data-image-description=\"\" data-image-caption=\"\" data-medium-file=\"https:\/\/i0.wp.com\/www.riemumielen.fi\/wp-content\/uploads\/2022\/08\/Enia-1.jpg?fit=300%2C206&amp;ssl=1\" data-large-file=\"https:\/\/i0.wp.com\/www.riemumielen.fi\/wp-content\/uploads\/2022\/08\/Enia-1.jpg?fit=640%2C438&amp;ssl=1\" data-id=\"12889\" src=\"https:\/\/i0.wp.com\/www.riemumielen.fi\/wp-content\/uploads\/2022\/08\/Enia-1.jpg?resize=640%2C438&#038;ssl=1\" alt=\"\" class=\"wp-image-12889\" srcset=\"https:\/\/i0.wp.com\/www.riemumielen.fi\/wp-content\/uploads\/2022\/08\/Enia-1.jpg?w=1000&amp;ssl=1 1000w, https:\/\/i0.wp.com\/www.riemumielen.fi\/wp-content\/uploads\/2022\/08\/Enia-1.jpg?resize=300%2C206&amp;ssl=1 300w, https:\/\/i0.wp.com\/www.riemumielen.fi\/wp-content\/uploads\/2022\/08\/Enia-1.jpg?resize=768%2C526&amp;ssl=1 768w, https:\/\/i0.wp.com\/www.riemumielen.fi\/wp-content\/uploads\/2022\/08\/Enia-1.jpg?resize=169%2C116&amp;ssl=1 169w\" sizes=\"auto, (max-width: 640px) 100vw, 640px\" \/><\/figure>\n<\/figure>\n","protected":false},"excerpt":{"rendered":"<p>PENTUE S. 8.7.2022 is\u00e4: BH RH-T V RTK1 Twilight Moon Plainly Perfect &#8220;Ferro&#8221; em\u00e4: PAIM-T RTK3 Goldentroll&#8217;s Song Of Ice And Fire &#8220;Sansa&#8221; Sansalle ja Ferrolle syntyi 8.7.2022 yksi soopelinv\u00e4rinen narttupentu tiineysvuorokautena 61. Pennun virallinen nimi on Riemumielen Ihmeellinen Illusia ja kutsumanimi Enia. Toinen narttupentu syntyi valitettavasti menehtyneen\u00e4. Pentu kasvoi Sansa-em\u00e4n eritt\u00e4in hyv\u00e4ss\u00e4 hoivassa ja [&hellip;]<\/p>\n","protected":false},"author":1,"featured_media":12908,"parent":12,"menu_order":4,"comment_status":"closed","ping_status":"closed","template":"","meta":{"_exactmetrics_skip_tracking":false,"_exactmetrics_sitenote_active":false,"_exactmetrics_sitenote_note":"","_exactmetrics_sitenote_category":0,"jetpack_post_was_ever_published":false,"footnotes":""},"class_list":["post-12774","page","type-page","status-publish","has-post-thumbnail","hentry"],"jetpack-related-posts":[{"id":13825,"url":"https:\/\/www.riemumielen.fi\/en\/riemumielen-5-pentue-mozart\/","url_meta":{"origin":12774,"position":0},"title":"Riemumielen 5. pentue: Mozart","author":"Heidi Bechstein","date":"07.01.2025","format":false,"excerpt":"[:fi] PENTUE S. 13.11.2024 is\u00e4: Dark Dynasty\u2019s Soul Saving Mozart\u00a0(Niki) em\u00e4: PAIM-T Riemumielen Ihmeellinen Illusia\u00a0(Enia) Enian ja Nikin pennut syntyiv\u00e4t 13.11.2024. Pentueessa on 4 tytt\u00f6\u00e4, joista 1 soopeli ja 3 tricolouria. Lis\u00e4ksi syntyi yksi enkelipentu, jonka voimat eiv\u00e4t riitt\u00e4neet. Enia oli meill\u00e4 sijoituksessa ja hain sen meille Keravalle l\u00e4hestyv\u00e4\u00e4 synnytyst\u00e4\u2026","rel":"","context":"Similar post","block_context":{"text":"Similar post","link":""},"img":{"alt_text":"","src":"https:\/\/i0.wp.com\/www.riemumielen.fi\/wp-content\/uploads\/2025\/01\/IMG_3348.jpeg?fit=1200%2C900&ssl=1&resize=350%2C200","width":350,"height":200,"srcset":"https:\/\/i0.wp.com\/www.riemumielen.fi\/wp-content\/uploads\/2025\/01\/IMG_3348.jpeg?fit=1200%2C900&ssl=1&resize=350%2C200 1x, https:\/\/i0.wp.com\/www.riemumielen.fi\/wp-content\/uploads\/2025\/01\/IMG_3348.jpeg?fit=1200%2C900&ssl=1&resize=525%2C300 1.5x, https:\/\/i0.wp.com\/www.riemumielen.fi\/wp-content\/uploads\/2025\/01\/IMG_3348.jpeg?fit=1200%2C900&ssl=1&resize=700%2C400 2x, https:\/\/i0.wp.com\/www.riemumielen.fi\/wp-content\/uploads\/2025\/01\/IMG_3348.jpeg?fit=1200%2C900&ssl=1&resize=1050%2C600 3x"},"classes":[]},{"id":233,"url":"https:\/\/www.riemumielen.fi\/en\/pentueet\/riemumielen-3-pentue-game-of-thrones\/","url_meta":{"origin":12774,"position":1},"title":"Riemumielen 3. pentue: Game Of Thrones","author":"Heidi Bechstein","date":"26.10.2019","format":false,"excerpt":"[:fi] PENTUE S. 2.5.2019 is\u00e4: em\u00e4: Oceanbourn Guardian Of Islay \"Pablo\" PAIM-T RTK2 Goldentroll's Song Of Ice And Fire \"Sansa\" Sansalle ja Pablolle syntyi 6 tervett\u00e4 soopelipentua toukokuun alussa. Pennut syntyiv\u00e4t kantovuorokautena 61 luonnollisen astutuksen ja hyvin sujuneen kantoajan j\u00e4lkeen. Sansan synnytys kesti melko kauan pentujen suuren koon vuoksi ja\u2026","rel":"","context":"Similar post","block_context":{"text":"Similar post","link":""},"img":{"alt_text":"","src":"https:\/\/i0.wp.com\/www.riemumielen.fi\/wp-content\/uploads\/2019\/10\/Sansan-GOT-pennut.jpg?fit=960%2C720&ssl=1&resize=350%2C200","width":350,"height":200,"srcset":"https:\/\/i0.wp.com\/www.riemumielen.fi\/wp-content\/uploads\/2019\/10\/Sansan-GOT-pennut.jpg?fit=960%2C720&ssl=1&resize=350%2C200 1x, https:\/\/i0.wp.com\/www.riemumielen.fi\/wp-content\/uploads\/2019\/10\/Sansan-GOT-pennut.jpg?fit=960%2C720&ssl=1&resize=525%2C300 1.5x, https:\/\/i0.wp.com\/www.riemumielen.fi\/wp-content\/uploads\/2019\/10\/Sansan-GOT-pennut.jpg?fit=960%2C720&ssl=1&resize=700%2C400 2x"},"classes":[]},{"id":186,"url":"https:\/\/www.riemumielen.fi\/en\/koiramme\/sansa\/","url_meta":{"origin":12774,"position":2},"title":"SANSA","author":"Heidi Bechstein","date":"26.10.2019","format":false,"excerpt":"RTK3 PAIM-T GOLDENTROLL'S SONG OF ICE AND FIRE syntynyt: 23.8.2015 sukupuoli: narttukasvattaja: Maaret Peltovirta,kennel Goldentroll's pitk\u00e4karvainen collieKoiranet-linkki Lis\u00e4\u00e4 valokuvia Em\u00e4: Goldentroll's Fire Of The Sky (Mette)Is\u00e4: BH Maple Yard End Of Limits (Soolo) Kuvat: Hanna M\u00e4ntynen RTK3 PAIM-T Goldentroll's Song Of Ice And Fire Luonnekuvaus Soopelinv\u00e4rinen pitk\u00e4karvainen collie Sansa (RTK3\u2026","rel":"","context":"Similar post","block_context":{"text":"Similar post","link":""},"img":{"alt_text":"Goldentroll's Song Of Ice And Fire. Kuva Hanna M\u00e4ntynen","src":"https:\/\/i0.wp.com\/www.riemumielen.fi\/wp-content\/uploads\/2021\/10\/DSC_6253.jpg?fit=1200%2C801&ssl=1&resize=350%2C200","width":350,"height":200,"srcset":"https:\/\/i0.wp.com\/www.riemumielen.fi\/wp-content\/uploads\/2021\/10\/DSC_6253.jpg?fit=1200%2C801&ssl=1&resize=350%2C200 1x, https:\/\/i0.wp.com\/www.riemumielen.fi\/wp-content\/uploads\/2021\/10\/DSC_6253.jpg?fit=1200%2C801&ssl=1&resize=525%2C300 1.5x, https:\/\/i0.wp.com\/www.riemumielen.fi\/wp-content\/uploads\/2021\/10\/DSC_6253.jpg?fit=1200%2C801&ssl=1&resize=700%2C400 2x, https:\/\/i0.wp.com\/www.riemumielen.fi\/wp-content\/uploads\/2021\/10\/DSC_6253.jpg?fit=1200%2C801&ssl=1&resize=1050%2C600 3x"},"classes":[]},{"id":238,"url":"https:\/\/www.riemumielen.fi\/en\/pentueet\/riemumielen-2-pentue-hurjasudet\/","url_meta":{"origin":12774,"position":3},"title":"Riemumielen 2. pentue: Hurjasudet","author":"Heidi Bechstein","date":"26.10.2019","format":false,"excerpt":"PENTUE S. 22.12.2017 is\u00e4: em\u00e4: FI & SE & EE MVA JK3 TK1 BH Irokon Moonlight \"Rasti\" PAIM-T RTK2 Goldentroll's Song Of Ice And Fire \"Sansa\" Sansan ja Rastin yhdistelm\u00e4 laitettiin alulle Rasti-is\u00e4n ollessa jo yli 10 vuoden kyps\u00e4ss\u00e4 i\u00e4ss\u00e4. Sansa synnytti normaalisti 2 reipasta pentua odotusvuorokausilla 62. Pentueessa on\u2026","rel":"","context":"Similar post","block_context":{"text":"Similar post","link":""},"img":{"alt_text":"","src":"https:\/\/i0.wp.com\/www.riemumielen.fi\/wp-content\/uploads\/2019\/10\/2.pentue.jpg?fit=960%2C720&ssl=1&resize=350%2C200","width":350,"height":200,"srcset":"https:\/\/i0.wp.com\/www.riemumielen.fi\/wp-content\/uploads\/2019\/10\/2.pentue.jpg?fit=960%2C720&ssl=1&resize=350%2C200 1x, https:\/\/i0.wp.com\/www.riemumielen.fi\/wp-content\/uploads\/2019\/10\/2.pentue.jpg?fit=960%2C720&ssl=1&resize=525%2C300 1.5x, https:\/\/i0.wp.com\/www.riemumielen.fi\/wp-content\/uploads\/2019\/10\/2.pentue.jpg?fit=960%2C720&ssl=1&resize=700%2C400 2x"},"classes":[]},{"id":252,"url":"https:\/\/www.riemumielen.fi\/en\/pentuja\/","url_meta":{"origin":12774,"position":4},"title":"Pentuja","author":"Heidi Bechstein","date":"27.10.2019","format":false,"excerpt":"[:fi] Pentuja P\u00e4ivitys 14.4.2026 Suunnitelmissa loppuvuosi 2026 tai alkuvuosi 2027 \ud83d\udc99 FI CH Riemumielen Hurjausi Kuunvalossa (Routa)\u2764\ufe0f C.I.B.-J FI JCH LT & EE & FI CH RTK1 PAIM\u2011T HeJW\u201124 Crofter\u2019s Only Walking On Sunshine (Lilibet) Yhdistelm\u00e4 KoiraNetiss\u00e4 Pitk\u00e4\u00e4n harkittu ja huolella suunniteltu yhdistelm\u00e4. Lilibetin ensimm\u00e4isen pentueen is\u00e4ksi valikoitui oma 8\u2011vuotias\u2026","rel":"","context":"Similar post","block_context":{"text":"Similar post","link":""},"img":{"alt_text":"","src":"https:\/\/i0.wp.com\/www.riemumielen.fi\/wp-content\/uploads\/2019\/10\/bechstein-nettikuva-091.jpg?fit=1200%2C801&ssl=1&resize=350%2C200","width":350,"height":200,"srcset":"https:\/\/i0.wp.com\/www.riemumielen.fi\/wp-content\/uploads\/2019\/10\/bechstein-nettikuva-091.jpg?fit=1200%2C801&ssl=1&resize=350%2C200 1x, https:\/\/i0.wp.com\/www.riemumielen.fi\/wp-content\/uploads\/2019\/10\/bechstein-nettikuva-091.jpg?fit=1200%2C801&ssl=1&resize=525%2C300 1.5x, https:\/\/i0.wp.com\/www.riemumielen.fi\/wp-content\/uploads\/2019\/10\/bechstein-nettikuva-091.jpg?fit=1200%2C801&ssl=1&resize=700%2C400 2x, https:\/\/i0.wp.com\/www.riemumielen.fi\/wp-content\/uploads\/2019\/10\/bechstein-nettikuva-091.jpg?fit=1200%2C801&ssl=1&resize=1050%2C600 3x"},"classes":[]},{"id":12864,"url":"https:\/\/www.riemumielen.fi\/en\/enia\/","url_meta":{"origin":12774,"position":5},"title":"ENIA","author":"Heidi Bechstein","date":"26.08.2022","format":false,"excerpt":"[:fi] PAIM-T Riemumielen Ihmeellinen Illusia syntynyt: 8.7.2022sukupuoli: narttu Koiranet-linkki kasvattaja: Riemumielen kennel, Heidi Bechsteinomistaja: Awapik\u2019s kennel, Mira M\u00e4kynen, Kurikka Em\u00e4:\u00a0RTK3 PAIM-T Goldentroll\u2019s Song Of Ice And Fire\u00a0(Sansa)Is\u00e4:\u00a0Twilight Moon Plainly Perfect (Ferro) Kuva: Minna Granholm Enia 7-viikkoisena 2022 Enia 7-viikkoisena 2022 em\u00e4: SANSARTK3 PAIM-T Goldentroll\u2019s Song Of Ice And Fire\u00a0 is\u00e4:\u2026","rel":"","context":"Similar post","block_context":{"text":"Similar post","link":""},"img":{"alt_text":"","src":"https:\/\/i0.wp.com\/www.riemumielen.fi\/wp-content\/uploads\/2023\/06\/Enia.jpg?fit=1200%2C956&ssl=1&resize=350%2C200","width":350,"height":200,"srcset":"https:\/\/i0.wp.com\/www.riemumielen.fi\/wp-content\/uploads\/2023\/06\/Enia.jpg?fit=1200%2C956&ssl=1&resize=350%2C200 1x, https:\/\/i0.wp.com\/www.riemumielen.fi\/wp-content\/uploads\/2023\/06\/Enia.jpg?fit=1200%2C956&ssl=1&resize=525%2C300 1.5x, https:\/\/i0.wp.com\/www.riemumielen.fi\/wp-content\/uploads\/2023\/06\/Enia.jpg?fit=1200%2C956&ssl=1&resize=700%2C400 2x, https:\/\/i0.wp.com\/www.riemumielen.fi\/wp-content\/uploads\/2023\/06\/Enia.jpg?fit=1200%2C956&ssl=1&resize=1050%2C600 3x"},"classes":[]}],"jetpack_sharing_enabled":true,"jetpack_likes_enabled":true,"_links":{"self":[{"href":"https:\/\/www.riemumielen.fi\/en\/wp-json\/wp\/v2\/pages\/12774","targetHints":{"allow":["GET"]}}],"collection":[{"href":"https:\/\/www.riemumielen.fi\/en\/wp-json\/wp\/v2\/pages"}],"about":[{"href":"https:\/\/www.riemumielen.fi\/en\/wp-json\/wp\/v2\/types\/page"}],"author":[{"embeddable":true,"href":"https:\/\/www.riemumielen.fi\/en\/wp-json\/wp\/v2\/users\/1"}],"replies":[{"embeddable":true,"href":"https:\/\/www.riemumielen.fi\/en\/wp-json\/wp\/v2\/comments?post=12774"}],"version-history":[{"count":18,"href":"https:\/\/www.riemumielen.fi\/en\/wp-json\/wp\/v2\/pages\/12774\/revisions"}],"predecessor-version":[{"id":13020,"href":"https:\/\/www.riemumielen.fi\/en\/wp-json\/wp\/v2\/pages\/12774\/revisions\/13020"}],"up":[{"embeddable":true,"href":"https:\/\/www.riemumielen.fi\/en\/wp-json\/wp\/v2\/pages\/12"}],"wp:featuredmedia":[{"embeddable":true,"href":"https:\/\/www.riemumielen.fi\/en\/wp-json\/wp\/v2\/media\/12908"}],"wp:attachment":[{"href":"https:\/\/www.riemumielen.fi\/en\/wp-json\/wp\/v2\/media?parent=12774"}],"curies":[{"name":"wp","href":"https:\/\/api.w.org\/{rel}","templated":true}]}}