{"id":12385,"date":"2022-06-22T10:42:32","date_gmt":"2022-06-22T07:42:32","guid":{"rendered":"https:\/\/www.riemumielen.fi\/?page_id=12385"},"modified":"2022-06-22T11:15:53","modified_gmt":"2022-06-22T08:15:53","slug":"linkkeja","status":"publish","type":"page","link":"https:\/\/www.riemumielen.fi\/en\/linkkeja\/","title":{"rendered":"Linkkej\u00e4"},"content":{"rendered":"\n<h4 class=\"wp-block-heading\">Rotuyhdistys<\/h4>\n\n\n\n<p><a href=\"https:\/\/www.scy.fi\/\" target=\"_blank\" rel=\"noreferrer noopener\">Suomen Collieyhdistys ry \/ Finlands Collief\u00f6rening rf (scy.fi)<\/a><br><a href=\"https:\/\/scy.pedigreedatabaseonline.com\/fi\/\" target=\"_blank\" rel=\"noopener\">Suomen Collieyhdistys ry Tietokanta Pedigree Database<\/a><\/p>\n\n\n\n<h4 class=\"wp-block-heading\">Tietoa collieista<\/h4>\n\n\n\n<p><a href=\"https:\/\/www.kennelliitto.fi\/files\/pitkakarvainen-skotlanninpaimenkoira-pitkakarvainen-collie\" target=\"_blank\" rel=\"noreferrer noopener\"><\/a><a href=\"https:\/\/www.hankikoira.fi\/koirarodut\/collie-pitkakarvainen\" target=\"_blank\" rel=\"noreferrer noopener\">Collie, pitk\u00e4karvainen | Hankikoira<\/a><br><a href=\"https:\/\/www.kennelliitto.fi\/files\/pitkakarvainen-skotlanninpaimenkoira-pitkakarvainen-collie\" target=\"_blank\" rel=\"noreferrer noopener\">Rotum\u00e4\u00e4ritelm\u00e4: pitkakarvainen-skotlanninpaimenkoira-pitkakarvainen-collie (kennelliitto.fi)<\/a><br><a href=\"https:\/\/jalostus.kennelliitto.fi\/RotuPDF.ashx?R=156&amp;T=2\" target=\"_blank\" rel=\"noreferrer noopener\">Jalostuksen tavoiteohjelma: Pitk\u00e4karvainen collie 2019\u20132023<\/a><br><a href=\"https:\/\/bin.yhdistysavain.fi\/1602227\/JPxDcunUQ0311Kux5lTZ0WS3FZ\/Minulleko%20collie%20v2.pdf\" target=\"_blank\" rel=\"noreferrer noopener\">Minulleko collie: Ohjeita pennunostajalle ja rotua harkitsevalle<\/a><\/p>\n\n\n\n<h4 class=\"wp-block-heading\">Collieiden pentusivustot<\/h4>\n\n\n\n<p><a href=\"https:\/\/pehkot.haukotus.net\/\" target=\"_blank\" rel=\"noreferrer noopener\">Pehkot: Pitk\u00e4karvaisen collien pentuja Suomessa (haukotus.net)<\/a><br><a href=\"https:\/\/pupsit.haukotus.net\/\" target=\"_blank\" rel=\"noreferrer noopener\">Pupsit: Sile\u00e4karvaisen collien pentuja Suomessa (haukotus.net)<\/a><br><a href=\"https:\/\/pentulista.kennelliitto.fi\/\" target=\"_blank\" rel=\"noreferrer noopener\">Pentulista &#8211; Pentulista (kennelliitto.fi)<\/a><br><a href=\"https:\/\/www.scy.fi\/collie\/ala-osta-paperitonta-pentua\/\" target=\"_blank\" rel=\"noreferrer noopener\">\u00c4l\u00e4 osta paperitonta pentua | Suomen Collieyhdistys ry \/ Finlands Collief\u00f6rening rf (scy.fi)<\/a><\/p>\n\n\n\n<h4 class=\"wp-block-heading\">Kennelliitto<\/h4>\n\n\n\n<p><a href=\"https:\/\/www.kennelliitto.fi\/\" target=\"_blank\" rel=\"noreferrer noopener\">Kennelliitto &#8211; Hyv\u00e4\u00e4 el\u00e4m\u00e4\u00e4 koiran kanssa | Suomen Kennelliitto<\/a><br><a href=\"https:\/\/jalostus.kennelliitto.fi\/\" target=\"_blank\" rel=\"noreferrer noopener\">KoiraNet-jalostustietoj\u00e4rjestelm\u00e4 (kennelliitto.fi)<\/a><\/p>\n\n\n\n<h4 class=\"wp-block-heading\">Koiraharrastukset<\/h4>\n\n\n\n<p><a href=\"https:\/\/www.palveluskoiraliitto.fi\/\" target=\"_blank\" rel=\"noreferrer noopener\">Suomen Palveluskoiraliitto<\/a><br><a href=\"https:\/\/pelastuskoiraliitto.fi\/\" target=\"_blank\" rel=\"noreferrer noopener\">Suomen Pelastuskoiraliitto<\/a><br><a href=\"http:\/\/www.rally-toko.fi\/sivusto\/\" target=\"_blank\" rel=\"noreferrer noopener\">Rally-Tokoyhdistys ry<\/a><br><a href=\"http:\/\/www.agilityliitto.fi\/\" target=\"_blank\" rel=\"noreferrer noopener\">Agilityliitto.fi<\/a><br><a href=\"https:\/\/www.vul.fi\/\" target=\"_blank\" rel=\"noreferrer noopener\">Suomen Valjakkourheilijoiden liitto ry (vul.fi)<\/a><br><a href=\"https:\/\/www.nwf.fi\/\" target=\"_blank\" rel=\"noreferrer noopener\">Nose Work Finland ry (nwf.fi)<\/a><br><a href=\"http:\/\/paimennuskollegio.weebly.com\/\" target=\"_blank\" rel=\"noreferrer noopener\">Paimennuskollegion tiedotussivut &#8211; Information pages of The Finnish Herding Committee &#8211; Suomen Kennelliiton Paimennuskollegion tiedotussivut (weebly.com)<\/a><\/p>\n\n\n\n<h4 class=\"wp-block-heading\">Collieiden n\u00e4yttelykalenteri 2022<\/h4>\n\n\n\n<p><a href=\"https:\/\/www.scy.fi\/jasenille\/nayttelykalenteri\/\" target=\"_blank\" rel=\"noopener\">N\u00e4yttelykalenteri | Suomen Collieyhdistys ry \/ Finlands Collief\u00f6rening rf (scy.fi)<\/a><\/p>\n","protected":false},"excerpt":{"rendered":"<p>Rotuyhdistys Suomen Collieyhdistys ry \/ Finlands Collief\u00f6rening rf (scy.fi)Suomen Collieyhdistys ry Tietokanta Pedigree Database Tietoa collieista Collie, pitk\u00e4karvainen | HankikoiraRotum\u00e4\u00e4ritelm\u00e4: pitkakarvainen-skotlanninpaimenkoira-pitkakarvainen-collie (kennelliitto.fi)Jalostuksen tavoiteohjelma: Pitk\u00e4karvainen collie 2019\u20132023Minulleko collie: Ohjeita pennunostajalle ja rotua harkitsevalle Collieiden pentusivustot Pehkot: Pitk\u00e4karvaisen collien pentuja Suomessa (haukotus.net)Pupsit: Sile\u00e4karvaisen collien pentuja Suomessa (haukotus.net)Pentulista &#8211; Pentulista (kennelliitto.fi)\u00c4l\u00e4 osta paperitonta pentua | Suomen Collieyhdistys ry [&hellip;]<\/p>\n","protected":false},"author":1,"featured_media":0,"parent":0,"menu_order":0,"comment_status":"closed","ping_status":"closed","template":"","meta":{"_exactmetrics_skip_tracking":false,"_exactmetrics_sitenote_active":false,"_exactmetrics_sitenote_note":"","_exactmetrics_sitenote_category":0,"footnotes":""},"class_list":["post-12385","page","type-page","status-publish","hentry"],"_links":{"self":[{"href":"https:\/\/www.riemumielen.fi\/en\/wp-json\/wp\/v2\/pages\/12385","targetHints":{"allow":["GET"]}}],"collection":[{"href":"https:\/\/www.riemumielen.fi\/en\/wp-json\/wp\/v2\/pages"}],"about":[{"href":"https:\/\/www.riemumielen.fi\/en\/wp-json\/wp\/v2\/types\/page"}],"author":[{"embeddable":true,"href":"https:\/\/www.riemumielen.fi\/en\/wp-json\/wp\/v2\/users\/1"}],"replies":[{"embeddable":true,"href":"https:\/\/www.riemumielen.fi\/en\/wp-json\/wp\/v2\/comments?post=12385"}],"version-history":[{"count":14,"href":"https:\/\/www.riemumielen.fi\/en\/wp-json\/wp\/v2\/pages\/12385\/revisions"}],"predecessor-version":[{"id":12407,"href":"https:\/\/www.riemumielen.fi\/en\/wp-json\/wp\/v2\/pages\/12385\/revisions\/12407"}],"wp:attachment":[{"href":"https:\/\/www.riemumielen.fi\/en\/wp-json\/wp\/v2\/media?parent=12385"}],"curies":[{"name":"wp","href":"https:\/\/api.w.org\/{rel}","templated":true}]}}