{"id":12367,"date":"2022-06-21T19:08:07","date_gmt":"2022-06-21T16:08:07","guid":{"rendered":"https:\/\/www.riemumielen.fi\/?page_id=12367"},"modified":"2026-04-07T10:49:12","modified_gmt":"2026-04-07T07:49:12","slug":"jalostusuroksia","status":"publish","type":"page","link":"https:\/\/www.riemumielen.fi\/en\/jalostusuroksia\/","title":{"rendered":"Jalostusuroksia"},"content":{"rendered":"\n<p>Tiedusteltavissa harkitusti jalostukseen terveille ja hyv\u00e4luontoisille nartuille. <\/p>\n\n\n\n<p>Roudalle on syntynyt nelj\u00e4 pentuetta pitk\u00e4- ja sile\u00e4karvaisia collieita: Final Fantasy&#8217;s, Irokon, Lifedream ja Buxomin kenneleihin. Pentueet KoiraNet jalostustietoj\u00e4rjestelm\u00e4ss\u00e4: <a href=\"https:\/\/jalostus.kennelliitto.fi\/frmKoira.aspx?RekNo=FI13100%2F18&amp;R=156\" target=\"_blank\" rel=\"noreferrer noopener\">Roudan pentueet<\/a>.<\/p>\n\n\n\n<p><strong>FI MVA Riemumielen Hurjasusi Kuunvalossa<\/strong> (Routa)<br><a rel=\"noreferrer noopener\" href=\"https:\/\/jalostus.kennelliitto.fi\/frmKoira.aspx?RekNo=FI13100\/18&amp;R=156\" target=\"_blank\">KoiraNet<\/a><br>Pitk\u00e4karvainen collie, uros<br>syntym\u00e4aika: 22.12.2017<br>Em\u00e4: <a rel=\"noreferrer noopener\" href=\"https:\/\/jalostus.kennelliitto.fi\/frmKoira.aspx?RekNo=FI47123\/15&amp;R=156\" target=\"_blank\">RTK3 PAIM-T Goldentroll\u2019s Song Of Ice And Fire<\/a> (Sansa)<br>Is\u00e4: <a rel=\"noreferrer noopener\" href=\"https:\/\/jalostus.kennelliitto.fi\/frmKoira.aspx?RekNo=FIN27921\/07&amp;R=156\" target=\"_blank\">FI &#038; SE &#038; EE MVA JK3 TK1 BH Irokon Moonlight<\/a> (Rasti)<\/p>\n\n\n\n<p>omistaja: Karita Raitanen<\/p>\n\n\n\n<figure class=\"wp-block-gallery has-nested-images columns-2 is-cropped wp-block-gallery-1 is-layout-flex wp-block-gallery-is-layout-flex\">\n<figure class=\"wp-block-image size-large\"><img loading=\"lazy\" decoding=\"async\" width=\"850\" height=\"960\" data-id=\"12371\" src=\"https:\/\/www.riemumielen.fi\/wp-content\/uploads\/2022\/06\/Routa2.jpg\" alt=\"\" class=\"wp-image-12371\" srcset=\"https:\/\/www.riemumielen.fi\/wp-content\/uploads\/2022\/06\/Routa2.jpg 850w, https:\/\/www.riemumielen.fi\/wp-content\/uploads\/2022\/06\/Routa2-266x300.jpg 266w, https:\/\/www.riemumielen.fi\/wp-content\/uploads\/2022\/06\/Routa2-768x867.jpg 768w, https:\/\/www.riemumielen.fi\/wp-content\/uploads\/2022\/06\/Routa2-103x116.jpg 103w\" sizes=\"auto, (max-width: 850px) 100vw, 850px\" \/><\/figure>\n\n\n\n<figure class=\"wp-block-image size-large\"><img loading=\"lazy\" decoding=\"async\" width=\"799\" height=\"960\" data-id=\"12373\" src=\"https:\/\/www.riemumielen.fi\/wp-content\/uploads\/2022\/06\/Routa-3.jpg\" alt=\"\" class=\"wp-image-12373\" srcset=\"https:\/\/www.riemumielen.fi\/wp-content\/uploads\/2022\/06\/Routa-3.jpg 799w, https:\/\/www.riemumielen.fi\/wp-content\/uploads\/2022\/06\/Routa-3-250x300.jpg 250w, https:\/\/www.riemumielen.fi\/wp-content\/uploads\/2022\/06\/Routa-3-768x923.jpg 768w, https:\/\/www.riemumielen.fi\/wp-content\/uploads\/2022\/06\/Routa-3-97x116.jpg 97w\" sizes=\"auto, (max-width: 799px) 100vw, 799px\" \/><\/figure>\n\n\n\n<figure class=\"wp-block-image size-large\"><img loading=\"lazy\" decoding=\"async\" width=\"960\" height=\"640\" data-id=\"12372\" src=\"https:\/\/www.riemumielen.fi\/wp-content\/uploads\/2022\/06\/Routa.jpg\" alt=\"\" class=\"wp-image-12372\" srcset=\"https:\/\/www.riemumielen.fi\/wp-content\/uploads\/2022\/06\/Routa.jpg 960w, https:\/\/www.riemumielen.fi\/wp-content\/uploads\/2022\/06\/Routa-300x200.jpg 300w, https:\/\/www.riemumielen.fi\/wp-content\/uploads\/2022\/06\/Routa-768x512.jpg 768w, https:\/\/www.riemumielen.fi\/wp-content\/uploads\/2022\/06\/Routa-750x500.jpg 750w, https:\/\/www.riemumielen.fi\/wp-content\/uploads\/2022\/06\/Routa-174x116.jpg 174w\" sizes=\"auto, (max-width: 960px) 100vw, 960px\" \/><\/figure>\n\n\n\n<figure class=\"wp-block-image size-large\"><img loading=\"lazy\" decoding=\"async\" width=\"960\" height=\"640\" data-id=\"12374\" src=\"https:\/\/www.riemumielen.fi\/wp-content\/uploads\/2022\/06\/Routa-4.jpg\" alt=\"\" class=\"wp-image-12374\" srcset=\"https:\/\/www.riemumielen.fi\/wp-content\/uploads\/2022\/06\/Routa-4.jpg 960w, https:\/\/www.riemumielen.fi\/wp-content\/uploads\/2022\/06\/Routa-4-300x200.jpg 300w, https:\/\/www.riemumielen.fi\/wp-content\/uploads\/2022\/06\/Routa-4-768x512.jpg 768w, https:\/\/www.riemumielen.fi\/wp-content\/uploads\/2022\/06\/Routa-4-750x500.jpg 750w, https:\/\/www.riemumielen.fi\/wp-content\/uploads\/2022\/06\/Routa-4-174x116.jpg 174w\" sizes=\"auto, (max-width: 960px) 100vw, 960px\" \/><\/figure>\n<figcaption class=\"blocks-gallery-caption wp-element-caption\">Kuvat: Karita Raitanen<\/figcaption><\/figure>\n\n\n\n<h4 class=\"wp-block-heading\">TERVEYS<\/h4>\n\n\n\n<ul class=\"wp-block-list\">\n<li>silm\u00e4t: CEA vapaa pentuna ja aikuisena<\/li>\n\n\n\n<li>lonkat A\/B<\/li>\n\n\n\n<li>kyyn\u00e4rnivel 0\/0<\/li>\n<\/ul>\n\n\n\n<p><strong>Geenitestitulokset<\/strong><\/p>\n\n\n\n<ul class=\"wp-block-list\">\n<li>Collie eye anomaly, CEA: N\/N (terve)<\/li>\n\n\n\n<li>Degeneratiivinen myelopatia, DM: N\/N (terve)<\/li>\n\n\n\n<li>L\u00e4\u00e4keaineyliherkkyys, MDR1: +\/- (kantaja)<\/li>\n\n\n\n<li>Tulehduksellinen keuhkosairaus, IPD: N\/N (terve)<\/li>\n\n\n\n<li>A lokus (soopeli\/tricolour): Ay\/at<\/li>\n\n\n\n<li>M lokus: m\/m eli ei merle, normaali<\/li>\n\n\n\n<li>S lokus (valkotekij\u00e4isyys): S\/S<\/li>\n<\/ul>\n\n\n\n<h4 class=\"wp-block-heading\">N\u00c4YTTELYT<\/h4>\n\n\n\n<ul class=\"wp-block-list\">\n<li>Suomen muotovalio 2022<\/li>\n\n\n\n<li>JUN ERI PU2 SA SERT, tuomari Unto Timonen: <\/li>\n\n\n\n<li>NUO ERI PU1 SA ROP SERT, tuomari Jos Dekker<\/li>\n\n\n\n<li>AVO ERI PU2 SA SERT, tuomari Irina Poletaeva: &#8220;Oikea tyyppi. Urosmainen, erinomainen luusto. Erinomainen p\u00e4\u00e4 ja ilme. Oikea hampaisto. Liian avoin oikea korva. Erinomainen kaula ja yl\u00e4linja. Hyv\u00e4 h\u00e4nn\u00e4n asento. Erinomainen rintakeh\u00e4, hyv\u00e4t kulmaukset ja liikkeet. Oikea karvanlaatu.&#8221;<\/li>\n\n\n\n<li>VARA-SERT x 4<\/li>\n<\/ul>\n\n\n\n<figure class=\"wp-block-gallery has-nested-images columns-default is-cropped wp-block-gallery-2 is-layout-flex wp-block-gallery-is-layout-flex\">\n<figure class=\"wp-block-image size-large\"><img loading=\"lazy\" decoding=\"async\" width=\"1024\" height=\"683\" data-id=\"14382\" src=\"https:\/\/www.riemumielen.fi\/wp-content\/uploads\/2026\/04\/MG_8860-1024x683.jpg\" alt=\"\" class=\"wp-image-14382\" srcset=\"https:\/\/www.riemumielen.fi\/wp-content\/uploads\/2026\/04\/MG_8860-1024x683.jpg 1024w, https:\/\/www.riemumielen.fi\/wp-content\/uploads\/2026\/04\/MG_8860-300x200.jpg 300w, https:\/\/www.riemumielen.fi\/wp-content\/uploads\/2026\/04\/MG_8860-768x512.jpg 768w, https:\/\/www.riemumielen.fi\/wp-content\/uploads\/2026\/04\/MG_8860-1536x1024.jpg 1536w, https:\/\/www.riemumielen.fi\/wp-content\/uploads\/2026\/04\/MG_8860-scaled.jpg 2048w, https:\/\/www.riemumielen.fi\/wp-content\/uploads\/2026\/04\/MG_8860-750x500.jpg 750w, https:\/\/www.riemumielen.fi\/wp-content\/uploads\/2026\/04\/MG_8860-174x116.jpg 174w\" sizes=\"auto, (max-width: 1024px) 100vw, 1024px\" \/><\/figure>\n\n\n\n<figure class=\"wp-block-image size-large\"><img loading=\"lazy\" decoding=\"async\" width=\"1024\" height=\"683\" data-id=\"14388\" src=\"https:\/\/www.riemumielen.fi\/wp-content\/uploads\/2026\/04\/MG_8628-1024x683.jpg\" alt=\"\" class=\"wp-image-14388\" srcset=\"https:\/\/www.riemumielen.fi\/wp-content\/uploads\/2026\/04\/MG_8628-1024x683.jpg 1024w, https:\/\/www.riemumielen.fi\/wp-content\/uploads\/2026\/04\/MG_8628-300x200.jpg 300w, https:\/\/www.riemumielen.fi\/wp-content\/uploads\/2026\/04\/MG_8628-768x512.jpg 768w, https:\/\/www.riemumielen.fi\/wp-content\/uploads\/2026\/04\/MG_8628-1536x1024.jpg 1536w, https:\/\/www.riemumielen.fi\/wp-content\/uploads\/2026\/04\/MG_8628-scaled.jpg 2048w, https:\/\/www.riemumielen.fi\/wp-content\/uploads\/2026\/04\/MG_8628-750x500.jpg 750w, https:\/\/www.riemumielen.fi\/wp-content\/uploads\/2026\/04\/MG_8628-174x116.jpg 174w\" sizes=\"auto, (max-width: 1024px) 100vw, 1024px\" \/><\/figure>\n\n\n\n<figure class=\"wp-block-image size-large\"><img loading=\"lazy\" decoding=\"async\" width=\"1024\" height=\"683\" data-id=\"14384\" src=\"https:\/\/www.riemumielen.fi\/wp-content\/uploads\/2026\/04\/MG_8865-1024x683.jpg\" alt=\"\" class=\"wp-image-14384\" srcset=\"https:\/\/www.riemumielen.fi\/wp-content\/uploads\/2026\/04\/MG_8865-1024x683.jpg 1024w, https:\/\/www.riemumielen.fi\/wp-content\/uploads\/2026\/04\/MG_8865-300x200.jpg 300w, https:\/\/www.riemumielen.fi\/wp-content\/uploads\/2026\/04\/MG_8865-768x512.jpg 768w, https:\/\/www.riemumielen.fi\/wp-content\/uploads\/2026\/04\/MG_8865-1536x1024.jpg 1536w, https:\/\/www.riemumielen.fi\/wp-content\/uploads\/2026\/04\/MG_8865-scaled.jpg 2048w, https:\/\/www.riemumielen.fi\/wp-content\/uploads\/2026\/04\/MG_8865-750x500.jpg 750w, https:\/\/www.riemumielen.fi\/wp-content\/uploads\/2026\/04\/MG_8865-174x116.jpg 174w\" sizes=\"auto, (max-width: 1024px) 100vw, 1024px\" \/><\/figure>\n\n\n\n<figure class=\"wp-block-image size-large\"><img loading=\"lazy\" decoding=\"async\" width=\"1024\" height=\"683\" data-id=\"14383\" src=\"https:\/\/www.riemumielen.fi\/wp-content\/uploads\/2026\/04\/MG_8864-1-1024x683.jpg\" alt=\"\" class=\"wp-image-14383\" srcset=\"https:\/\/www.riemumielen.fi\/wp-content\/uploads\/2026\/04\/MG_8864-1-1024x683.jpg 1024w, https:\/\/www.riemumielen.fi\/wp-content\/uploads\/2026\/04\/MG_8864-1-300x200.jpg 300w, https:\/\/www.riemumielen.fi\/wp-content\/uploads\/2026\/04\/MG_8864-1-768x512.jpg 768w, https:\/\/www.riemumielen.fi\/wp-content\/uploads\/2026\/04\/MG_8864-1-1536x1024.jpg 1536w, https:\/\/www.riemumielen.fi\/wp-content\/uploads\/2026\/04\/MG_8864-1-scaled.jpg 2048w, https:\/\/www.riemumielen.fi\/wp-content\/uploads\/2026\/04\/MG_8864-1-750x500.jpg 750w, https:\/\/www.riemumielen.fi\/wp-content\/uploads\/2026\/04\/MG_8864-1-174x116.jpg 174w\" sizes=\"auto, (max-width: 1024px) 100vw, 1024px\" \/><\/figure>\n\n\n\n<figure class=\"wp-block-image size-large\"><img loading=\"lazy\" decoding=\"async\" width=\"1024\" height=\"683\" data-id=\"14381\" src=\"https:\/\/www.riemumielen.fi\/wp-content\/uploads\/2026\/04\/MG_8626-1024x683.jpg\" alt=\"\" class=\"wp-image-14381\" srcset=\"https:\/\/www.riemumielen.fi\/wp-content\/uploads\/2026\/04\/MG_8626-1024x683.jpg 1024w, https:\/\/www.riemumielen.fi\/wp-content\/uploads\/2026\/04\/MG_8626-300x200.jpg 300w, https:\/\/www.riemumielen.fi\/wp-content\/uploads\/2026\/04\/MG_8626-768x512.jpg 768w, https:\/\/www.riemumielen.fi\/wp-content\/uploads\/2026\/04\/MG_8626-1536x1024.jpg 1536w, https:\/\/www.riemumielen.fi\/wp-content\/uploads\/2026\/04\/MG_8626-scaled.jpg 2048w, https:\/\/www.riemumielen.fi\/wp-content\/uploads\/2026\/04\/MG_8626-750x500.jpg 750w, https:\/\/www.riemumielen.fi\/wp-content\/uploads\/2026\/04\/MG_8626-174x116.jpg 174w\" sizes=\"auto, (max-width: 1024px) 100vw, 1024px\" \/><\/figure>\n<figcaption class=\"blocks-gallery-caption wp-element-caption\">Kuvat: Terhi Pessi<\/figcaption><\/figure>\n\n\n\n<h4 class=\"wp-block-heading\">YHTEYDENOTOT<\/h4>\n\n\n\n<p>Omistaja: karitakukkola [AT] gmail [DOT] com<br>Kasvattaja: heidi [AT] bechste [DOT] in<\/p>\n\n\n\n<p><\/p>\n","protected":false},"excerpt":{"rendered":"<p>Tiedusteltavissa harkitusti jalostukseen terveille ja hyv\u00e4luontoisille nartuille. Roudalle on syntynyt nelj\u00e4 pentuetta pitk\u00e4- ja sile\u00e4karvaisia collieita: Final Fantasy&#8217;s, Irokon, Lifedream ja Buxomin kenneleihin. Pentueet KoiraNet jalostustietoj\u00e4rjestelm\u00e4ss\u00e4: Roudan pentueet. FI MVA Riemumielen Hurjasusi Kuunvalossa (Routa)KoiraNetPitk\u00e4karvainen collie, urossyntym\u00e4aika: 22.12.2017Em\u00e4: RTK3 PAIM-T Goldentroll\u2019s Song Of Ice And Fire (Sansa)Is\u00e4: FI &#038; SE &#038; EE MVA JK3 TK1 BH [&hellip;]<\/p>\n","protected":false},"author":1,"featured_media":8652,"parent":0,"menu_order":0,"comment_status":"closed","ping_status":"closed","template":"","meta":{"_exactmetrics_skip_tracking":false,"_exactmetrics_sitenote_active":false,"_exactmetrics_sitenote_note":"","_exactmetrics_sitenote_category":0,"footnotes":""},"class_list":["post-12367","page","type-page","status-publish","has-post-thumbnail","hentry"],"_links":{"self":[{"href":"https:\/\/www.riemumielen.fi\/en\/wp-json\/wp\/v2\/pages\/12367","targetHints":{"allow":["GET"]}}],"collection":[{"href":"https:\/\/www.riemumielen.fi\/en\/wp-json\/wp\/v2\/pages"}],"about":[{"href":"https:\/\/www.riemumielen.fi\/en\/wp-json\/wp\/v2\/types\/page"}],"author":[{"embeddable":true,"href":"https:\/\/www.riemumielen.fi\/en\/wp-json\/wp\/v2\/users\/1"}],"replies":[{"embeddable":true,"href":"https:\/\/www.riemumielen.fi\/en\/wp-json\/wp\/v2\/comments?post=12367"}],"version-history":[{"count":16,"href":"https:\/\/www.riemumielen.fi\/en\/wp-json\/wp\/v2\/pages\/12367\/revisions"}],"predecessor-version":[{"id":14390,"href":"https:\/\/www.riemumielen.fi\/en\/wp-json\/wp\/v2\/pages\/12367\/revisions\/14390"}],"wp:featuredmedia":[{"embeddable":true,"href":"https:\/\/www.riemumielen.fi\/en\/wp-json\/wp\/v2\/media\/8652"}],"wp:attachment":[{"href":"https:\/\/www.riemumielen.fi\/en\/wp-json\/wp\/v2\/media?parent=12367"}],"curies":[{"name":"wp","href":"https:\/\/api.w.org\/{rel}","templated":true}]}}