{"id":110,"date":"2019-10-26T18:31:17","date_gmt":"2019-10-26T18:31:17","guid":{"rendered":"http:\/\/www.bechste.in\/riemumielen\/?page_id=110"},"modified":"2022-06-28T15:17:45","modified_gmt":"2022-06-28T12:17:45","slug":"fiona","status":"publish","type":"page","link":"https:\/\/www.riemumielen.fi\/en\/koiramme\/fiona\/","title":{"rendered":"FIONA"},"content":{"rendered":"\n<h3 class=\"wp-block-heading\">RTK1 ARTTULAN \u00d6ILI TULIRUUSU<\/h3>\n\n\n\n<div class=\"wp-block-columns has-2-columns is-layout-flex wp-container-core-columns-is-layout-9d6595d7 wp-block-columns-is-layout-flex\">\n<div class=\"wp-block-column is-layout-flow wp-block-column-is-layout-flow\">\n<p>syntynyt: 2.2.2011  <br>sukupuoli: narttu<br>kasvattaja: Sirpa Laakso,&nbsp;<br><a rel=\"noreferrer noopener\" href=\"http:\/\/www.arttulan.com\/\" target=\"_blank\">kennel Arttulan<\/a><\/p>\n<\/div>\n\n\n\n<div class=\"wp-block-column is-layout-flow wp-block-column-is-layout-flow\">\n<p class=\"has-text-align-right\"> pitk\u00e4karvainen collie<\/p>\n\n\n\n<p class=\"has-text-align-right\"><a aria-label=\" (opens in a new tab)\" rel=\"noreferrer noopener\" href=\"http:\/\/jalostus.kennelliitto.fi\/frmKoira.aspx?RekNo=FI19427\/11&amp;R=156\" target=\"_blank\">Koiranet-linkki<\/a><a rel=\"noreferrer noopener\" href=\"http:\/\/picasaweb.google.com\/105810407984016085501\/?gsessionid=sxCzz7kAVahw-VmcCzOS0Q\" target=\"_blank\"><br>Lis\u00e4\u00e4 valokuvia<\/a><\/p>\n<\/div>\n<\/div>\n\n\n\n<p>Em\u00e4: <a href=\"https:\/\/jalostus.kennelliitto.fi\/frmKoira.aspx?RekNo=FI19427\/11&amp;R=156\" target=\"_blank\" rel=\"noreferrer noopener\">Arttulan Rentun Ruusun<\/a> (Kiki)<br>Is\u00e4: <a href=\"https:\/\/jalostus.kennelliitto.fi\/frmKoira.aspx?RekNo=FIN49704%2F06\" target=\"_blank\" rel=\"noreferrer noopener\">Glasgowhills Love Me Tender<\/a> (Baxter)<\/p>\n\n\n\n<figure class=\"wp-block-gallery has-nested-images columns-2 is-cropped wp-block-gallery-1 is-layout-flex wp-block-gallery-is-layout-flex\">\n<figure class=\"wp-block-image size-large\"><a href=\"https:\/\/www.riemumielen.fi\/wp-content\/uploads\/2019\/10\/Kata-ja-Fiona-5.7.2015.jpg\"><img loading=\"lazy\" decoding=\"async\" width=\"912\" height=\"685\" data-id=\"457\" src=\"https:\/\/www.riemumielen.fi\/wp-content\/uploads\/2019\/10\/Kata-ja-Fiona-5.7.2015.jpg\" alt=\"\" class=\"wp-image-457\" srcset=\"https:\/\/www.riemumielen.fi\/wp-content\/uploads\/2019\/10\/Kata-ja-Fiona-5.7.2015.jpg 912w, https:\/\/www.riemumielen.fi\/wp-content\/uploads\/2019\/10\/Kata-ja-Fiona-5.7.2015-300x225.jpg 300w, https:\/\/www.riemumielen.fi\/wp-content\/uploads\/2019\/10\/Kata-ja-Fiona-5.7.2015-768x577.jpg 768w\" sizes=\"auto, (max-width: 912px) 100vw, 912px\" \/><\/a><\/figure>\n\n\n\n<figure class=\"wp-block-image size-large\"><a href=\"https:\/\/www.riemumielen.fi\/wp-content\/uploads\/2020\/10\/Fiona-Arttulan-Oili-Tuliruusu2.jpg\"><img loading=\"lazy\" decoding=\"async\" width=\"1024\" height=\"684\" data-id=\"4356\" src=\"https:\/\/www.riemumielen.fi\/wp-content\/uploads\/2020\/10\/Fiona-Arttulan-Oili-Tuliruusu2.jpg\" alt=\"\" class=\"wp-image-4356\" srcset=\"https:\/\/www.riemumielen.fi\/wp-content\/uploads\/2020\/10\/Fiona-Arttulan-Oili-Tuliruusu2.jpg 1024w, https:\/\/www.riemumielen.fi\/wp-content\/uploads\/2020\/10\/Fiona-Arttulan-Oili-Tuliruusu2-300x200.jpg 300w, https:\/\/www.riemumielen.fi\/wp-content\/uploads\/2020\/10\/Fiona-Arttulan-Oili-Tuliruusu2-768x513.jpg 768w, https:\/\/www.riemumielen.fi\/wp-content\/uploads\/2020\/10\/Fiona-Arttulan-Oili-Tuliruusu2-750x500.jpg 750w, https:\/\/www.riemumielen.fi\/wp-content\/uploads\/2020\/10\/Fiona-Arttulan-Oili-Tuliruusu2-174x116.jpg 174w\" sizes=\"auto, (max-width: 1024px) 100vw, 1024px\" \/><\/a><\/figure>\n\n\n\n<figure class=\"wp-block-image size-large\"><a href=\"https:\/\/www.riemumielen.fi\/wp-content\/uploads\/2020\/10\/Fiona-Arttulan-Oili-Tuliruusu3.jpg\"><img loading=\"lazy\" decoding=\"async\" width=\"1024\" height=\"684\" data-id=\"4357\" src=\"https:\/\/www.riemumielen.fi\/wp-content\/uploads\/2020\/10\/Fiona-Arttulan-Oili-Tuliruusu3.jpg\" alt=\"\" class=\"wp-image-4357\" srcset=\"https:\/\/www.riemumielen.fi\/wp-content\/uploads\/2020\/10\/Fiona-Arttulan-Oili-Tuliruusu3.jpg 1024w, https:\/\/www.riemumielen.fi\/wp-content\/uploads\/2020\/10\/Fiona-Arttulan-Oili-Tuliruusu3-300x200.jpg 300w, https:\/\/www.riemumielen.fi\/wp-content\/uploads\/2020\/10\/Fiona-Arttulan-Oili-Tuliruusu3-768x513.jpg 768w, https:\/\/www.riemumielen.fi\/wp-content\/uploads\/2020\/10\/Fiona-Arttulan-Oili-Tuliruusu3-750x500.jpg 750w, https:\/\/www.riemumielen.fi\/wp-content\/uploads\/2020\/10\/Fiona-Arttulan-Oili-Tuliruusu3-174x116.jpg 174w\" sizes=\"auto, (max-width: 1024px) 100vw, 1024px\" \/><\/a><\/figure>\n\n\n\n<figure class=\"wp-block-image size-large\"><a href=\"https:\/\/www.riemumielen.fi\/wp-content\/uploads\/2020\/10\/Fiona-Arttulan-Oili-Tuliruusu4.jpg\"><img loading=\"lazy\" decoding=\"async\" width=\"1024\" height=\"684\" data-id=\"4358\" src=\"https:\/\/www.riemumielen.fi\/wp-content\/uploads\/2020\/10\/Fiona-Arttulan-Oili-Tuliruusu4.jpg\" alt=\"\" class=\"wp-image-4358\" srcset=\"https:\/\/www.riemumielen.fi\/wp-content\/uploads\/2020\/10\/Fiona-Arttulan-Oili-Tuliruusu4.jpg 1024w, https:\/\/www.riemumielen.fi\/wp-content\/uploads\/2020\/10\/Fiona-Arttulan-Oili-Tuliruusu4-300x200.jpg 300w, https:\/\/www.riemumielen.fi\/wp-content\/uploads\/2020\/10\/Fiona-Arttulan-Oili-Tuliruusu4-768x513.jpg 768w, https:\/\/www.riemumielen.fi\/wp-content\/uploads\/2020\/10\/Fiona-Arttulan-Oili-Tuliruusu4-750x500.jpg 750w, https:\/\/www.riemumielen.fi\/wp-content\/uploads\/2020\/10\/Fiona-Arttulan-Oili-Tuliruusu4-174x116.jpg 174w\" sizes=\"auto, (max-width: 1024px) 100vw, 1024px\" \/><\/a><\/figure>\n\n\n\n<figure class=\"wp-block-image size-large\"><a href=\"https:\/\/www.riemumielen.fi\/wp-content\/uploads\/2020\/10\/Fiona-Arttulan-Oili-Tuliruusu.jpg\"><img loading=\"lazy\" decoding=\"async\" width=\"1024\" height=\"684\" data-id=\"4355\" src=\"https:\/\/www.riemumielen.fi\/wp-content\/uploads\/2020\/10\/Fiona-Arttulan-Oili-Tuliruusu.jpg\" alt=\"\" class=\"wp-image-4355\" srcset=\"https:\/\/www.riemumielen.fi\/wp-content\/uploads\/2020\/10\/Fiona-Arttulan-Oili-Tuliruusu.jpg 1024w, https:\/\/www.riemumielen.fi\/wp-content\/uploads\/2020\/10\/Fiona-Arttulan-Oili-Tuliruusu-300x200.jpg 300w, https:\/\/www.riemumielen.fi\/wp-content\/uploads\/2020\/10\/Fiona-Arttulan-Oili-Tuliruusu-768x513.jpg 768w, https:\/\/www.riemumielen.fi\/wp-content\/uploads\/2020\/10\/Fiona-Arttulan-Oili-Tuliruusu-750x500.jpg 750w, https:\/\/www.riemumielen.fi\/wp-content\/uploads\/2020\/10\/Fiona-Arttulan-Oili-Tuliruusu-174x116.jpg 174w\" sizes=\"auto, (max-width: 1024px) 100vw, 1024px\" \/><\/a><figcaption>Kuva: Linda Toivonen<\/figcaption><\/figure>\n<\/figure>\n\n\n\n<h4 class=\"wp-block-heading\"><strong>Luonnekuvaus<\/strong><\/h4>\n\n\n\n<p>Pitk\u00e4karvainen collienarttu Fiona (RTK1 Arttulan \u00d6ili Tuliruusu) on tullut meille kodinvaihtajana 3-vuotiaana kes\u00e4kuussa 2014. Fionan em\u00e4 Kiki (<a href=\"https:\/\/jalostus.kennelliitto.fi\/frmKoira.aspx?RekNo=FI19427\/11&amp;R=156\" target=\"_blank\" rel=\"noreferrer noopener\">Arttulan Rentun Ruusun<\/a>) on meid\u00e4n Rikun (<a href=\"https:\/\/jalostus.kennelliitto.fi\/frmKoira.aspx?RekNo=FIN11313\/06&amp;R=156\" target=\"_blank\" rel=\"noreferrer noopener\">Maple Yard Apocalyptica<\/a>) tyt\u00e4r ja Fionan is\u00e4 on Kanadantuonti Baxter (<a href=\"https:\/\/jalostus.kennelliitto.fi\/frmKoira.aspx?RekNo=FIN49704%2F06\" target=\"_blank\" rel=\"noreferrer noopener\">Glasgowhills Love Me Tender<\/a>). Fiona oli Arttulan kennelin sijoituskoira entisess\u00e4 kodissaan, mutta sijoitussopimus purettiin, koira palautui kasvattajalle ja p\u00e4\u00e4tyi kasvattajan luota meille.\u00a0Kiinnostuin Fionasta erityisesti sen suvun vuoksi ja siksi, ett\u00e4 se on oman koirani Rikun lapsenlapsi.<\/p>\n\n\n\n<p>Fiona on eritt\u00e4in sosiaalinen ja avoin ihmisten&nbsp;kanssa, todella ahne, vilkas ja leikkii mielell\u00e4\u00e4n leluilla.&nbsp;Sill\u00e4 ei ole&nbsp;alusta-arkuutta.&nbsp;Se on hyvin vahvaluonteinen koirapersoona, joka n\u00e4kyy ja kuuluu.&nbsp;Koiralaumassamme se on melko dominoiva muita narttuja kohtaan. Harrastin Fionan kanssa sen meille kotiutumisen j\u00e4lkeen eri koiraharrastuslajien alkeita, esimerkiksi agility\u00e4, tottelevaisuutta ja rally-tokoa, jossa sill\u00e4 on alokasluokan RTK1-koulutustunnus. Lis\u00e4ksi se on k\u00e4ynyt yhdess\u00e4 koiran\u00e4yttelyss\u00e4 pystyill\u00e4 korvilla.<\/p>\n\n\n\n<p>Valitettavasti&nbsp;Fiona reagoi \u00e4\u00e4niin ja laukauksiin pelkoreaktiolla sek\u00e4 on luonteeltaan&nbsp;melko hermostunut. Mahdollisesti sen aiempi el\u00e4m\u00e4 n\u00e4kyy sen k\u00e4yt\u00f6ksess\u00e4.&nbsp;&nbsp;<\/p>\n\n\n\n<p>Fiona on steriloitu vuonna 2016 muun muassa voimakkaiden valeraskausoireiden ja yleistyneen \u00e4\u00e4niarkuuden vuoksi. Fionaa ei ole k\u00e4ytetty jalostukseen.\u00a0<\/p>\n\n\n\n<h4 class=\"wp-block-heading\">Riemumielen koirablogissa<\/h4>\n\n\n\n<ul class=\"wp-block-list\"><li><a href=\"https:\/\/www.riemumielen.fi\/lauman-kuulumiset\/onnea-fiona-10-vuotta\/\">Onnea Fiona 10 vuotta!<\/a><\/li><\/ul>\n\n\n\n<h4 class=\"wp-block-heading\"><strong>Luonnetesti<\/strong><\/h4>\n\n\n\n<ul class=\"wp-block-list\"><li>18.10.2015, Kaarina<\/li><li>tuomarit: Katri Leikola, Marco Vuorisalo<\/li><li>ik\u00e4 testiss\u00e4: 4 vuotta 7 kuukautta<br><br><strong>Tulos: +68, laukausaltis<\/strong><\/li><\/ul>\n\n\n\n<h5 class=\"wp-block-heading\"><strong>Testivideoiden linkit:<\/strong><\/h5>\n\n\n\n<p>osa1:&nbsp;<a rel=\"noreferrer noopener\" href=\"https:\/\/www.facebook.com\/l.php?u=https%3A%2F%2Fwww.youtube.com%2Fwatch%3Fv%3DQoDACCfs5SY&amp;h=cAQFFNChJ\" target=\"_blank\">https:\/\/www.youtube.com\/watch?v=QoDACCfs5SY<\/a><br>osa 2:&nbsp;<a rel=\"noreferrer noopener\" href=\"https:\/\/www.youtube.com\/watch?v=5QFdTIhjIPw\" target=\"_blank\">https:\/\/www.youtube.com\/watch?v=5QFdTIhjIPw<\/a><br>osa 3:&nbsp;<a rel=\"noreferrer noopener\" href=\"https:\/\/www.youtube.com\/watch?v=0N_fym0QAfs\" target=\"_blank\">https:\/\/www.youtube.com\/watch?v=0N_fym0QAfs<\/a><br>osa 4:&nbsp;<a rel=\"noreferrer noopener\" href=\"https:\/\/www.youtube.com\/watch?v=zKsYX6_OBY4\" target=\"_blank\">https:\/\/www.youtube.com\/watch?v=zKsYX6_OBY4<\/a><br>osa 5:&nbsp;<a rel=\"noreferrer noopener\" href=\"https:\/\/www.youtube.com\/watch?v=SvMUZymTVOI\" target=\"_blank\">https:\/\/www.youtube.com\/watch?v=SvMUZymTVOI<\/a><br>osa 6:&nbsp;<a rel=\"noreferrer noopener\" href=\"https:\/\/www.youtube.com\/watch?v=37IwuAcx-7g\" target=\"_blank\">https:\/\/www.youtube.com\/watch?v=37IwuAcx-7g<\/a><\/p>\n\n\n\n<h4 class=\"wp-block-heading\">Luonnetestin&nbsp;osa-alueet<\/h4>\n\n\n\n<ul class=\"wp-block-list\"><li>Toimintakyky: &#8211; 1 pieni<\/li><li>Ter\u00e4vyys: + 1b ei osoita lainkaan ter\u00e4vyytt\u00e4<\/li><li>Puolustushalu: &#8211; 1 haluton<\/li><li>Taisteluhalu: + 2a kohtuullinen<\/li><li>Hermorakenne: &#8211; 1 v\u00e4h\u00e4n hermostunut<\/li><li>Tempperamentti: + 3 vilkas<\/li><li>Kovuus: + 1 hieman pehme\u00e4<\/li><li>Luoksep\u00e4\u00e4st\u00e4vyys: +3 hyv\u00e4ntahtoinen, luoksep\u00e4\u00e4st\u00e4v\u00e4, avoin<\/li><li>Laukausaltis &#8211;<\/li><\/ul>\n\n\n\n<h4 class=\"wp-block-heading\"><strong>Terveys<\/strong><\/h4>\n\n\n\n<ul class=\"wp-block-list\"><li>lonkat: A\/A<\/li><li>kyyn\u00e4rnivel: 0\/0<\/li><li>polvet: 0\/0<\/li><li>selk\u00e4: SP0 (puhdas), LTV1 (jakautunut ristiluun keskiharjanne)<\/li><li>silm\u00e4t:&nbsp;aikuisena CEA, coloboma (vasen silm\u00e4), n\u00e4k\u00f6hermon vajaakehitys \/ mikropapilla<\/li><li>pentuna ei todettu perinn\u00f6llisi\u00e4 silm\u00e4sairauksia<\/li><li>DM-geenitestattu: N\/DM (kantaja)<\/li><li>MDR1-geenitestattu: +\/- (kantaja)<\/li><li>muuta: normaali terve vatsan toiminta, ei allergioita, steriloitu 2016<\/li><li>MyDogDNA passi<\/li><\/ul>\n\n\n\n<h4 class=\"wp-block-heading\"><strong>Harrastukset<\/strong><\/h4>\n\n\n\n<p>Rally-toko RTK1-koulutustunnus (29.6.2016)<br>Tehty agilityn, tottelevaisuuden ja rally-tokon alkeita 2014 alkaen.<\/p>\n\n\n\n<figure class=\"wp-block-gallery has-nested-images columns-default is-cropped wp-block-gallery-2 is-layout-flex wp-block-gallery-is-layout-flex\">\n<figure class=\"wp-block-image size-large\"><img loading=\"lazy\" decoding=\"async\" width=\"1024\" height=\"684\" data-id=\"5540\" src=\"https:\/\/www.riemumielen.fi\/wp-content\/uploads\/2021\/02\/DSC_2692_2-1024x684.jpg\" alt=\"\" class=\"wp-image-5540\" srcset=\"https:\/\/www.riemumielen.fi\/wp-content\/uploads\/2021\/02\/DSC_2692_2-1024x684.jpg 1024w, https:\/\/www.riemumielen.fi\/wp-content\/uploads\/2021\/02\/DSC_2692_2-300x200.jpg 300w, https:\/\/www.riemumielen.fi\/wp-content\/uploads\/2021\/02\/DSC_2692_2-768x513.jpg 768w, https:\/\/www.riemumielen.fi\/wp-content\/uploads\/2021\/02\/DSC_2692_2-1536x1025.jpg 1536w, https:\/\/www.riemumielen.fi\/wp-content\/uploads\/2021\/02\/DSC_2692_2-750x500.jpg 750w, https:\/\/www.riemumielen.fi\/wp-content\/uploads\/2021\/02\/DSC_2692_2-174x116.jpg 174w, https:\/\/www.riemumielen.fi\/wp-content\/uploads\/2021\/02\/DSC_2692_2.jpg 2048w\" sizes=\"auto, (max-width: 1024px) 100vw, 1024px\" \/><figcaption> Kuva: Linda Toivonen <\/figcaption><\/figure>\n\n\n\n<figure class=\"wp-block-image size-large\"><img loading=\"lazy\" decoding=\"async\" width=\"700\" height=\"467\" data-id=\"5537\" src=\"https:\/\/www.riemumielen.fi\/wp-content\/uploads\/2021\/02\/Fiona-2.jpg\" alt=\"\" class=\"wp-image-5537\" srcset=\"https:\/\/www.riemumielen.fi\/wp-content\/uploads\/2021\/02\/Fiona-2.jpg 700w, https:\/\/www.riemumielen.fi\/wp-content\/uploads\/2021\/02\/Fiona-2-300x200.jpg 300w, https:\/\/www.riemumielen.fi\/wp-content\/uploads\/2021\/02\/Fiona-2-174x116.jpg 174w\" sizes=\"auto, (max-width: 700px) 100vw, 700px\" \/><figcaption> Kuva: Linda Toivonen <\/figcaption><\/figure>\n<\/figure>\n\n\n\n<h4 class=\"wp-block-heading\"><strong>N\u00e4yttelyt<\/strong><\/h4>\n\n\n\n<h5 class=\"wp-block-heading\">AVO EH: <\/h5>\n\n\n\n<blockquote class=\"wp-block-quote is-style-default has-medium-font-size is-layout-flow wp-block-quote-is-layout-flow\"><p>4 years, well developed fem. type, &nbsp;good size &amp; proportions, fem. head &#8211; &nbsp;long &amp; parallel, nice expression, but ears should tip, underjaw should be broarder, good topline &amp; &nbsp;body, correct angulations, correct bone &amp; muscle, feet should be stronger, nice coat, very nice temperament, movement for drive. <\/p><cite> John Wauben, 11.7.2015 Nastola. <\/cite><\/blockquote>\n\n\n\n<h4 class=\"wp-block-heading\"><strong>Jalostustarkastus<\/strong><\/h4>\n\n\n\n<ul class=\"wp-block-list\"><li>Mari Palgi, 11.4.2015 Lahti<\/li><li>KOKO: yli keskikoon 56 cm<\/li><li>KORKEUS\/PITUUS: 0,84 (56\/67)<\/li><li>RAKENNETYYPPI: keskivahva<\/li><li>SUKUPUOLILEIMA: riitt\u00e4v\u00e4<\/li><li>PURENTA: leikkaava ja t\u00e4ydellinen<\/li><li>HAMPAAT:&nbsp; pienet hampaat, 1xP3, 1X lis\u00e4\u00e4 P1<\/li><li>PIGMENTTI: hieman puutteellinen<\/li><li>P\u00c4\u00c4N KIILA: hyv\u00e4<\/li><li>OTSAPENGER: hieman pitk\u00e4<\/li><li>KALLO: litte\u00e4<\/li><li>KUONO: vahva<\/li><li>HUULET: tiiviit<\/li><li>ALALEUKA: sopiva<\/li><li>SILM\u00c4T: keskiruskeat, keskikokoiset, vinoasentoiset<\/li><li>KORVAT: oikea-asentoiset, pystyt<\/li><li>KAULA: &nbsp;oikeanpituinen, hyv\u00e4asentoinen<\/li><li>YL\u00c4LINJA: aavistuksen kaareva kohti lannetta, hieman l\u00f6ys\u00e4<\/li><li>SELK\u00c4: pitk\u00e4<\/li><li>LANNE: pitk\u00e4<\/li><li>LANTIO: sopiva pituus ja kulma<\/li><li>H\u00c4NT\u00c4: pitk\u00e4, alas kiinnittynyt<\/li><li>KULMAUKSET: hyvin kulmautunut, tasapainoisesti kulmautunut<\/li><li>ETUOSA: viisto lapa, lihaksikkaat, sopiva lapakulma<\/li><li>ETURAAJAT: suorat, sopivan viistot v\u00e4lik\u00e4mmenet<\/li><li>RINTAKEH\u00c4: hyvin kehittynyt, syvyys sopiva<\/li><li>VATSALINJA: normaali<\/li><li>TAKAOSA: leve\u00e4, riitt\u00e4v\u00e4sti kulmautunut<\/li><li>TAKARAAJAT: hyvin kapea<\/li><li>K\u00c4P\u00c4L\u00c4T: tiiviit, soikeat<\/li><li>LIIKUNTA SIVUSTA: keskipitk\u00e4 askel, l\u00f6ysyytt\u00e4, riitt\u00e4v\u00e4 ty\u00f6nt\u00f6<\/li><li>LIIKUNTA EDEST\u00c4: huolimaton, l\u00f6ys\u00e4<\/li><li>LIIKUNTA TAKAA: hieman ahdas<\/li><li>LUONNE: yst\u00e4v\u00e4llinen, iloinen ja vilkas<\/li><li>YLEISKUNTO: l\u00f6ys\u00e4<\/li><li>TURKKI: avonainen, vaihtumassa, pehme\u00e4, hieman kihara<\/li><li>TURKIN V\u00c4RI: hyv\u00e4<strong>&nbsp;<\/strong><\/li><\/ul>\n","protected":false},"excerpt":{"rendered":"<p>RTK1 ARTTULAN \u00d6ILI TULIRUUSU syntynyt: 2.2.2011 sukupuoli: narttukasvattaja: Sirpa Laakso,&nbsp;kennel Arttulan pitk\u00e4karvainen collie Koiranet-linkkiLis\u00e4\u00e4 valokuvia Em\u00e4: Arttulan Rentun Ruusun (Kiki)Is\u00e4: Glasgowhills Love Me Tender (Baxter) Luonnekuvaus Pitk\u00e4karvainen collienarttu Fiona (RTK1 Arttulan \u00d6ili Tuliruusu) on tullut meille kodinvaihtajana 3-vuotiaana kes\u00e4kuussa 2014. Fionan em\u00e4 Kiki (Arttulan Rentun Ruusun) on meid\u00e4n Rikun (Maple Yard Apocalyptica) tyt\u00e4r ja Fionan [&hellip;]<\/p>\n","protected":false},"author":1,"featured_media":4353,"parent":9,"menu_order":2,"comment_status":"closed","ping_status":"closed","template":"","meta":{"_exactmetrics_skip_tracking":false,"_exactmetrics_sitenote_active":false,"_exactmetrics_sitenote_note":"","_exactmetrics_sitenote_category":0,"footnotes":""},"class_list":["post-110","page","type-page","status-publish","has-post-thumbnail","hentry"],"_links":{"self":[{"href":"https:\/\/www.riemumielen.fi\/en\/wp-json\/wp\/v2\/pages\/110","targetHints":{"allow":["GET"]}}],"collection":[{"href":"https:\/\/www.riemumielen.fi\/en\/wp-json\/wp\/v2\/pages"}],"about":[{"href":"https:\/\/www.riemumielen.fi\/en\/wp-json\/wp\/v2\/types\/page"}],"author":[{"embeddable":true,"href":"https:\/\/www.riemumielen.fi\/en\/wp-json\/wp\/v2\/users\/1"}],"replies":[{"embeddable":true,"href":"https:\/\/www.riemumielen.fi\/en\/wp-json\/wp\/v2\/comments?post=110"}],"version-history":[{"count":5,"href":"https:\/\/www.riemumielen.fi\/en\/wp-json\/wp\/v2\/pages\/110\/revisions"}],"predecessor-version":[{"id":12461,"href":"https:\/\/www.riemumielen.fi\/en\/wp-json\/wp\/v2\/pages\/110\/revisions\/12461"}],"up":[{"embeddable":true,"href":"https:\/\/www.riemumielen.fi\/en\/wp-json\/wp\/v2\/pages\/9"}],"wp:featuredmedia":[{"embeddable":true,"href":"https:\/\/www.riemumielen.fi\/en\/wp-json\/wp\/v2\/media\/4353"}],"wp:attachment":[{"href":"https:\/\/www.riemumielen.fi\/en\/wp-json\/wp\/v2\/media?parent=110"}],"curies":[{"name":"wp","href":"https:\/\/api.w.org\/{rel}","templated":true}]}}