{"id":673,"date":"2019-11-18T20:00:51","date_gmt":"2019-11-18T18:00:51","guid":{"rendered":"https:\/\/www.riemumielen.fi\/?page_id=673"},"modified":"2022-06-28T15:29:31","modified_gmt":"2022-06-28T12:29:31","slug":"info","status":"publish","type":"page","link":"https:\/\/www.riemumielen.fi\/de\/info\/","title":{"rendered":"Info"},"content":{"rendered":"\n<p>Tervetuloa Riemumielen Info-sivulle! T\u00e4\u00e4lt\u00e4 l\u00f6yd\u00e4t Esittely-kohdasta Riemumielen pitk\u00e4karvaisten collieiden kasvattajan Heidin esittelyn ja Tietoa colliesta -kohdasta lis\u00e4tietoa ja rotum\u00e4\u00e4ritelm\u00e4n pitk\u00e4karvaisesta colliesta. Lis\u00e4ksi Linkkej\u00e4-sivulta l\u00f6yd\u00e4t hy\u00f6dyllisi\u00e4 linkkej\u00e4 pitk\u00e4karvaisista collieista, koiraharrastuksista ja pentueista. <\/p>\n\n\n\n<figure class=\"wp-block-gallery has-nested-images columns-default is-cropped wp-block-gallery-1 is-layout-flex wp-block-gallery-is-layout-flex\">\n<figure class=\"wp-block-image size-large\"><img loading=\"lazy\" decoding=\"async\" width=\"683\" height=\"1024\" data-id=\"342\" src=\"https:\/\/www.riemumielen.fi\/wp-content\/uploads\/2019\/10\/RTVA-Heidi-ja-Riemu-683x1024.jpeg\" alt=\"\" class=\"wp-image-342\" srcset=\"https:\/\/www.riemumielen.fi\/wp-content\/uploads\/2019\/10\/RTVA-Heidi-ja-Riemu-683x1024.jpeg 683w, https:\/\/www.riemumielen.fi\/wp-content\/uploads\/2019\/10\/RTVA-Heidi-ja-Riemu-200x300.jpeg 200w, https:\/\/www.riemumielen.fi\/wp-content\/uploads\/2019\/10\/RTVA-Heidi-ja-Riemu-768x1151.jpeg 768w, https:\/\/www.riemumielen.fi\/wp-content\/uploads\/2019\/10\/RTVA-Heidi-ja-Riemu.jpeg 1025w\" sizes=\"auto, (max-width: 683px) 100vw, 683px\" \/><figcaption><a href=\"https:\/\/www.riemumielen.fi\/info\/esittely\/\" target=\"_blank\" rel=\"noreferrer noopener\" aria-label=\"Esittely (avautuu uudessa v\u00e4lilehdess\u00e4)\">Esittely<\/a><\/figcaption><\/figure>\n\n\n\n<figure class=\"wp-block-image size-large\"><img loading=\"lazy\" decoding=\"async\" width=\"429\" height=\"522\" data-id=\"267\" src=\"https:\/\/www.riemumielen.fi\/wp-content\/uploads\/2019\/10\/bechstein_small014.jpg\" alt=\"\" class=\"wp-image-267\" srcset=\"https:\/\/www.riemumielen.fi\/wp-content\/uploads\/2019\/10\/bechstein_small014.jpg 429w, https:\/\/www.riemumielen.fi\/wp-content\/uploads\/2019\/10\/bechstein_small014-247x300.jpg 247w\" sizes=\"auto, (max-width: 429px) 100vw, 429px\" \/><figcaption><a href=\"https:\/\/www.riemumielen.fi\/info\/tietoa-colliesta\/\" target=\"_blank\" rel=\"noreferrer noopener\" aria-label=\"Tietoa colliesta (avautuu uudessa v\u00e4lilehdess\u00e4)\">Tietoa colliesta<\/a><\/figcaption><\/figure>\n<\/figure>\n","protected":false},"excerpt":{"rendered":"<p>Tervetuloa Riemumielen Info-sivulle! T\u00e4\u00e4lt\u00e4 l\u00f6yd\u00e4t Esittely-kohdasta Riemumielen pitk\u00e4karvaisten collieiden kasvattajan Heidin esittelyn ja Tietoa colliesta -kohdasta lis\u00e4tietoa ja rotum\u00e4\u00e4ritelm\u00e4n pitk\u00e4karvaisesta colliesta. Lis\u00e4ksi Linkkej\u00e4-sivulta l\u00f6yd\u00e4t hy\u00f6dyllisi\u00e4 linkkej\u00e4 pitk\u00e4karvaisista collieista, koiraharrastuksista ja pentueista.<\/p>\n","protected":false},"author":1,"featured_media":0,"parent":0,"menu_order":0,"comment_status":"closed","ping_status":"closed","template":"","meta":{"_exactmetrics_skip_tracking":false,"_exactmetrics_sitenote_active":false,"_exactmetrics_sitenote_note":"","_exactmetrics_sitenote_category":0,"footnotes":""},"class_list":["post-673","page","type-page","status-publish","hentry"],"_links":{"self":[{"href":"https:\/\/www.riemumielen.fi\/de\/wp-json\/wp\/v2\/pages\/673","targetHints":{"allow":["GET"]}}],"collection":[{"href":"https:\/\/www.riemumielen.fi\/de\/wp-json\/wp\/v2\/pages"}],"about":[{"href":"https:\/\/www.riemumielen.fi\/de\/wp-json\/wp\/v2\/types\/page"}],"author":[{"embeddable":true,"href":"https:\/\/www.riemumielen.fi\/de\/wp-json\/wp\/v2\/users\/1"}],"replies":[{"embeddable":true,"href":"https:\/\/www.riemumielen.fi\/de\/wp-json\/wp\/v2\/comments?post=673"}],"version-history":[{"count":1,"href":"https:\/\/www.riemumielen.fi\/de\/wp-json\/wp\/v2\/pages\/673\/revisions"}],"predecessor-version":[{"id":12476,"href":"https:\/\/www.riemumielen.fi\/de\/wp-json\/wp\/v2\/pages\/673\/revisions\/12476"}],"wp:attachment":[{"href":"https:\/\/www.riemumielen.fi\/de\/wp-json\/wp\/v2\/media?parent=673"}],"curies":[{"name":"wp","href":"https:\/\/api.w.org\/{rel}","templated":true}]}}