{"id":265,"date":"2019-10-27T09:18:22","date_gmt":"2019-10-27T09:18:22","guid":{"rendered":"http:\/\/www.bechste.in\/riemumielen\/?page_id=265"},"modified":"2022-06-28T15:58:31","modified_gmt":"2022-06-28T12:58:31","slug":"robin","status":"publish","type":"page","link":"https:\/\/www.riemumielen.fi\/de\/muistoissa\/robin\/","title":{"rendered":"ROBIN"},"content":{"rendered":"\n<h3 class=\"wp-block-heading\">SAMETTISILM\u00c4N SINI USVA<\/h3>\n\n\n\n<div class=\"wp-block-columns has-2-columns is-layout-flex wp-container-core-columns-is-layout-9d6595d7 wp-block-columns-is-layout-flex\">\n<div class=\"wp-block-column is-layout-flow wp-block-column-is-layout-flow\">\n<p>11.8.2003 &#8211; 3.5.2016<br>sukupuoli: uros<br>kasvattaja: Leena Taari,&nbsp;<br><a rel=\"noreferrer noopener\" aria-label=\" (opens in a new tab)\" href=\"http:\/\/www.samettisilman.com\/\" target=\"_blank\">kennel Samettisilm\u00e4n&nbsp;<\/a> <\/p>\n<\/div>\n\n\n\n<div class=\"wp-block-column is-layout-flow wp-block-column-is-layout-flow\">\n<p class=\"has-text-align-right\">pitk\u00e4karvainen collie<br><a rel=\"noreferrer noopener\" aria-label=\" (opens in a new tab)\" href=\"http:\/\/jalostus.kennelliitto.fi\/frmKoira.aspx?RekNo=FIN37019\/03&amp;R=156\" target=\"_blank\">Koiranet-linkki<\/a><br><a rel=\"noreferrer noopener\" href=\"http:\/\/picasaweb.google.com\/105810407984016085501\/?gsessionid=sxCzz7kAVahw-VmcCzOS0Q\" target=\"_blank\">Lis\u00e4\u00e4 valokuvia<\/a><br><\/p>\n<\/div>\n<\/div>\n\n\n\n<p>Em\u00e4: <a href=\"https:\/\/jalostus.kennelliitto.fi\/frmKoira.aspx?RekNo=FIN36832%2F00\" target=\"_blank\" rel=\"noreferrer noopener\">Samettisilm\u00e4n Y\u00f6n Kuningatar<\/a><br>Is\u00e4: <a href=\"https:\/\/jalostus.kennelliitto.fi\/frmKoira.aspx?RekNo=FIN37356%2F00\" target=\"_blank\" rel=\"noreferrer noopener\">My Miracle&#8217;s Piece of Illusion<\/a><\/p>\n\n\n\n<figure class=\"wp-block-gallery has-nested-images columns-2 is-cropped wp-block-gallery-1 is-layout-flex wp-block-gallery-is-layout-flex\">\n<figure class=\"wp-block-image size-large\"><a href=\"https:\/\/www.riemumielen.fi\/wp-content\/uploads\/2019\/10\/bechstein_small016.jpg\"><img loading=\"lazy\" decoding=\"async\" width=\"566\" height=\"850\" data-id=\"268\" src=\"http:\/\/www.bechste.in\/riemumielen\/wp-content\/uploads\/2019\/10\/bechstein_small016.jpg\" alt=\"Samettisilm\u00e4n Sini Usva\" class=\"wp-image-268\" srcset=\"https:\/\/www.riemumielen.fi\/wp-content\/uploads\/2019\/10\/bechstein_small016.jpg 566w, https:\/\/www.riemumielen.fi\/wp-content\/uploads\/2019\/10\/bechstein_small016-200x300.jpg 200w\" sizes=\"auto, (max-width: 566px) 100vw, 566px\" \/><\/a><\/figure>\n\n\n\n<figure class=\"wp-block-image size-large\"><a href=\"https:\/\/www.riemumielen.fi\/wp-content\/uploads\/2019\/10\/bechstein_small014.jpg\"><img loading=\"lazy\" decoding=\"async\" width=\"429\" height=\"522\" data-id=\"267\" src=\"http:\/\/www.bechste.in\/riemumielen\/wp-content\/uploads\/2019\/10\/bechstein_small014.jpg\" alt=\"Samettisilm\u00e4n Sini Usva\" class=\"wp-image-267\" srcset=\"https:\/\/www.riemumielen.fi\/wp-content\/uploads\/2019\/10\/bechstein_small014.jpg 429w, https:\/\/www.riemumielen.fi\/wp-content\/uploads\/2019\/10\/bechstein_small014-247x300.jpg 247w\" sizes=\"auto, (max-width: 429px) 100vw, 429px\" \/><\/a><\/figure>\n\n\n\n<figure class=\"wp-block-image size-large\"><a href=\"https:\/\/www.riemumielen.fi\/wp-content\/uploads\/2019\/10\/bechstein_small027.jpg\"><img loading=\"lazy\" decoding=\"async\" width=\"680\" height=\"453\" data-id=\"269\" src=\"http:\/\/www.bechste.in\/riemumielen\/wp-content\/uploads\/2019\/10\/bechstein_small027.jpg\" alt=\"Samettisilm\u00e4n Sini Usva\" class=\"wp-image-269\" srcset=\"https:\/\/www.riemumielen.fi\/wp-content\/uploads\/2019\/10\/bechstein_small027.jpg 680w, https:\/\/www.riemumielen.fi\/wp-content\/uploads\/2019\/10\/bechstein_small027-300x200.jpg 300w\" sizes=\"auto, (max-width: 680px) 100vw, 680px\" \/><\/a><\/figure>\n\n\n\n<figure class=\"wp-block-image size-large\"><a href=\"https:\/\/www.riemumielen.fi\/wp-content\/uploads\/2019\/10\/Robin-ATD-marraskisat-08.jpg\"><img loading=\"lazy\" decoding=\"async\" width=\"720\" height=\"481\" data-id=\"266\" src=\"http:\/\/www.bechste.in\/riemumielen\/wp-content\/uploads\/2019\/10\/Robin-ATD-marraskisat-08.jpg\" alt=\"Samettisilm\u00e4n Sini Usva\" class=\"wp-image-266\" srcset=\"https:\/\/www.riemumielen.fi\/wp-content\/uploads\/2019\/10\/Robin-ATD-marraskisat-08.jpg 720w, https:\/\/www.riemumielen.fi\/wp-content\/uploads\/2019\/10\/Robin-ATD-marraskisat-08-300x200.jpg 300w\" sizes=\"auto, (max-width: 720px) 100vw, 720px\" \/><\/a><\/figure>\n<figcaption class=\"blocks-gallery-caption\">Robin (Samettisilm\u00e4n Sini Usva)<\/figcaption><\/figure>\n\n\n\n<h4 class=\"wp-block-heading\"><strong>Luonnekuvaus<\/strong><\/h4>\n\n\n\n<p>Ensimm\u00e4inen koirani oli bluemerlev\u00e4rinen pitk\u00e4karvainen collieuros Robin (Samettisilm\u00e4n Sini Usva). Robin oli luonteeltaan herkk\u00e4,\u00a0kiltti ja lempe\u00e4 oman lauman koira, jonka saimme pit\u00e4\u00e4 l\u00e4hes 13 vuotta ilonamme rakkaana perheenj\u00e4senen\u00e4.<\/p>\n\n\n\n<p>Robin rakasti omia ihmisi\u00e4\u00e4n ja oli heit\u00e4 kohtaan mit\u00e4 lempein ja rakastettavin.&nbsp;Sit\u00e4 ei koskaan luonnetestattu, koska se oli \u00e4\u00e4ni- ja alusta-arka sek\u00e4 vieraita ihmisi\u00e4 kohtaan ep\u00e4luuloinen. Robin oli&nbsp;muiden koirien kanssa&nbsp;sosiaalinen ja yst\u00e4v\u00e4llinen ja rakasti erityisesti pentuja. Sen ylivoimaisesti paras kaveri oli meid\u00e4n Riku (Maple Yard Apocalyptica). Robin ja Riku&nbsp;leikkiv\u00e4t hyvin paljon kesken\u00e4\u00e4n eiv\u00e4tk\u00e4 koskaan tapelleet. Kolmannen koirani Riemu-pennun (Ruffenuff Peppermint Twist) se otti heti&nbsp;alusta saakka suojelevien siipiens\u00e4 suojaan. Robin oli suojelevainen omasta reviirist\u00e4\u00e4n ja omasta laumastaan sek\u00e4&nbsp;itsen\u00e4inen koira. Se ei seurannut ihmisi\u00e4 huoneesta toiseen vaan viihtyi hyvin my\u00f6s itsekseen sohvalla k\u00f6ll\u00f6tt\u00e4en.<\/p>\n\n\n\n<p>Robinin perusluonne oli iloinen, rauhallinen&nbsp;touhottaja, joka nautti kotona k\u00f6ll\u00f6ttelyst\u00e4 ja rauhallisesta el\u00e4m\u00e4st\u00e4.&nbsp;Sen kanssa oli kivaa harrastaa, koska&nbsp;se oli iloisena mukana touhuamassa harrastuksessa kuin harrastuksessa.&nbsp;Robin riehaantui viel\u00e4 vanhoilla p\u00e4ivill\u00e4\u00e4nkin hyppim\u00e4\u00e4n ja pomppimaan innoissaan,&nbsp;kun sille sanoi &#8220;hae lelu&#8221;. Fyysisesti se oli hieman k\u00f6mpel\u00f6 ja kaikenlainen stressi sai sen vatsan herk\u00e4sti sekaisin. Nuoruudessaan Robin k\u00e4rsi pahoista vatsaongelmista, jotka helpottivat vasta kastraation ja stressitilanteiden v\u00e4ltt\u00e4misen my\u00f6t\u00e4. <\/p>\n\n\n\n<p>Ehdin tutustua ensimm\u00e4isen koirani Robinin kanssa monenlaisiin koiraharrastuksiin ja koiraharrastamisen maailmaan. Harjoittelimme muun muassa totelevaisuutta ja harrastimme rally-tokoa, ep\u00e4virallisia match show n\u00e4yttelyit\u00e4 ja agility\u00e4, jossa se kilpaili 1. luokassa. Harrastuksissa t\u00e4rkeimp\u00e4n\u00e4 tavoitteena oli hauskanpito ja mukava yhdess\u00e4 tekeminen. Robinia ei k\u00e4ytetty jalostukseen.<\/p>\n\n\n\n<p>Robinia ikuisesti l\u00e4mm\u00f6ll\u00e4 muistaen ja ik\u00e4v\u00f6iden.<\/p>\n\n\n\n<h4 class=\"wp-block-heading\"><strong>Terveys<\/strong><\/h4>\n\n\n\n<ul class=\"wp-block-list\"><li>lonkat: A\/A<\/li><li>kyyn\u00e4rnivel: 0\/0<\/li><li>silm\u00e4t: CEA vapaa \/ CEA vapaa<\/li><li>muuta:\nherkk\u00e4vatsainen, munuaisten vajaatoimintaa ep\u00e4ilty, mutta kaikki&nbsp;veriarvot\nnormaalit 2015 (l\u00e4hes 12-vuotiaana), kastroitu<\/li><\/ul>\n\n\n\n<ul class=\"wp-block-list\"><li>kuolinsyy: 12 vuoden 9 kuukauden i\u00e4ss\u00e4 yll\u00e4tt\u00e4en alkaneet rajut epileptiset gran mal -kohtaukset&nbsp;kahden viimeisen elinvuorokauden aikana.&nbsp;Kohtausten rajuuden ja nopean toistumisen&nbsp;vuoksi p\u00e4\u00e4dyttiin eutanasiaan. Siihen asti&nbsp;Robin oli terve lukuunottamatta eritt\u00e4in harvoin el\u00e4m\u00e4n aikana esiintyneit\u00e4 lievi\u00e4 lyhyit\u00e4&nbsp;poissaolokohtauksia.&nbsp;Liev\u00e4t poissaolokohtakset olivat lyhyit\u00e4 (alle minuutti)&nbsp;eik\u00e4 niihin&nbsp;liittynyt kouristelua. Epilepsiaa ei diagnosoitu. Rajujen epileptisten kohtausten syy j\u00e4i ep\u00e4selv\u00e4ksi, mutta sis\u00e4elinper\u00e4iset syyt rajattiin pois. Kaikki veriarvot olivat normaalit.&nbsp;<br><br>El\u00e4inl\u00e4\u00e4k\u00e4rin arvion mukaan&nbsp;rajujen kohtausten syy oli mahdollisesti aivokasvain.<\/li><\/ul>\n\n\n\n<h4 class=\"wp-block-heading\"><strong>Harrastukset<\/strong><\/h4>\n\n\n\n<ul class=\"wp-block-list\"><li>agility 1. lk, 1 x 0-rata<\/li><li>rally-toko Alo 1 x hyv\u00e4ksytty rata (ep\u00e4virallinen ennen lajin virallistumista)<\/li><li>Kiva Koirakansalainen testi hyv\u00e4ksytty 20.6.2004<\/li><\/ul>\n\n\n\n<h4 class=\"wp-block-heading\"><strong>N\u00e4yttelyt<\/strong><\/h4>\n\n\n\n<h5 class=\"wp-block-heading\"><strong>PEK2:&nbsp;<\/strong><\/h5>\n\n\n\n<blockquote class=\"wp-block-quote is-style-default has-medium-font-size is-layout-flow wp-block-quote-is-layout-flow\"><p>Eritt\u00e4in hyv\u00e4 sukupuolileima, mutta t\u00e4ll\u00e4 hetkell\u00e4 hieman korkearaajaisen yleisvaikutelman antava. Hyv\u00e4 purenta ja korvat. Hyv\u00e4 runko. Turhan jyrkk\u00e4 lantio ja kantaa h\u00e4nt\u00e4\u00e4ns\u00e4 korkealla liikkuessa. Pienet k\u00e4p\u00e4l\u00e4t. Liikkeet saisivat olla ulottuvammat ja vakaammat. Erinom. karvanlaatu. Hyv\u00e4 luonne.<\/p><cite> Saija Juutilainen, 4.4.2004 Kerava. <\/cite><\/blockquote>\n\n\n\n<h5 class=\"wp-block-heading\"><strong>JUN H<\/strong>:<\/h5>\n\n\n\n<blockquote class=\"wp-block-quote is-style-default has-medium-font-size is-layout-flow wp-block-quote-is-layout-flow\"><p>Hyv\u00e4 puhdas p\u00e4\u00e4n kiila. Vahvat leuat. Hyvin py\u00f6ristynyt kuono. Pienet hyvin kannetut korvat. Riitt\u00e4v\u00e4 kaula. Tiivis runko. Luisu lantio. Johtuen pystyst\u00e4 lavasta etuliike j\u00e4\u00e4 hyvin rajoittuneeksi. Sidotut takaliikkeet. Hyv\u00e4 luonne. Kiilt\u00e4v\u00e4n puhdas bluemerle-v\u00e4ri.<\/p><cite> Mari Palgi, 4.7.2004 Karjaa. <\/cite><\/blockquote>\n\n\n\n<h5 class=\"wp-block-heading\"><strong>JUN T<\/strong>:<\/h5>\n\n\n\n<blockquote class=\"wp-block-quote is-style-default has-medium-font-size is-layout-flow wp-block-quote-is-layout-flow\"><p>Korkearaajainen, kookas hentoluinen nuori uros, jolla kok. n\u00e4hden aivan liian raskas p\u00e4\u00e4. Pitk\u00e4hk\u00f6 stoppi, pienehk\u00f6t korvat, sopiva kaula, hieman etuas. lavat, kiinte\u00e4 yl\u00e4linja, hyv\u00e4 lantion rakenne, mutta kork. kiinnittynyt h\u00e4nt\u00e4, liikkeess\u00e4 tyvest\u00e4 nousee. Litte\u00e4t kylkiluut, rinta saisi olla syvempi &amp; huomattavasti leve\u00e4mpi edest\u00e4, niukat kulmaukset, hyvin korkea kinner, ep\u00e4tas. jak. mustat l\u00e4ik\u00e4t, ep\u00e4p. sininen v\u00e4ri, karvanl. hyv\u00e4, muuten hyvin kapeat liikkeet, ristiink\u00e4yv\u00e4t etujalat, miellytt\u00e4v\u00e4 luonne.<\/p><cite> Maret K\u00e4rdi, 24.7.2004 Helsinki. <\/cite><\/blockquote>\n\n\n\n<h5 class=\"wp-block-heading\"><strong>AVO H<\/strong>: <\/h5>\n\n\n\n<blockquote class=\"wp-block-quote is-style-default has-medium-font-size is-layout-flow wp-block-quote-is-layout-flow\"><p>Hyv\u00e4 tyyppinen, t\u00e4ll\u00e4 hetkell\u00e4 ilmavalta vaikuttava uros. Varsin hyv\u00e4 p\u00e4\u00e4, hyv\u00e4 kaula, runko viel\u00e4 pahasti kesken kehityksen. Hieman lyhyt rintakeh\u00e4. Hieman luisu lantio ja pysty olkavarsi. Liikkuu kovin ahtaasti edest\u00e4 ja takaa. Puhdas bluemerle v\u00e4ri.<\/p><cite> Jaana Hartus, 10.7.2005 Karjaa. <\/cite><\/blockquote>\n\n\n\n<h4 class=\"wp-block-heading\"><strong>Paimennustesti<\/strong><\/h4>\n\n\n\n<ul class=\"wp-block-list\"><li>Rym\u00e4ttyl\u00e4 15.5.2004 (lampaita 13)<\/li><li>tyyli: ei selv\u00e4\u00e4 mieltymyst\u00e4<\/li><li>haukkuminen: ty\u00f6skentelee hiljaisesti<\/li><li>kiinnostus: hieman kiinnostunut<\/li><li>herkkyys: v\u00e4linpit\u00e4m\u00e4t\u00f6n<\/li><li>lauman ryhmitt\u00e4minen: p\u00e4\u00e4st\u00e4\u00e4 lauman irti hallinnastaan<\/li><li>tasapainottelu lauman ja ohjaajan kanssa: hieman sopeuttamista<\/li><li>l\u00e4hestyminen: juoksee kohtuullisen kaukana<\/li><li>kest\u00e4vyys: ei osoita kest\u00e4vyytt\u00e4<\/li><li>luonteenlaatu: helposti h\u00e4iriintyv\u00e4<\/li><li>vahvuus: puuttuu kyky\u00e4 liikuttaa laumaa<\/li><\/ul>\n\n\n\n<h4 class=\"wp-block-heading\"><strong>Sukutaulu<\/strong><\/h4>\n\n\n\n<p><a rel=\"noreferrer noopener\" href=\"http:\/\/jalostus.kennelliitto.fi\/frmKoira.aspx?RekNo=FIN37019\/03&amp;R=156\" target=\"_blank\">Koiranet-linkki<\/a><\/p>\n","protected":false},"excerpt":{"rendered":"<p>SAMETTISILM\u00c4N SINI USVA 11.8.2003 &#8211; 3.5.2016sukupuoli: uroskasvattaja: Leena Taari,&nbsp;kennel Samettisilm\u00e4n&nbsp; pitk\u00e4karvainen collieKoiranet-linkkiLis\u00e4\u00e4 valokuvia Em\u00e4: Samettisilm\u00e4n Y\u00f6n KuningatarIs\u00e4: My Miracle&#8217;s Piece of Illusion Luonnekuvaus Ensimm\u00e4inen koirani oli bluemerlev\u00e4rinen pitk\u00e4karvainen collieuros Robin (Samettisilm\u00e4n Sini Usva). Robin oli luonteeltaan herkk\u00e4,\u00a0kiltti ja lempe\u00e4 oman lauman koira, jonka saimme pit\u00e4\u00e4 l\u00e4hes 13 vuotta ilonamme rakkaana perheenj\u00e4senen\u00e4. Robin rakasti omia ihmisi\u00e4\u00e4n [&hellip;]<\/p>\n","protected":false},"author":1,"featured_media":324,"parent":13,"menu_order":1,"comment_status":"closed","ping_status":"closed","template":"","meta":{"_exactmetrics_skip_tracking":false,"_exactmetrics_sitenote_active":false,"_exactmetrics_sitenote_note":"","_exactmetrics_sitenote_category":0,"footnotes":""},"class_list":["post-265","page","type-page","status-publish","has-post-thumbnail","hentry"],"_links":{"self":[{"href":"https:\/\/www.riemumielen.fi\/de\/wp-json\/wp\/v2\/pages\/265","targetHints":{"allow":["GET"]}}],"collection":[{"href":"https:\/\/www.riemumielen.fi\/de\/wp-json\/wp\/v2\/pages"}],"about":[{"href":"https:\/\/www.riemumielen.fi\/de\/wp-json\/wp\/v2\/types\/page"}],"author":[{"embeddable":true,"href":"https:\/\/www.riemumielen.fi\/de\/wp-json\/wp\/v2\/users\/1"}],"replies":[{"embeddable":true,"href":"https:\/\/www.riemumielen.fi\/de\/wp-json\/wp\/v2\/comments?post=265"}],"version-history":[{"count":10,"href":"https:\/\/www.riemumielen.fi\/de\/wp-json\/wp\/v2\/pages\/265\/revisions"}],"predecessor-version":[{"id":12498,"href":"https:\/\/www.riemumielen.fi\/de\/wp-json\/wp\/v2\/pages\/265\/revisions\/12498"}],"up":[{"embeddable":true,"href":"https:\/\/www.riemumielen.fi\/de\/wp-json\/wp\/v2\/pages\/13"}],"wp:featuredmedia":[{"embeddable":true,"href":"https:\/\/www.riemumielen.fi\/de\/wp-json\/wp\/v2\/media\/324"}],"wp:attachment":[{"href":"https:\/\/www.riemumielen.fi\/de\/wp-json\/wp\/v2\/media?parent=265"}],"curies":[{"name":"wp","href":"https:\/\/api.w.org\/{rel}","templated":true}]}}