{"id":238,"date":"2019-10-26T22:42:30","date_gmt":"2019-10-26T22:42:30","guid":{"rendered":"http:\/\/www.bechste.in\/riemumielen\/?page_id=238"},"modified":"2022-07-18T16:17:29","modified_gmt":"2022-07-18T13:17:29","slug":"riemumielen-2-pentue-hurjasudet","status":"publish","type":"page","link":"https:\/\/www.riemumielen.fi\/de\/pentueet\/riemumielen-2-pentue-hurjasudet\/","title":{"rendered":"Riemumielen 2. pentue: Hurjasudet"},"content":{"rendered":"\n<h3 class=\"wp-block-heading\">PENTUE S. 22.12.2017<\/h3>\n\n\n\n<div class=\"wp-block-columns has-2-columns is-layout-flex wp-container-core-columns-is-layout-9d6595d7 wp-block-columns-is-layout-flex\">\n<div class=\"wp-block-column is-layout-flow wp-block-column-is-layout-flow\">\n<p>is\u00e4: <\/p>\n\n\n\n<p><br>em\u00e4:  <\/p>\n<\/div>\n\n\n\n<div class=\"wp-block-column is-layout-flow wp-block-column-is-layout-flow\">\n<p><a href=\"https:\/\/jalostus.kennelliitto.fi\/frmKoira.aspx?RekNo=FIN27921\/07&amp;R=156\" target=\"_blank\" rel=\"noreferrer noopener\" aria-label=\"FI &amp; SE &amp; EE MVA JK3 TK1 BH Irokon Moonlight &quot;Rasti&quot;  (opens in a new tab)\">FI &amp; SE &amp; EE MVA JK3 TK1 BH Irokon Moonlight &#8220;Rasti&#8221; <\/a><\/p>\n\n\n\n<p><a href=\"https:\/\/www.riemumielen.fi\/koiramme\/sansa\/\">PAIM-T RTK2 Goldentroll&#8217;s Song Of Ice And Fire &#8220;Sansa&#8221; <\/a><\/p>\n<\/div>\n<\/div>\n\n\n\n<figure class=\"wp-block-image\"><img loading=\"lazy\" decoding=\"async\" width=\"960\" height=\"720\" src=\"http:\/\/www.bechste.in\/riemumielen\/wp-content\/uploads\/2019\/10\/2.pentue.jpg\" alt=\"\" class=\"wp-image-239\" srcset=\"https:\/\/www.riemumielen.fi\/wp-content\/uploads\/2019\/10\/2.pentue.jpg 960w, https:\/\/www.riemumielen.fi\/wp-content\/uploads\/2019\/10\/2.pentue-300x225.jpg 300w, https:\/\/www.riemumielen.fi\/wp-content\/uploads\/2019\/10\/2.pentue-768x576.jpg 768w\" sizes=\"auto, (max-width: 960px) 100vw, 960px\" \/><\/figure>\n\n\n\n<p>Sansan ja Rastin yhdistelm\u00e4 laitettiin alulle Rasti-is\u00e4n ollessa jo yli 10 vuoden kyps\u00e4ss\u00e4 i\u00e4ss\u00e4. Sansa synnytti normaalisti 2 reipasta pentua odotusvuorokausilla 62. Pentueessa on 1 urospentu ja 1 narttupentu, molemmat v\u00e4rilt\u00e4\u00e4n soopeleita. Pentujen melko suuren syntym\u00e4koon vuoksi ensimm\u00e4isen pennun, Kaislan synnytys kesti kauan, mutta pentu oli virke\u00e4 heti synnytty\u00e4\u00e4n. Emonmaitoa ja huolellista emon hoivaa riitti hyvin alusta asti.<br><br>Ennen uusiin koteihin luovutusta pennut sosiaalistettiin hyvin, silm\u00e4tarkistettiin (Lotta Axelson\/Mevet), terveystarkistettiin, pentutestattiin (Kirsi Liikanen\/Koirapalvelu Rochallor) ja DM- ja MDR1-geenitestattiin (Laboklin). Kaisla ja Routa ovat molemmat avoimia, uteliaita, reippaita ja ahneita pentuja.<\/p>\n\n\n\n<p>Kaisla palautui takaisin meille asumaan n. 1,5-vuotiaana sijoituskodistaan.<br><\/p>\n\n\n\n<figure class=\"wp-block-image\"><img loading=\"lazy\" decoding=\"async\" width=\"1024\" height=\"683\" src=\"http:\/\/www.bechste.in\/riemumielen\/wp-content\/uploads\/2019\/10\/Elo-puppies_MI-0118_lores-1024x683.jpg\" alt=\"\" class=\"wp-image-77\" srcset=\"https:\/\/www.riemumielen.fi\/wp-content\/uploads\/2019\/10\/Elo-puppies_MI-0118_lores-1024x683.jpg 1024w, https:\/\/www.riemumielen.fi\/wp-content\/uploads\/2019\/10\/Elo-puppies_MI-0118_lores-300x200.jpg 300w, https:\/\/www.riemumielen.fi\/wp-content\/uploads\/2019\/10\/Elo-puppies_MI-0118_lores-768x512.jpg 768w, https:\/\/www.riemumielen.fi\/wp-content\/uploads\/2019\/10\/Elo-puppies_MI-0118_lores-750x500.jpg 750w, https:\/\/www.riemumielen.fi\/wp-content\/uploads\/2019\/10\/Elo-puppies_MI-0118_lores.jpg 1200w\" sizes=\"auto, (max-width: 1024px) 100vw, 1024px\" \/><\/figure>\n\n\n\n<p><\/p>\n\n\n\n<figure class=\"wp-block-table is-style-stripes\"><table><tbody><tr><td><br><strong>Virallinen nimi ja kutsumanimi<\/strong><\/td><td><strong>V\u00e4ri<\/strong><\/td><td><strong>Sukupuoli<\/strong><\/td><td><strong>Terveys<\/strong><\/td><td><strong>Muuta<\/strong><\/td><\/tr><tr><td><a href=\"https:\/\/www.riemumielen.fi\/jalostusuroksia\/\" data-type=\"page\" data-id=\"12367\">Riemumielen Hurjasusi Kuunvalossa<br>&#8220;Routa&#8221;<\/a><\/td><td>soopeli<\/td><td>uros<\/td><td>silm\u00e4terve<br>DM normaali<br>MDR1 kantaja<br>lonkat A\/B<br>kyyn\u00e4rnivel 0\/0<\/td><td>N\u00e4yttelyist\u00e4 2 x SERT, 1 x ROP<br>Asuu Valkealassa<\/td><\/tr><tr><td><a href=\"https:\/\/www.riemumielen.fi\/koiramme\/kaisla\/\">Riemumielen Hurjasusi Nymeria<br>&#8220;Kaisla&#8221;<\/a><\/td><td>soopeli<\/td><td>narttu<\/td><td>silm\u00e4terve, PPM<br>DM normaali<br>MDR1 kantaja<br>lonkat B\/B<br>kyyn\u00e4rnivel 0\/0<\/td><td>Rally-toko RTK3 <br>Toko AVO1<br>Asuu kasvattajalla<\/td><\/tr><\/tbody><\/table><\/figure>\n\n\n\n<figure class=\"wp-block-gallery has-nested-images columns-default is-cropped wp-block-gallery-1 is-layout-flex wp-block-gallery-is-layout-flex\">\n<figure class=\"wp-block-image size-large\"><img loading=\"lazy\" decoding=\"async\" width=\"799\" height=\"960\" data-id=\"12747\" src=\"https:\/\/www.riemumielen.fi\/wp-content\/uploads\/2022\/07\/Routa-3.jpg\" alt=\"\" class=\"wp-image-12747\" srcset=\"https:\/\/www.riemumielen.fi\/wp-content\/uploads\/2022\/07\/Routa-3.jpg 799w, https:\/\/www.riemumielen.fi\/wp-content\/uploads\/2022\/07\/Routa-3-250x300.jpg 250w, https:\/\/www.riemumielen.fi\/wp-content\/uploads\/2022\/07\/Routa-3-768x923.jpg 768w, https:\/\/www.riemumielen.fi\/wp-content\/uploads\/2022\/07\/Routa-3-97x116.jpg 97w\" sizes=\"auto, (max-width: 799px) 100vw, 799px\" \/><figcaption>Routa (Riemumielen Hurjasusi Kuunvalossa)<\/figcaption><\/figure>\n\n\n\n<figure class=\"wp-block-image size-large\"><img loading=\"lazy\" decoding=\"async\" width=\"680\" height=\"1024\" data-id=\"12749\" src=\"https:\/\/www.riemumielen.fi\/wp-content\/uploads\/2022\/07\/Kaisla-Riemumielen-Hurjasusi-Nymeria-kasvo-680x1024.jpg\" alt=\"\" class=\"wp-image-12749\" srcset=\"https:\/\/www.riemumielen.fi\/wp-content\/uploads\/2022\/07\/Kaisla-Riemumielen-Hurjasusi-Nymeria-kasvo-680x1024.jpg 680w, https:\/\/www.riemumielen.fi\/wp-content\/uploads\/2022\/07\/Kaisla-Riemumielen-Hurjasusi-Nymeria-kasvo-199x300.jpg 199w, https:\/\/www.riemumielen.fi\/wp-content\/uploads\/2022\/07\/Kaisla-Riemumielen-Hurjasusi-Nymeria-kasvo-768x1157.jpg 768w, https:\/\/www.riemumielen.fi\/wp-content\/uploads\/2022\/07\/Kaisla-Riemumielen-Hurjasusi-Nymeria-kasvo-1020x1536.jpg 1020w, https:\/\/www.riemumielen.fi\/wp-content\/uploads\/2022\/07\/Kaisla-Riemumielen-Hurjasusi-Nymeria-kasvo-scaled.jpg 1360w, https:\/\/www.riemumielen.fi\/wp-content\/uploads\/2022\/07\/Kaisla-Riemumielen-Hurjasusi-Nymeria-kasvo-77x116.jpg 77w\" sizes=\"auto, (max-width: 680px) 100vw, 680px\" \/><figcaption>Kaisla (Riemumielen Hurjasusi Nymeria)<\/figcaption><\/figure>\n<\/figure>\n\n\n\n<figure class=\"wp-block-gallery has-nested-images columns-default is-cropped wp-block-gallery-2 is-layout-flex wp-block-gallery-is-layout-flex\">\n<figure class=\"wp-block-image size-full\"><img loading=\"lazy\" decoding=\"async\" width=\"960\" height=\"640\" data-id=\"12748\" src=\"https:\/\/www.riemumielen.fi\/wp-content\/uploads\/2022\/07\/Routa-4.jpg\" alt=\"\" class=\"wp-image-12748\" srcset=\"https:\/\/www.riemumielen.fi\/wp-content\/uploads\/2022\/07\/Routa-4.jpg 960w, https:\/\/www.riemumielen.fi\/wp-content\/uploads\/2022\/07\/Routa-4-300x200.jpg 300w, https:\/\/www.riemumielen.fi\/wp-content\/uploads\/2022\/07\/Routa-4-768x512.jpg 768w, https:\/\/www.riemumielen.fi\/wp-content\/uploads\/2022\/07\/Routa-4-750x500.jpg 750w, https:\/\/www.riemumielen.fi\/wp-content\/uploads\/2022\/07\/Routa-4-174x116.jpg 174w\" sizes=\"auto, (max-width: 960px) 100vw, 960px\" \/><figcaption>Routa (Riemumielen Hurjasusi Kuunvalossa)<\/figcaption><\/figure>\n\n\n\n<figure class=\"wp-block-image size-large\"><img loading=\"lazy\" decoding=\"async\" width=\"900\" height=\"606\" data-id=\"12750\" src=\"https:\/\/www.riemumielen.fi\/wp-content\/uploads\/2022\/07\/Riemumielen-Hurjasusi-Nymeria.png\" alt=\"\" class=\"wp-image-12750\" srcset=\"https:\/\/www.riemumielen.fi\/wp-content\/uploads\/2022\/07\/Riemumielen-Hurjasusi-Nymeria.png 900w, https:\/\/www.riemumielen.fi\/wp-content\/uploads\/2022\/07\/Riemumielen-Hurjasusi-Nymeria-300x202.png 300w, https:\/\/www.riemumielen.fi\/wp-content\/uploads\/2022\/07\/Riemumielen-Hurjasusi-Nymeria-768x517.png 768w, https:\/\/www.riemumielen.fi\/wp-content\/uploads\/2022\/07\/Riemumielen-Hurjasusi-Nymeria-172x116.png 172w\" sizes=\"auto, (max-width: 900px) 100vw, 900px\" \/><figcaption>Kaisla (Riemumielen Hurjasusi Nymeria)<\/figcaption><\/figure>\n<\/figure>\n","protected":false},"excerpt":{"rendered":"<p>PENTUE S. 22.12.2017 is\u00e4: em\u00e4: FI &amp; SE &amp; EE MVA JK3 TK1 BH Irokon Moonlight &#8220;Rasti&#8221; PAIM-T RTK2 Goldentroll&#8217;s Song Of Ice And Fire &#8220;Sansa&#8221; Sansan ja Rastin yhdistelm\u00e4 laitettiin alulle Rasti-is\u00e4n ollessa jo yli 10 vuoden kyps\u00e4ss\u00e4 i\u00e4ss\u00e4. Sansa synnytti normaalisti 2 reipasta pentua odotusvuorokausilla 62. Pentueessa on 1 urospentu ja 1 narttupentu, [&hellip;]<\/p>\n","protected":false},"author":1,"featured_media":239,"parent":12,"menu_order":2,"comment_status":"closed","ping_status":"closed","template":"","meta":{"_exactmetrics_skip_tracking":false,"_exactmetrics_sitenote_active":false,"_exactmetrics_sitenote_note":"","_exactmetrics_sitenote_category":0,"footnotes":""},"class_list":["post-238","page","type-page","status-publish","has-post-thumbnail","hentry"],"_links":{"self":[{"href":"https:\/\/www.riemumielen.fi\/de\/wp-json\/wp\/v2\/pages\/238","targetHints":{"allow":["GET"]}}],"collection":[{"href":"https:\/\/www.riemumielen.fi\/de\/wp-json\/wp\/v2\/pages"}],"about":[{"href":"https:\/\/www.riemumielen.fi\/de\/wp-json\/wp\/v2\/types\/page"}],"author":[{"embeddable":true,"href":"https:\/\/www.riemumielen.fi\/de\/wp-json\/wp\/v2\/users\/1"}],"replies":[{"embeddable":true,"href":"https:\/\/www.riemumielen.fi\/de\/wp-json\/wp\/v2\/comments?post=238"}],"version-history":[{"count":7,"href":"https:\/\/www.riemumielen.fi\/de\/wp-json\/wp\/v2\/pages\/238\/revisions"}],"predecessor-version":[{"id":12805,"href":"https:\/\/www.riemumielen.fi\/de\/wp-json\/wp\/v2\/pages\/238\/revisions\/12805"}],"up":[{"embeddable":true,"href":"https:\/\/www.riemumielen.fi\/de\/wp-json\/wp\/v2\/pages\/12"}],"wp:featuredmedia":[{"embeddable":true,"href":"https:\/\/www.riemumielen.fi\/de\/wp-json\/wp\/v2\/media\/239"}],"wp:attachment":[{"href":"https:\/\/www.riemumielen.fi\/de\/wp-json\/wp\/v2\/media?parent=238"}],"curies":[{"name":"wp","href":"https:\/\/api.w.org\/{rel}","templated":true}]}}