{"id":205,"date":"2019-10-26T21:29:58","date_gmt":"2019-10-26T19:29:58","guid":{"rendered":"http:\/\/www.bechste.in\/riemumielen\/?page_id=205"},"modified":"2023-08-02T13:51:12","modified_gmt":"2023-08-02T10:51:12","slug":"lyyti","status":"publish","type":"page","link":"https:\/\/www.riemumielen.fi\/de\/koiramme\/lyyti\/","title":{"rendered":"LYYTI"},"content":{"rendered":"\n<h3 class=\"wp-block-heading\">PAIM-T RIEMUMIELEN\nMETS\u00c4N HALTIJA<\/h3>\n\n\n\n<div class=\"wp-block-columns has-2-columns is-layout-flex wp-container-core-columns-is-layout-9d6595d7 wp-block-columns-is-layout-flex\">\n<div class=\"wp-block-column is-layout-flow wp-block-column-is-layout-flow\">\n<p>syntynyt: 2.4.2016<br>sukupuoli: narttu<\/p>\n\n\n\n<p>kasvattaja: Riemumielen kennel, Heidi Bechstein <br>omistaja: Laura Koskenranta<\/p>\n<\/div>\n\n\n\n<div class=\"wp-block-column is-layout-flow wp-block-column-is-layout-flow\">\n<p class=\"has-text-align-right\">pitk\u00e4karvainen collie<br><a href=\"http:\/\/jalostus.kennelliitto.fi\/frmKoira.aspx?RekNo=FI25450%2F16&amp;R=156\" target=\"_blank\" rel=\"noreferrer noopener\">Koiranet-linkki<\/a><br><a aria-label=\" (opens in a new tab)\" href=\"http:\/\/picasaweb.google.com\/105810407984016085501\/\" target=\"_blank\" rel=\"noreferrer noopener\">Lis\u00e4\u00e4 valokuvia<\/a><\/p>\n<\/div>\n<\/div>\n\n\n\n<p>Em\u00e4: <a href=\"https:\/\/jalostus.kennelliitto.fi\/frmKoira.aspx?RekNo=FI25843%2F12\" target=\"_blank\" rel=\"noreferrer noopener\">FI RTVA Ruffenuff Peppermint Twist<\/a> (Riemu)<br>Is\u00e4: <a href=\"https:\/\/jalostus.kennelliitto.fi\/frmKoira.aspx?RekNo=FI17499%2F09&amp;R=156\" target=\"_blank\" rel=\"noreferrer noopener\">FI TVA C.I.B. &amp; FI &amp; EE &amp; LV &amp; LT &amp; BALT CH TLNW-13 PAIM1 PAIME BH RTK3&nbsp;Suvituikun Jacky-Bear<\/a> (Jacky)<\/p>\n\n\n\n<figure class=\"wp-block-gallery has-nested-images columns-default is-cropped wp-block-gallery-1 is-layout-flex wp-block-gallery-is-layout-flex\">\n<figure class=\"wp-block-image size-large\"><a href=\"https:\/\/i0.wp.com\/www.riemumielen.fi\/wp-content\/uploads\/2019\/10\/Lyyti-2018.jpg?ssl=1\"><img data-recalc-dims=\"1\" loading=\"lazy\" decoding=\"async\" width=\"526\" height=\"700\" data-attachment-id=\"206\" data-permalink=\"https:\/\/www.riemumielen.fi\/de\/koiramme\/lyyti\/attachment\/lyyti-2018\/\" data-orig-file=\"https:\/\/i0.wp.com\/www.riemumielen.fi\/wp-content\/uploads\/2019\/10\/Lyyti-2018.jpg?fit=526%2C700&amp;ssl=1\" data-orig-size=\"526,700\" data-comments-opened=\"0\" data-image-meta=\"{&quot;aperture&quot;:&quot;0&quot;,&quot;credit&quot;:&quot;&quot;,&quot;camera&quot;:&quot;&quot;,&quot;caption&quot;:&quot;&quot;,&quot;created_timestamp&quot;:&quot;0&quot;,&quot;copyright&quot;:&quot;&quot;,&quot;focal_length&quot;:&quot;0&quot;,&quot;iso&quot;:&quot;0&quot;,&quot;shutter_speed&quot;:&quot;0&quot;,&quot;title&quot;:&quot;&quot;,&quot;orientation&quot;:&quot;0&quot;}\" data-image-title=\"Lyyti collie 2018\" data-image-description=\"\" data-image-caption=\"\" data-medium-file=\"https:\/\/i0.wp.com\/www.riemumielen.fi\/wp-content\/uploads\/2019\/10\/Lyyti-2018.jpg?fit=225%2C300&amp;ssl=1\" data-large-file=\"https:\/\/i0.wp.com\/www.riemumielen.fi\/wp-content\/uploads\/2019\/10\/Lyyti-2018.jpg?fit=526%2C700&amp;ssl=1\" data-id=\"206\" src=\"https:\/\/i0.wp.com\/www.bechste.in\/riemumielen\/wp-content\/uploads\/2019\/10\/Lyyti-2018.jpg?resize=526%2C700\" alt=\"\" class=\"wp-image-206\" srcset=\"https:\/\/i0.wp.com\/www.riemumielen.fi\/wp-content\/uploads\/2019\/10\/Lyyti-2018.jpg?w=526&amp;ssl=1 526w, https:\/\/i0.wp.com\/www.riemumielen.fi\/wp-content\/uploads\/2019\/10\/Lyyti-2018.jpg?resize=225%2C300&amp;ssl=1 225w\" sizes=\"auto, (max-width: 526px) 100vw, 526px\" \/><\/a><\/figure>\n\n\n\n<figure class=\"wp-block-image size-large\"><a href=\"https:\/\/i0.wp.com\/www.riemumielen.fi\/wp-content\/uploads\/2019\/10\/Lyyti-2.jpg?ssl=1\"><img data-recalc-dims=\"1\" loading=\"lazy\" decoding=\"async\" width=\"640\" height=\"960\" data-attachment-id=\"107\" data-permalink=\"https:\/\/www.riemumielen.fi\/de\/koiramme\/attachment\/lyyti-2\/\" data-orig-file=\"https:\/\/i0.wp.com\/www.riemumielen.fi\/wp-content\/uploads\/2019\/10\/Lyyti-2.jpg?fit=934%2C1400&amp;ssl=1\" data-orig-size=\"934,1400\" data-comments-opened=\"0\" data-image-meta=\"{&quot;aperture&quot;:&quot;2.2&quot;,&quot;credit&quot;:&quot;&quot;,&quot;camera&quot;:&quot;NIKON D800&quot;,&quot;caption&quot;:&quot;&quot;,&quot;created_timestamp&quot;:&quot;1463737169&quot;,&quot;copyright&quot;:&quot;&quot;,&quot;focal_length&quot;:&quot;85&quot;,&quot;iso&quot;:&quot;400&quot;,&quot;shutter_speed&quot;:&quot;0.0005&quot;,&quot;title&quot;:&quot;&quot;,&quot;orientation&quot;:&quot;1&quot;}\" data-image-title=\"Lyyti colliepentu\" data-image-description=\"\" data-image-caption=\"\" data-medium-file=\"https:\/\/i0.wp.com\/www.riemumielen.fi\/wp-content\/uploads\/2019\/10\/Lyyti-2.jpg?fit=200%2C300&amp;ssl=1\" data-large-file=\"https:\/\/i0.wp.com\/www.riemumielen.fi\/wp-content\/uploads\/2019\/10\/Lyyti-2.jpg?fit=640%2C960&amp;ssl=1\" data-id=\"107\" src=\"https:\/\/i0.wp.com\/www.bechste.in\/riemumielen\/wp-content\/uploads\/2019\/10\/Lyyti-2-683x1024.jpg?resize=640%2C960\" alt=\"\" class=\"wp-image-107\" srcset=\"https:\/\/i0.wp.com\/www.riemumielen.fi\/wp-content\/uploads\/2019\/10\/Lyyti-2.jpg?resize=683%2C1024&amp;ssl=1 683w, https:\/\/i0.wp.com\/www.riemumielen.fi\/wp-content\/uploads\/2019\/10\/Lyyti-2.jpg?resize=200%2C300&amp;ssl=1 200w, https:\/\/i0.wp.com\/www.riemumielen.fi\/wp-content\/uploads\/2019\/10\/Lyyti-2.jpg?resize=768%2C1151&amp;ssl=1 768w, https:\/\/i0.wp.com\/www.riemumielen.fi\/wp-content\/uploads\/2019\/10\/Lyyti-2.jpg?w=934&amp;ssl=1 934w\" sizes=\"auto, (max-width: 640px) 100vw, 640px\" \/><\/a><\/figure>\n\n\n\n<figure class=\"wp-block-image size-large\"><a href=\"https:\/\/i0.wp.com\/www.riemumielen.fi\/wp-content\/uploads\/2019\/10\/Lyyti.jpg?ssl=1\"><img data-recalc-dims=\"1\" loading=\"lazy\" decoding=\"async\" width=\"640\" height=\"611\" data-attachment-id=\"208\" data-permalink=\"https:\/\/www.riemumielen.fi\/de\/koiramme\/lyyti\/attachment\/lyyti-3\/\" data-orig-file=\"https:\/\/i0.wp.com\/www.riemumielen.fi\/wp-content\/uploads\/2019\/10\/Lyyti.jpg?fit=960%2C916&amp;ssl=1\" data-orig-size=\"960,916\" data-comments-opened=\"0\" data-image-meta=\"{&quot;aperture&quot;:&quot;0&quot;,&quot;credit&quot;:&quot;&quot;,&quot;camera&quot;:&quot;&quot;,&quot;caption&quot;:&quot;&quot;,&quot;created_timestamp&quot;:&quot;0&quot;,&quot;copyright&quot;:&quot;&quot;,&quot;focal_length&quot;:&quot;0&quot;,&quot;iso&quot;:&quot;0&quot;,&quot;shutter_speed&quot;:&quot;0&quot;,&quot;title&quot;:&quot;&quot;,&quot;orientation&quot;:&quot;0&quot;}\" data-image-title=\"Lyyti collie rallytoko\" data-image-description=\"\" data-image-caption=\"\" data-medium-file=\"https:\/\/i0.wp.com\/www.riemumielen.fi\/wp-content\/uploads\/2019\/10\/Lyyti.jpg?fit=300%2C286&amp;ssl=1\" data-large-file=\"https:\/\/i0.wp.com\/www.riemumielen.fi\/wp-content\/uploads\/2019\/10\/Lyyti.jpg?fit=640%2C611&amp;ssl=1\" data-id=\"208\" src=\"https:\/\/i0.wp.com\/www.bechste.in\/riemumielen\/wp-content\/uploads\/2019\/10\/Lyyti.jpg?resize=640%2C611\" alt=\"\" class=\"wp-image-208\" srcset=\"https:\/\/i0.wp.com\/www.riemumielen.fi\/wp-content\/uploads\/2019\/10\/Lyyti.jpg?w=960&amp;ssl=1 960w, https:\/\/i0.wp.com\/www.riemumielen.fi\/wp-content\/uploads\/2019\/10\/Lyyti.jpg?resize=300%2C286&amp;ssl=1 300w, https:\/\/i0.wp.com\/www.riemumielen.fi\/wp-content\/uploads\/2019\/10\/Lyyti.jpg?resize=768%2C733&amp;ssl=1 768w\" sizes=\"auto, (max-width: 640px) 100vw, 640px\" \/><\/a><\/figure>\n\n\n\n<figure class=\"wp-block-image size-large\"><a href=\"https:\/\/i0.wp.com\/www.riemumielen.fi\/wp-content\/uploads\/2019\/10\/Lyyti-istuu.jpg?ssl=1\"><img data-recalc-dims=\"1\" loading=\"lazy\" decoding=\"async\" width=\"640\" height=\"853\" data-attachment-id=\"207\" data-permalink=\"https:\/\/www.riemumielen.fi\/de\/koiramme\/lyyti\/attachment\/lyyti-istuu\/\" data-orig-file=\"https:\/\/i0.wp.com\/www.riemumielen.fi\/wp-content\/uploads\/2019\/10\/Lyyti-istuu.jpg?fit=720%2C960&amp;ssl=1\" data-orig-size=\"720,960\" data-comments-opened=\"0\" data-image-meta=\"{&quot;aperture&quot;:&quot;0&quot;,&quot;credit&quot;:&quot;&quot;,&quot;camera&quot;:&quot;&quot;,&quot;caption&quot;:&quot;&quot;,&quot;created_timestamp&quot;:&quot;0&quot;,&quot;copyright&quot;:&quot;&quot;,&quot;focal_length&quot;:&quot;0&quot;,&quot;iso&quot;:&quot;0&quot;,&quot;shutter_speed&quot;:&quot;0&quot;,&quot;title&quot;:&quot;&quot;,&quot;orientation&quot;:&quot;0&quot;}\" data-image-title=\"Lyyti collie istuu\" data-image-description=\"\" data-image-caption=\"\" data-medium-file=\"https:\/\/i0.wp.com\/www.riemumielen.fi\/wp-content\/uploads\/2019\/10\/Lyyti-istuu.jpg?fit=225%2C300&amp;ssl=1\" data-large-file=\"https:\/\/i0.wp.com\/www.riemumielen.fi\/wp-content\/uploads\/2019\/10\/Lyyti-istuu.jpg?fit=640%2C853&amp;ssl=1\" data-id=\"207\" src=\"https:\/\/i0.wp.com\/www.bechste.in\/riemumielen\/wp-content\/uploads\/2019\/10\/Lyyti-istuu.jpg?resize=640%2C853\" alt=\"\" class=\"wp-image-207\" srcset=\"https:\/\/i0.wp.com\/www.riemumielen.fi\/wp-content\/uploads\/2019\/10\/Lyyti-istuu.jpg?w=720&amp;ssl=1 720w, https:\/\/i0.wp.com\/www.riemumielen.fi\/wp-content\/uploads\/2019\/10\/Lyyti-istuu.jpg?resize=225%2C300&amp;ssl=1 225w\" sizes=\"auto, (max-width: 640px) 100vw, 640px\" \/><\/a><\/figure>\n\n\n\n<figure class=\"wp-block-image size-large\"><a href=\"https:\/\/i0.wp.com\/www.riemumielen.fi\/wp-content\/uploads\/2019\/10\/lyytilampaat.jpg?ssl=1\"><img data-recalc-dims=\"1\" loading=\"lazy\" decoding=\"async\" width=\"640\" height=\"440\" data-attachment-id=\"209\" data-permalink=\"https:\/\/www.riemumielen.fi\/de\/koiramme\/lyyti\/attachment\/lyytilampaat\/\" data-orig-file=\"https:\/\/i0.wp.com\/www.riemumielen.fi\/wp-content\/uploads\/2019\/10\/lyytilampaat.jpg?fit=875%2C602&amp;ssl=1\" data-orig-size=\"875,602\" data-comments-opened=\"0\" data-image-meta=\"{&quot;aperture&quot;:&quot;0&quot;,&quot;credit&quot;:&quot;&quot;,&quot;camera&quot;:&quot;&quot;,&quot;caption&quot;:&quot;&quot;,&quot;created_timestamp&quot;:&quot;0&quot;,&quot;copyright&quot;:&quot;&quot;,&quot;focal_length&quot;:&quot;0&quot;,&quot;iso&quot;:&quot;0&quot;,&quot;shutter_speed&quot;:&quot;0&quot;,&quot;title&quot;:&quot;&quot;,&quot;orientation&quot;:&quot;0&quot;}\" data-image-title=\"Lyyti collie ja lampaat\" data-image-description=\"\" data-image-caption=\"\" data-medium-file=\"https:\/\/i0.wp.com\/www.riemumielen.fi\/wp-content\/uploads\/2019\/10\/lyytilampaat.jpg?fit=300%2C206&amp;ssl=1\" data-large-file=\"https:\/\/i0.wp.com\/www.riemumielen.fi\/wp-content\/uploads\/2019\/10\/lyytilampaat.jpg?fit=640%2C440&amp;ssl=1\" data-id=\"209\" src=\"https:\/\/i0.wp.com\/www.bechste.in\/riemumielen\/wp-content\/uploads\/2019\/10\/lyytilampaat.jpg?resize=640%2C440\" alt=\"\" class=\"wp-image-209\" srcset=\"https:\/\/i0.wp.com\/www.riemumielen.fi\/wp-content\/uploads\/2019\/10\/lyytilampaat.jpg?w=875&amp;ssl=1 875w, https:\/\/i0.wp.com\/www.riemumielen.fi\/wp-content\/uploads\/2019\/10\/lyytilampaat.jpg?resize=300%2C206&amp;ssl=1 300w, https:\/\/i0.wp.com\/www.riemumielen.fi\/wp-content\/uploads\/2019\/10\/lyytilampaat.jpg?resize=768%2C528&amp;ssl=1 768w\" sizes=\"auto, (max-width: 640px) 100vw, 640px\" \/><\/a><\/figure>\n<\/figure>\n\n\n\n<h4 class=\"wp-block-heading\"><strong>Luonnekuvaus<\/strong><\/h4>\n\n\n\n<p>Lyyti (PAIM-T Riemumielen Mets\u00e4n Haltija) on Riemumielen aiempi sijoituskoira, joka on siirtynyt sijoitushaltijan Lauran omistukseen. Lyytill\u00e4 ei ole pentuja. Kiitos Laura yhteisty\u00f6st\u00e4!<br><br>Lyyti on tumma soopelitytt\u00f6, jonka kanssa harrastetaan rally-tokoa, tokoa ja el\u00e4inetsint\u00e4\u00e4 (Susirajan Etsiv\u00e4koirat). Lyyti on luonteeltaan t\u00e4ysin \u00e4\u00e4nivarma, iloinen, leikkis\u00e4 ja sosiaalinen ja sen kanssa on helppo kulkea paikassa kuin paikassa. Harrastuksissa Lyyti palkkautuu hyvin ruoalla ja leikill\u00e4. Lyyti on luonnetestattu + 80 laukausvarma ja on perusterve koira. Kevyet korvat.<br><br>Lyyti on Riemumielen ensimm\u00e4isest\u00e4 pentueesta. Lyytin em\u00e4 on <a aria-label=\"FI RTVA BH\u00a0Ruffenuff Peppermint Twist (avautuu uudessa v\u00e4lilehdess\u00e4)\" href=\"https:\/\/www.riemumielen.fi\/koiramme\/riemu\/\" target=\"_blank\" rel=\"noreferrer noopener\">FI RTVA BH\u00a0Ruffenuff Peppermint Twist<\/a> ja is\u00e4\u00a0<a aria-label=\"FI TVA, C.I.B. &amp; FI &amp; EE &amp; LV &amp; LT &amp; BALT CH, TLNW-13, PAIM1, PAIME, BH, RTK3\u00a0Suvituikun Jacky-Bear (avautuu uudessa v\u00e4lilehdess\u00e4)\" href=\"https:\/\/jalostus.kennelliitto.fi\/frmKoira.aspx?RekNo=FI17499\/09&amp;R=156\" target=\"_blank\" rel=\"noreferrer noopener\">FI TVA, C.I.B. &amp; FI &amp; EE &amp; LV &amp; LT &amp; BALT CH, TLNW-13, PAIM1, PAIME, BH, RTK3\u00a0Suvituikun Jacky-Bear<\/a>.<\/p>\n\n\n\n<h4 class=\"wp-block-heading\">Riemumielen koirablogissa<\/h4>\n\n\n\n<ul class=\"wp-block-list\">\n<li><a href=\"https:\/\/www.riemumielen.fi\/pentueet\/riemumieli-esittaytyy-lyyti\/\">Riemumieli esitt\u00e4ytyy: Lyyti<\/a><\/li>\n<\/ul>\n\n\n\n<h4 class=\"wp-block-heading\"><strong>Luonnetesti<\/strong><\/h4>\n\n\n\n<ul class=\"wp-block-list\">\n<li>13.7.2019 Kuopio<\/li>\n\n\n\n<li>tuomarit: Jorma Kerkk\u00e4, Leena Berg<\/li>\n\n\n\n<li>ik\u00e4 testiss\u00e4: 3 vuotta 3 kuukautta<br><br><strong> Tulos: +80, laukausvarma (hyv\u00e4ksytty) <\/strong><\/li>\n<\/ul>\n\n\n\n<h4 class=\"wp-block-heading\">Luonnetestivideo<\/h4>\n\n\n\n<p><a href=\"https:\/\/youtu.be\/sSsPx-RuouE\" target=\"_blank\" rel=\"noreferrer noopener\">https:\/\/youtu.be\/sSsPx-RuouE<\/a><\/p>\n\n\n\n<h4 class=\"wp-block-heading\"><strong>Terveys<\/strong><\/h4>\n\n\n\n<ul class=\"wp-block-list\">\n<li>lonkat: B\/B<\/li>\n\n\n\n<li>kyyn\u00e4rnivel: 0\/0<\/li>\n\n\n\n<li>polvet: 0\/0<\/li>\n\n\n\n<li>selk\u00e4: VA0, SP0, LTV0 (Viimeisess\u00e4 rintanikamassa vaillinaisesti kehittyneet kylkiluut)<\/li>\n\n\n\n<li>syd\u00e4n: ei sivu\u00e4\u00e4ni\u00e4<\/li>\n\n\n\n<li>silm\u00e4t:&nbsp;CEA vapaa pentuna ja aikuisena<\/li>\n\n\n\n<li>DM-geenitestattu: N\/DM&nbsp;<\/li>\n<\/ul>\n\n\n\n<h4 class=\"wp-block-heading\"><strong>Harrastukset<\/strong><\/h4>\n\n\n\n<p>Lyyti harrastaa aktiivisesti rally-tokoa, tokoa ja j\u00e4lke\u00e4. Lyyti&nbsp;on suorittanut virallisen paimennustaipumuskokeen (PAIM-T) hyv\u00e4ksytysti.<br><br>Lyyti on Susirajan Etsiv\u00e4koirat ry:n virallinen h\u00e4lykoira.<\/p>\n\n\n\n<ul class=\"wp-block-list\">\n<li>Paimennus:<br>\n<ul class=\"wp-block-list\">\n<li>Virallinen FCI paimennustaipumuskoe PAIM-T 3.9.2017 Kuopio: hyv\u00e4ksytty. Tuomari Sinikka Kumpusalmi. Ik\u00e4: 1 v 4 kk<br><\/li>\n<\/ul>\n<\/li>\n\n\n\n<li>Rally-toko:<br>\n<ul class=\"wp-block-list\">\n<li>ALO 2 x hyv\u00e4ksytty rata<\/li>\n<\/ul>\n<\/li>\n<\/ul>\n\n\n\n<h4 class=\"wp-block-heading\"><strong>N\u00e4yttelyt<\/strong><\/h4>\n\n\n\n<h5 class=\"wp-block-heading\">PEK4: <\/h5>\n\n\n\n<blockquote class=\"wp-block-quote is-style-default has-medium-font-size is-layout-flow wp-block-quote-is-layout-flow\">\n<p>5 1\/2kk mittasuhteet oikeat. P\u00e4\u00e4ss\u00e4 hyv\u00e4 pituus ja kauniit silm\u00e4t. Purenta vaihtumassa. Toinen korva pysty. Ik\u00e4\u00e4n sopiva runko ja raajaluusto. Hieman korkea kinner, muuten tasapainossa. Etuosa saa kiinteyty\u00e4. Kaunis kaulankaari.<\/p>\n<cite>  Nina Janger,&nbsp;18.9.2016 Helsinki. <\/cite><\/blockquote>\n\n\n\n<h5 class=\"wp-block-heading\">JUN EH: <\/h5>\n\n\n\n<blockquote class=\"wp-block-quote is-style-default has-medium-font-size is-layout-flow wp-block-quote-is-layout-flow\">\n<p>Trevlig helhet, bra tikhund. \u00d6ron \u00e4r ett upp och ett lite mindre. Litet kort hals. Bra rygg. Litet understabilt bak. Kort steg. Bra p\u00e4ls.<\/p>\n<cite>  Carl-Gunnar Stafberg, Ruotsi, 23.4.2017 Outokumpu. <\/cite><\/blockquote>\n\n\n\n<h5 class=\"wp-block-heading\">JUN EH: <\/h5>\n\n\n\n<blockquote class=\"wp-block-quote is-style-default has-medium-font-size is-layout-flow wp-block-quote-is-layout-flow\">\n<p>Good size. Head is correct. Teeth are correct. Ears are a little bit prickly. Parallel feet. Changing last of hair.<\/p>\n<cite>Zsuzsanna Farkashazine Folkmann, Unkari, 17.9.2017 Hyvink\u00e4\u00e4 <\/cite><\/blockquote>\n","protected":false},"excerpt":{"rendered":"<p>PAIM-T RIEMUMIELEN METS\u00c4N HALTIJA syntynyt: 2.4.2016sukupuoli: narttu kasvattaja: Riemumielen kennel, Heidi Bechstein omistaja: Laura Koskenranta pitk\u00e4karvainen collieKoiranet-linkkiLis\u00e4\u00e4 valokuvia Em\u00e4: FI RTVA Ruffenuff Peppermint Twist (Riemu)Is\u00e4: FI TVA C.I.B. &amp; FI &amp; EE &amp; LV &amp; LT &amp; BALT CH TLNW-13 PAIM1 PAIME BH RTK3&nbsp;Suvituikun Jacky-Bear (Jacky) Luonnekuvaus Lyyti (PAIM-T Riemumielen Mets\u00e4n Haltija) on Riemumielen aiempi [&hellip;]<\/p>\n","protected":false},"author":1,"featured_media":316,"parent":9,"menu_order":5,"comment_status":"closed","ping_status":"closed","template":"","meta":{"_exactmetrics_skip_tracking":false,"_exactmetrics_sitenote_active":false,"_exactmetrics_sitenote_note":"","_exactmetrics_sitenote_category":0,"jetpack_post_was_ever_published":false,"footnotes":""},"class_list":["post-205","page","type-page","status-publish","has-post-thumbnail","hentry"],"jetpack-related-posts":[{"id":12,"url":"https:\/\/www.riemumielen.fi\/de\/pentueet\/","url_meta":{"origin":205,"position":0},"title":"Pentueet","author":"Heidi Bechstein","date":"26.10.2019","format":false,"excerpt":"[:fi] Riemumielen kennelnimelle syntyneet pentueet Riemumielen kennelnimelle on syntynyt viisi pitk\u00e4karvaisen collien pentuetta vuosina 2016-2024. Kennelnimi on my\u00f6nnetty vuonna 2011. Riemumielen colliet KoiraNet-jalostustietoj\u00e4rjestelm\u00e4ss\u00e4 (kennelliitto.fi)Riemumielen - kasvattaja - Suomen Collieyhdistys ry Pedigree Database (pedigreedatabaseonline.com) Pentueet Riemumielen 1. pentue: Karhunpennut (2016) Riemumielen 2. pentue: Hurjasudet (2017) Riemumielen 3. pentue: Game Of Thrones\u2026","rel":"","context":"\u00c4hnlicher Beitrag","block_context":{"text":"\u00c4hnlicher Beitrag","link":""},"img":{"alt_text":"","src":"https:\/\/i0.wp.com\/www.riemumielen.fi\/wp-content\/uploads\/2019\/10\/riemunpennut2.png?resize=350%2C200","width":350,"height":200,"srcset":"https:\/\/i0.wp.com\/www.riemumielen.fi\/wp-content\/uploads\/2019\/10\/riemunpennut2.png?resize=350%2C200 1x, https:\/\/i0.wp.com\/www.riemumielen.fi\/wp-content\/uploads\/2019\/10\/riemunpennut2.png?resize=525%2C300 1.5x, https:\/\/i0.wp.com\/www.riemumielen.fi\/wp-content\/uploads\/2019\/10\/riemunpennut2.png?resize=700%2C400 2x, https:\/\/i0.wp.com\/www.riemumielen.fi\/wp-content\/uploads\/2019\/10\/riemunpennut2.png?resize=1050%2C600 3x"},"classes":[]},{"id":245,"url":"https:\/\/www.riemumielen.fi\/de\/pentueet\/riemumielen-1-pentue-karhunpennut\/","url_meta":{"origin":205,"position":1},"title":"Riemumielen 1. pentue: Karhunpennut","author":"Heidi Bechstein","date":"26.10.2019","format":false,"excerpt":"[:fi] PENTUE S. 2.4.2016 is\u00e4: em\u00e4: FI TVA C.I.B. & FI & EE & LV & LT & BALT CH TLNW-13 PAIM1 PAIME BH RTK3\u00a0Suvituikun Jacky-Bear \"Jacky\" RTVA BH\u00a0Ruffenuff Peppermint Twist \"Riemu\" Linkkej\u00e4: Valokuvia pennuista Ensimm\u00e4inen Riemumielen pentue laitettiin alulle kun Riemu ja Jacky treffasivat onnistuneesti helmikuun 2016 alussa Forssassa.\u2026","rel":"","context":"\u00c4hnlicher Beitrag","block_context":{"text":"\u00c4hnlicher Beitrag","link":""},"img":{"alt_text":"","src":"https:\/\/i0.wp.com\/www.riemumielen.fi\/wp-content\/uploads\/2019\/10\/bechstein-nettikuva-091.jpg?fit=1200%2C801&ssl=1&resize=350%2C200","width":350,"height":200,"srcset":"https:\/\/i0.wp.com\/www.riemumielen.fi\/wp-content\/uploads\/2019\/10\/bechstein-nettikuva-091.jpg?fit=1200%2C801&ssl=1&resize=350%2C200 1x, https:\/\/i0.wp.com\/www.riemumielen.fi\/wp-content\/uploads\/2019\/10\/bechstein-nettikuva-091.jpg?fit=1200%2C801&ssl=1&resize=525%2C300 1.5x, https:\/\/i0.wp.com\/www.riemumielen.fi\/wp-content\/uploads\/2019\/10\/bechstein-nettikuva-091.jpg?fit=1200%2C801&ssl=1&resize=700%2C400 2x, https:\/\/i0.wp.com\/www.riemumielen.fi\/wp-content\/uploads\/2019\/10\/bechstein-nettikuva-091.jpg?fit=1200%2C801&ssl=1&resize=1050%2C600 3x"},"classes":[]},{"id":233,"url":"https:\/\/www.riemumielen.fi\/de\/pentueet\/riemumielen-3-pentue-game-of-thrones\/","url_meta":{"origin":205,"position":2},"title":"Riemumielen 3. pentue: Game Of Thrones","author":"Heidi Bechstein","date":"26.10.2019","format":false,"excerpt":"[:fi] PENTUE S. 2.5.2019 is\u00e4: em\u00e4: Oceanbourn Guardian Of Islay \"Pablo\" PAIM-T RTK2 Goldentroll's Song Of Ice And Fire \"Sansa\" Sansalle ja Pablolle syntyi 6 tervett\u00e4 soopelipentua toukokuun alussa. Pennut syntyiv\u00e4t kantovuorokautena 61 luonnollisen astutuksen ja hyvin sujuneen kantoajan j\u00e4lkeen. Sansan synnytys kesti melko kauan pentujen suuren koon vuoksi ja\u2026","rel":"","context":"\u00c4hnlicher Beitrag","block_context":{"text":"\u00c4hnlicher Beitrag","link":""},"img":{"alt_text":"","src":"https:\/\/i0.wp.com\/www.riemumielen.fi\/wp-content\/uploads\/2019\/10\/Sansan-GOT-pennut.jpg?fit=960%2C720&ssl=1&resize=350%2C200","width":350,"height":200,"srcset":"https:\/\/i0.wp.com\/www.riemumielen.fi\/wp-content\/uploads\/2019\/10\/Sansan-GOT-pennut.jpg?fit=960%2C720&ssl=1&resize=350%2C200 1x, https:\/\/i0.wp.com\/www.riemumielen.fi\/wp-content\/uploads\/2019\/10\/Sansan-GOT-pennut.jpg?fit=960%2C720&ssl=1&resize=525%2C300 1.5x, https:\/\/i0.wp.com\/www.riemumielen.fi\/wp-content\/uploads\/2019\/10\/Sansan-GOT-pennut.jpg?fit=960%2C720&ssl=1&resize=700%2C400 2x"},"classes":[]},{"id":13825,"url":"https:\/\/www.riemumielen.fi\/de\/riemumielen-5-pentue-mozart\/","url_meta":{"origin":205,"position":3},"title":"Riemumielen 5. pentue: Mozart","author":"Heidi Bechstein","date":"07.01.2025","format":false,"excerpt":"[:fi] PENTUE S. 13.11.2024 is\u00e4: Dark Dynasty\u2019s Soul Saving Mozart\u00a0(Niki) em\u00e4: PAIM-T Riemumielen Ihmeellinen Illusia\u00a0(Enia) Enian ja Nikin pennut syntyiv\u00e4t 13.11.2024. Pentueessa on 4 tytt\u00f6\u00e4, joista 1 soopeli ja 3 tricolouria. Lis\u00e4ksi syntyi yksi enkelipentu, jonka voimat eiv\u00e4t riitt\u00e4neet. Enia oli meill\u00e4 sijoituksessa ja hain sen meille Keravalle l\u00e4hestyv\u00e4\u00e4 synnytyst\u00e4\u2026","rel":"","context":"\u00c4hnlicher Beitrag","block_context":{"text":"\u00c4hnlicher Beitrag","link":""},"img":{"alt_text":"","src":"https:\/\/i0.wp.com\/www.riemumielen.fi\/wp-content\/uploads\/2025\/01\/IMG_3348.jpeg?fit=1200%2C900&ssl=1&resize=350%2C200","width":350,"height":200,"srcset":"https:\/\/i0.wp.com\/www.riemumielen.fi\/wp-content\/uploads\/2025\/01\/IMG_3348.jpeg?fit=1200%2C900&ssl=1&resize=350%2C200 1x, https:\/\/i0.wp.com\/www.riemumielen.fi\/wp-content\/uploads\/2025\/01\/IMG_3348.jpeg?fit=1200%2C900&ssl=1&resize=525%2C300 1.5x, https:\/\/i0.wp.com\/www.riemumielen.fi\/wp-content\/uploads\/2025\/01\/IMG_3348.jpeg?fit=1200%2C900&ssl=1&resize=700%2C400 2x, https:\/\/i0.wp.com\/www.riemumielen.fi\/wp-content\/uploads\/2025\/01\/IMG_3348.jpeg?fit=1200%2C900&ssl=1&resize=1050%2C600 3x"},"classes":[]},{"id":238,"url":"https:\/\/www.riemumielen.fi\/de\/pentueet\/riemumielen-2-pentue-hurjasudet\/","url_meta":{"origin":205,"position":4},"title":"Riemumielen 2. pentue: Hurjasudet","author":"Heidi Bechstein","date":"26.10.2019","format":false,"excerpt":"PENTUE S. 22.12.2017 is\u00e4: em\u00e4: FI & SE & EE MVA JK3 TK1 BH Irokon Moonlight \"Rasti\" PAIM-T RTK2 Goldentroll's Song Of Ice And Fire \"Sansa\" Sansan ja Rastin yhdistelm\u00e4 laitettiin alulle Rasti-is\u00e4n ollessa jo yli 10 vuoden kyps\u00e4ss\u00e4 i\u00e4ss\u00e4. Sansa synnytti normaalisti 2 reipasta pentua odotusvuorokausilla 62. Pentueessa on\u2026","rel":"","context":"\u00c4hnlicher Beitrag","block_context":{"text":"\u00c4hnlicher Beitrag","link":""},"img":{"alt_text":"","src":"https:\/\/i0.wp.com\/www.riemumielen.fi\/wp-content\/uploads\/2019\/10\/2.pentue.jpg?fit=960%2C720&ssl=1&resize=350%2C200","width":350,"height":200,"srcset":"https:\/\/i0.wp.com\/www.riemumielen.fi\/wp-content\/uploads\/2019\/10\/2.pentue.jpg?fit=960%2C720&ssl=1&resize=350%2C200 1x, https:\/\/i0.wp.com\/www.riemumielen.fi\/wp-content\/uploads\/2019\/10\/2.pentue.jpg?fit=960%2C720&ssl=1&resize=525%2C300 1.5x, https:\/\/i0.wp.com\/www.riemumielen.fi\/wp-content\/uploads\/2019\/10\/2.pentue.jpg?fit=960%2C720&ssl=1&resize=700%2C400 2x"},"classes":[]},{"id":11,"url":"https:\/\/www.riemumielen.fi\/de\/info\/esittely\/","url_meta":{"origin":205,"position":5},"title":"Esittely","author":"Heidi Bechstein","date":"26.10.2019","format":false,"excerpt":"[:fi] Olen Heidi Bechstein, nelj\u00e4kymppinen koiraharrastaja, pitk\u00e4karvaisten collieiden kasvattaja ja koirabloggaaja Keravalta. Minulla on ollut pitk\u00e4karvaisia collieita vuodesta 2003, yhteens\u00e4 kahdeksan collieta kotona ja kolme sijoituskodeissa. Kasvatan pitk\u00e4karvaisia collieita pienimuotoisesti kennelnimell\u00e4 Riemumielen ja kennelnimelleni on syntynyt viisi pentuetta. Blogini on Riemumielen koirablogi, josta l\u00f6yd\u00e4t kirjoituksia pitk\u00e4karvaisista collieista, koiraharrastuksista ja el\u00e4m\u00e4st\u00e4\u2026","rel":"","context":"\u00c4hnlicher Beitrag","block_context":{"text":"\u00c4hnlicher Beitrag","link":""},"img":{"alt_text":"","src":"https:\/\/i0.wp.com\/www.riemumielen.fi\/wp-content\/uploads\/2022\/06\/Vuoden-tokocollie-Ruffenuff-Peppermint-Twist-2.jpg?fit=1200%2C801&ssl=1&resize=350%2C200","width":350,"height":200,"srcset":"https:\/\/i0.wp.com\/www.riemumielen.fi\/wp-content\/uploads\/2022\/06\/Vuoden-tokocollie-Ruffenuff-Peppermint-Twist-2.jpg?fit=1200%2C801&ssl=1&resize=350%2C200 1x, https:\/\/i0.wp.com\/www.riemumielen.fi\/wp-content\/uploads\/2022\/06\/Vuoden-tokocollie-Ruffenuff-Peppermint-Twist-2.jpg?fit=1200%2C801&ssl=1&resize=525%2C300 1.5x, https:\/\/i0.wp.com\/www.riemumielen.fi\/wp-content\/uploads\/2022\/06\/Vuoden-tokocollie-Ruffenuff-Peppermint-Twist-2.jpg?fit=1200%2C801&ssl=1&resize=700%2C400 2x, https:\/\/i0.wp.com\/www.riemumielen.fi\/wp-content\/uploads\/2022\/06\/Vuoden-tokocollie-Ruffenuff-Peppermint-Twist-2.jpg?fit=1200%2C801&ssl=1&resize=1050%2C600 3x"},"classes":[]}],"jetpack_sharing_enabled":true,"jetpack_likes_enabled":true,"_links":{"self":[{"href":"https:\/\/www.riemumielen.fi\/de\/wp-json\/wp\/v2\/pages\/205","targetHints":{"allow":["GET"]}}],"collection":[{"href":"https:\/\/www.riemumielen.fi\/de\/wp-json\/wp\/v2\/pages"}],"about":[{"href":"https:\/\/www.riemumielen.fi\/de\/wp-json\/wp\/v2\/types\/page"}],"author":[{"embeddable":true,"href":"https:\/\/www.riemumielen.fi\/de\/wp-json\/wp\/v2\/users\/1"}],"replies":[{"embeddable":true,"href":"https:\/\/www.riemumielen.fi\/de\/wp-json\/wp\/v2\/comments?post=205"}],"version-history":[{"count":4,"href":"https:\/\/www.riemumielen.fi\/de\/wp-json\/wp\/v2\/pages\/205\/revisions"}],"predecessor-version":[{"id":13255,"href":"https:\/\/www.riemumielen.fi\/de\/wp-json\/wp\/v2\/pages\/205\/revisions\/13255"}],"up":[{"embeddable":true,"href":"https:\/\/www.riemumielen.fi\/de\/wp-json\/wp\/v2\/pages\/9"}],"wp:featuredmedia":[{"embeddable":true,"href":"https:\/\/www.riemumielen.fi\/de\/wp-json\/wp\/v2\/media\/316"}],"wp:attachment":[{"href":"https:\/\/www.riemumielen.fi\/de\/wp-json\/wp\/v2\/media?parent=205"}],"curies":[{"name":"wp","href":"https:\/\/api.w.org\/{rel}","templated":true}]}}