{"id":13883,"date":"2025-01-09T10:36:54","date_gmt":"2025-01-09T07:36:54","guid":{"rendered":"https:\/\/www.riemumielen.fi\/?page_id=13883"},"modified":"2026-04-07T10:52:14","modified_gmt":"2026-04-07T07:52:14","slug":"nita","status":"publish","type":"page","link":"https:\/\/www.riemumielen.fi\/de\/nita\/","title":{"rendered":"NITA"},"content":{"rendered":"\n<h3 class=\"wp-block-heading\">Riemumielen Figaron Kaunis Morsian<\/h3>\n\n\n\n<p>syntynyt: 13.11.2024<br>sukupuoli: narttu<\/p>\n\n\n\n<p><a href=\"https:\/\/jalostus.kennelliitto.fi\/frmKoira.aspx?RekNo=FI50201%2F24&amp;R=156\" target=\"_blank\" rel=\"noreferrer noopener\">Koiranet-linkki<\/a><\/p>\n\n\n\n<p>kasvattaja: Riemumielen kennel, Heidi Bechstein<br>sijoituksessa: Heidi Akkila, Lemi<\/p>\n\n\n\n<p>Em\u00e4:&nbsp;<a href=\"https:\/\/jalostus.kennelliitto.fi\/frmKoira.aspx?RekNo=FI43478%2F22\" target=\"_blank\" rel=\"noreferrer noopener\">PAIM-T Riemumielen Ihmeellinen Illusia&nbsp;<\/a>(Enia)<br>Is\u00e4:&nbsp;<a href=\"https:\/\/jalostus.kennelliitto.fi\/frmKoira.aspx?RekNo=FI12851%2F20\" target=\"_blank\" rel=\"noreferrer noopener\">Dark Dynasty\u2019s Soul Saving Mozart<\/a>&nbsp;(Niki)<\/p>\n\n\n\n<figure class=\"wp-block-image size-full\"><img loading=\"lazy\" decoding=\"async\" width=\"960\" height=\"720\" src=\"https:\/\/www.riemumielen.fi\/wp-content\/uploads\/2025\/01\/Nita-6-vkoa-4.jpg\" alt=\"\" class=\"wp-image-13903\" srcset=\"https:\/\/www.riemumielen.fi\/wp-content\/uploads\/2025\/01\/Nita-6-vkoa-4.jpg 960w, https:\/\/www.riemumielen.fi\/wp-content\/uploads\/2025\/01\/Nita-6-vkoa-4-300x225.jpg 300w, https:\/\/www.riemumielen.fi\/wp-content\/uploads\/2025\/01\/Nita-6-vkoa-4-768x576.jpg 768w, https:\/\/www.riemumielen.fi\/wp-content\/uploads\/2025\/01\/Nita-6-vkoa-4-155x116.jpg 155w\" sizes=\"auto, (max-width: 960px) 100vw, 960px\" \/><figcaption class=\"wp-element-caption\">Nita 6 viikkoa<\/figcaption><\/figure>\n\n\n\n<figure class=\"wp-block-image size-large\"><img loading=\"lazy\" decoding=\"async\" width=\"1024\" height=\"776\" src=\"https:\/\/www.riemumielen.fi\/wp-content\/uploads\/2025\/01\/Riemumielen-Figaron-Kaunis-Morsian-3-1024x776.jpg\" alt=\"\" class=\"wp-image-13886\" srcset=\"https:\/\/www.riemumielen.fi\/wp-content\/uploads\/2025\/01\/Riemumielen-Figaron-Kaunis-Morsian-3-1024x776.jpg 1024w, https:\/\/www.riemumielen.fi\/wp-content\/uploads\/2025\/01\/Riemumielen-Figaron-Kaunis-Morsian-3-300x227.jpg 300w, https:\/\/www.riemumielen.fi\/wp-content\/uploads\/2025\/01\/Riemumielen-Figaron-Kaunis-Morsian-3-768x582.jpg 768w, https:\/\/www.riemumielen.fi\/wp-content\/uploads\/2025\/01\/Riemumielen-Figaron-Kaunis-Morsian-3-153x116.jpg 153w, https:\/\/www.riemumielen.fi\/wp-content\/uploads\/2025\/01\/Riemumielen-Figaron-Kaunis-Morsian-3.jpg 1179w\" sizes=\"auto, (max-width: 1024px) 100vw, 1024px\" \/><figcaption class=\"wp-element-caption\">Nita 7 viikkoa<\/figcaption><\/figure>\n\n\n\n<p><\/p>\n\n\n\n<figure class=\"wp-block-gallery has-nested-images columns-2 is-cropped wp-block-gallery-1 is-layout-flex wp-block-gallery-is-layout-flex\">\n<figure class=\"wp-block-image size-large\"><img loading=\"lazy\" decoding=\"async\" width=\"1024\" height=\"683\" data-id=\"14378\" src=\"https:\/\/www.riemumielen.fi\/wp-content\/uploads\/2026\/04\/MG_8809-1024x683.jpg\" alt=\"\" class=\"wp-image-14378\" srcset=\"https:\/\/www.riemumielen.fi\/wp-content\/uploads\/2026\/04\/MG_8809-1024x683.jpg 1024w, https:\/\/www.riemumielen.fi\/wp-content\/uploads\/2026\/04\/MG_8809-300x200.jpg 300w, https:\/\/www.riemumielen.fi\/wp-content\/uploads\/2026\/04\/MG_8809-768x512.jpg 768w, https:\/\/www.riemumielen.fi\/wp-content\/uploads\/2026\/04\/MG_8809-1536x1024.jpg 1536w, https:\/\/www.riemumielen.fi\/wp-content\/uploads\/2026\/04\/MG_8809-scaled.jpg 2048w, https:\/\/www.riemumielen.fi\/wp-content\/uploads\/2026\/04\/MG_8809-750x500.jpg 750w, https:\/\/www.riemumielen.fi\/wp-content\/uploads\/2026\/04\/MG_8809-174x116.jpg 174w\" sizes=\"auto, (max-width: 1024px) 100vw, 1024px\" \/><\/figure>\n\n\n\n<figure class=\"wp-block-image size-large\"><img loading=\"lazy\" decoding=\"async\" width=\"1024\" height=\"683\" data-id=\"14377\" src=\"https:\/\/www.riemumielen.fi\/wp-content\/uploads\/2026\/04\/MG_9647-1024x683.jpg\" alt=\"\" class=\"wp-image-14377\" srcset=\"https:\/\/www.riemumielen.fi\/wp-content\/uploads\/2026\/04\/MG_9647-1024x683.jpg 1024w, https:\/\/www.riemumielen.fi\/wp-content\/uploads\/2026\/04\/MG_9647-300x200.jpg 300w, https:\/\/www.riemumielen.fi\/wp-content\/uploads\/2026\/04\/MG_9647-768x512.jpg 768w, https:\/\/www.riemumielen.fi\/wp-content\/uploads\/2026\/04\/MG_9647-1536x1024.jpg 1536w, https:\/\/www.riemumielen.fi\/wp-content\/uploads\/2026\/04\/MG_9647-scaled.jpg 2048w, https:\/\/www.riemumielen.fi\/wp-content\/uploads\/2026\/04\/MG_9647-750x500.jpg 750w, https:\/\/www.riemumielen.fi\/wp-content\/uploads\/2026\/04\/MG_9647-174x116.jpg 174w\" sizes=\"auto, (max-width: 1024px) 100vw, 1024px\" \/><\/figure>\n\n\n\n<figure class=\"wp-block-image size-large\"><img loading=\"lazy\" decoding=\"async\" width=\"1024\" height=\"683\" data-id=\"14376\" src=\"https:\/\/www.riemumielen.fi\/wp-content\/uploads\/2026\/04\/MG_9237-1024x683.jpg\" alt=\"\" class=\"wp-image-14376\" srcset=\"https:\/\/www.riemumielen.fi\/wp-content\/uploads\/2026\/04\/MG_9237-1024x683.jpg 1024w, https:\/\/www.riemumielen.fi\/wp-content\/uploads\/2026\/04\/MG_9237-300x200.jpg 300w, https:\/\/www.riemumielen.fi\/wp-content\/uploads\/2026\/04\/MG_9237-768x512.jpg 768w, https:\/\/www.riemumielen.fi\/wp-content\/uploads\/2026\/04\/MG_9237-1536x1024.jpg 1536w, https:\/\/www.riemumielen.fi\/wp-content\/uploads\/2026\/04\/MG_9237-scaled.jpg 2048w, https:\/\/www.riemumielen.fi\/wp-content\/uploads\/2026\/04\/MG_9237-750x500.jpg 750w, https:\/\/www.riemumielen.fi\/wp-content\/uploads\/2026\/04\/MG_9237-174x116.jpg 174w\" sizes=\"auto, (max-width: 1024px) 100vw, 1024px\" \/><\/figure>\n\n\n\n<figure class=\"wp-block-image size-large\"><img loading=\"lazy\" decoding=\"async\" width=\"683\" height=\"1024\" data-id=\"14379\" src=\"https:\/\/www.riemumielen.fi\/wp-content\/uploads\/2026\/04\/MG_9698-2-683x1024.jpg\" alt=\"\" class=\"wp-image-14379\" srcset=\"https:\/\/www.riemumielen.fi\/wp-content\/uploads\/2026\/04\/MG_9698-2-683x1024.jpg 683w, https:\/\/www.riemumielen.fi\/wp-content\/uploads\/2026\/04\/MG_9698-2-200x300.jpg 200w, https:\/\/www.riemumielen.fi\/wp-content\/uploads\/2026\/04\/MG_9698-2-768x1152.jpg 768w, https:\/\/www.riemumielen.fi\/wp-content\/uploads\/2026\/04\/MG_9698-2-1024x1536.jpg 1024w, https:\/\/www.riemumielen.fi\/wp-content\/uploads\/2026\/04\/MG_9698-2-scaled.jpg 1365w, https:\/\/www.riemumielen.fi\/wp-content\/uploads\/2026\/04\/MG_9698-2-77x116.jpg 77w\" sizes=\"auto, (max-width: 683px) 100vw, 683px\" \/><\/figure>\n<figcaption class=\"blocks-gallery-caption wp-element-caption\">Nita huhtikuussa 2026. Kuvat: Terhi Pessi<\/figcaption><\/figure>\n\n\n\n<h3 class=\"wp-block-heading\">Terveys<\/h3>\n\n\n\n<ul class=\"wp-block-list\">\n<li>lonkat: C\/B<\/li>\n\n\n\n<li>kyyn\u00e4rnivel: 0\/0<\/li>\n\n\n\n<li>selk\u00e4: LTV1, VA0<\/li>\n\n\n\n<li>silm\u00e4t: CEA, CRD, distichiasis (liev\u00e4 eli pari ylim\u00e4\u00e4r\u00e4ist\u00e4 ripse\u00e4)<\/li>\n<\/ul>\n\n\n\n<figure class=\"wp-block-image size-large\"><img loading=\"lazy\" decoding=\"async\" width=\"1024\" height=\"785\" src=\"https:\/\/www.riemumielen.fi\/wp-content\/uploads\/2025\/11\/Nita-1-vuotta-2-1024x785.jpg\" alt=\"\" class=\"wp-image-14179\" srcset=\"https:\/\/www.riemumielen.fi\/wp-content\/uploads\/2025\/11\/Nita-1-vuotta-2-1024x785.jpg 1024w, https:\/\/www.riemumielen.fi\/wp-content\/uploads\/2025\/11\/Nita-1-vuotta-2-300x230.jpg 300w, https:\/\/www.riemumielen.fi\/wp-content\/uploads\/2025\/11\/Nita-1-vuotta-2-768x588.jpg 768w, https:\/\/www.riemumielen.fi\/wp-content\/uploads\/2025\/11\/Nita-1-vuotta-2-1536x1177.jpg 1536w, https:\/\/www.riemumielen.fi\/wp-content\/uploads\/2025\/11\/Nita-1-vuotta-2-151x116.jpg 151w, https:\/\/www.riemumielen.fi\/wp-content\/uploads\/2025\/11\/Nita-1-vuotta-2.jpg 1600w\" sizes=\"auto, (max-width: 1024px) 100vw, 1024px\" \/><figcaption class=\"wp-element-caption\">Nita 1 vuotta 13.11.2025<\/figcaption><\/figure>\n","protected":false},"excerpt":{"rendered":"<p>Riemumielen Figaron Kaunis Morsian syntynyt: 13.11.2024sukupuoli: narttu Koiranet-linkki kasvattaja: Riemumielen kennel, Heidi Bechsteinsijoituksessa: Heidi Akkila, Lemi Em\u00e4:&nbsp;PAIM-T Riemumielen Ihmeellinen Illusia&nbsp;(Enia)Is\u00e4:&nbsp;Dark Dynasty\u2019s Soul Saving Mozart&nbsp;(Niki) Terveys<\/p>\n","protected":false},"author":1,"featured_media":13903,"parent":0,"menu_order":0,"comment_status":"closed","ping_status":"closed","template":"","meta":{"_exactmetrics_skip_tracking":false,"_exactmetrics_sitenote_active":false,"_exactmetrics_sitenote_note":"","_exactmetrics_sitenote_category":0,"footnotes":""},"class_list":["post-13883","page","type-page","status-publish","has-post-thumbnail","hentry"],"_links":{"self":[{"href":"https:\/\/www.riemumielen.fi\/de\/wp-json\/wp\/v2\/pages\/13883","targetHints":{"allow":["GET"]}}],"collection":[{"href":"https:\/\/www.riemumielen.fi\/de\/wp-json\/wp\/v2\/pages"}],"about":[{"href":"https:\/\/www.riemumielen.fi\/de\/wp-json\/wp\/v2\/types\/page"}],"author":[{"embeddable":true,"href":"https:\/\/www.riemumielen.fi\/de\/wp-json\/wp\/v2\/users\/1"}],"replies":[{"embeddable":true,"href":"https:\/\/www.riemumielen.fi\/de\/wp-json\/wp\/v2\/comments?post=13883"}],"version-history":[{"count":10,"href":"https:\/\/www.riemumielen.fi\/de\/wp-json\/wp\/v2\/pages\/13883\/revisions"}],"predecessor-version":[{"id":14393,"href":"https:\/\/www.riemumielen.fi\/de\/wp-json\/wp\/v2\/pages\/13883\/revisions\/14393"}],"wp:featuredmedia":[{"embeddable":true,"href":"https:\/\/www.riemumielen.fi\/de\/wp-json\/wp\/v2\/media\/13903"}],"wp:attachment":[{"href":"https:\/\/www.riemumielen.fi\/de\/wp-json\/wp\/v2\/media?parent=13883"}],"curies":[{"name":"wp","href":"https:\/\/api.w.org\/{rel}","templated":true}]}}