{"id":12,"date":"2019-10-26T11:16:29","date_gmt":"2019-10-26T11:16:29","guid":{"rendered":"http:\/\/www.bechste.in\/riemumielen\/?page_id=12"},"modified":"2025-02-17T10:57:17","modified_gmt":"2025-02-17T07:57:17","slug":"pentueet","status":"publish","type":"page","link":"https:\/\/www.riemumielen.fi\/de\/pentueet\/","title":{"rendered":"Pentueet"},"content":{"rendered":"\n<h3 class=\"wp-block-heading\">Riemumielen kennelnimelle syntyneet pentueet<\/h3>\n\n\n\n<p>Riemumielen kennelnimelle on syntynyt viisi pitk\u00e4karvaisen collien pentuetta vuosina 2016-2024. Kennelnimi on my\u00f6nnetty vuonna 2011.<\/p>\n\n\n\n<p><a href=\"https:\/\/jalostus.kennelliitto.fi\/frmKasvattaja.aspx?K=RIEMUMIELEN&amp;R=156\" target=\"_blank\" rel=\"noopener\">Riemumielen colliet KoiraNet-jalostustietoj\u00e4rjestelm\u00e4ss\u00e4 (kennelliitto.fi)<\/a><br><a href=\"https:\/\/scy.pedigreedatabaseonline.com\/fi\/Riemumielen\/b\/949\" target=\"_blank\" rel=\"noopener\">Riemumielen &#8211; kasvattaja &#8211; Suomen Collieyhdistys ry Pedigree Database (pedigreedatabaseonline.com)<\/a><\/p>\n\n\n\n<h4 class=\"wp-block-heading\">Pentueet<\/h4>\n\n\n\n<p><a href=\"https:\/\/www.riemumielen.fi\/pentueet\/riemumielen-1-pentue-karhunpennut\/\">Riemumielen 1. pentue: Karhunpennut<\/a> (2016)<\/p>\n\n\n\n<p><a href=\"https:\/\/www.riemumielen.fi\/pentueet\/riemumielen-2-pentue-hurjasudet\/\">Riemumielen 2. pentue: Hurjasudet<\/a> (2017)<\/p>\n\n\n\n<p><a href=\"https:\/\/www.riemumielen.fi\/pentueet\/riemumielen-3-pentue-game-of-thrones\/\">Riemumielen 3. pentue: Game Of Thrones<\/a> (2019)<\/p>\n\n\n\n<p><a href=\"https:\/\/www.riemumielen.fi\/pentueet\/riemumielen-4-pentue\/\">Riemumielen 4. pentue: Ihmeellinen Illusia<\/a> (2022)<\/p>\n\n\n\n<p><a href=\"https:\/\/www.riemumielen.fi\/riemumielen-5-pentue-mozart\/\">Riemumielen 5. pentue: Mozart<\/a> (2024)<\/p>\n\n\n\n<figure class=\"wp-block-gallery aligncenter has-nested-images columns-1 is-cropped wp-block-gallery-1 is-layout-flex wp-block-gallery-is-layout-flex\">\n<figure class=\"wp-block-image\"><img data-recalc-dims=\"1\" loading=\"lazy\" decoding=\"async\" width=\"640\" height=\"427\" data-attachment-id=\"246\" data-permalink=\"https:\/\/www.riemumielen.fi\/de\/pentueet\/riemumielen-1-pentue-karhunpennut\/attachment\/riemunpennut2\/\" data-orig-file=\"https:\/\/i0.wp.com\/www.riemumielen.fi\/wp-content\/uploads\/2019\/10\/riemunpennut2.png?fit=1382%2C922&amp;ssl=1\" data-orig-size=\"1382,922\" data-comments-opened=\"0\" data-image-meta=\"{&quot;aperture&quot;:&quot;0&quot;,&quot;credit&quot;:&quot;&quot;,&quot;camera&quot;:&quot;&quot;,&quot;caption&quot;:&quot;&quot;,&quot;created_timestamp&quot;:&quot;0&quot;,&quot;copyright&quot;:&quot;&quot;,&quot;focal_length&quot;:&quot;0&quot;,&quot;iso&quot;:&quot;0&quot;,&quot;shutter_speed&quot;:&quot;0&quot;,&quot;title&quot;:&quot;&quot;,&quot;orientation&quot;:&quot;0&quot;}\" data-image-title=\"Riemun Karhunpennut\" data-image-description=\"\" data-image-caption=\"&lt;p&gt;Riemumielen 1. pentue: Karhunpennut&lt;\/p&gt;\n\" data-medium-file=\"https:\/\/i0.wp.com\/www.riemumielen.fi\/wp-content\/uploads\/2019\/10\/riemunpennut2.png?fit=300%2C200&amp;ssl=1\" data-large-file=\"https:\/\/i0.wp.com\/www.riemumielen.fi\/wp-content\/uploads\/2019\/10\/riemunpennut2.png?fit=640%2C427&amp;ssl=1\" data-id=\"246\" src=\"https:\/\/i0.wp.com\/www.bechste.in\/riemumielen\/wp-content\/uploads\/2019\/10\/riemunpennut2-1024x683.png?resize=640%2C427\" alt=\"Riemumielen 1. pentue: Karhunpennut (2016)\" class=\"wp-image-246\" srcset=\"https:\/\/i0.wp.com\/www.riemumielen.fi\/wp-content\/uploads\/2019\/10\/riemunpennut2.png?resize=1024%2C683&amp;ssl=1 1024w, https:\/\/i0.wp.com\/www.riemumielen.fi\/wp-content\/uploads\/2019\/10\/riemunpennut2.png?resize=300%2C200&amp;ssl=1 300w, https:\/\/i0.wp.com\/www.riemumielen.fi\/wp-content\/uploads\/2019\/10\/riemunpennut2.png?resize=768%2C512&amp;ssl=1 768w, https:\/\/i0.wp.com\/www.riemumielen.fi\/wp-content\/uploads\/2019\/10\/riemunpennut2.png?resize=750%2C500&amp;ssl=1 750w, https:\/\/i0.wp.com\/www.riemumielen.fi\/wp-content\/uploads\/2019\/10\/riemunpennut2.png?w=1382&amp;ssl=1 1382w, https:\/\/i0.wp.com\/www.riemumielen.fi\/wp-content\/uploads\/2019\/10\/riemunpennut2.png?w=1280&amp;ssl=1 1280w\" sizes=\"auto, (max-width: 640px) 100vw, 640px\" \/><figcaption class=\"wp-element-caption\">Riemumielen 1. pentue: Karhunpennut (2016)<\/figcaption><\/figure>\n\n\n\n<figure class=\"wp-block-image\"><img data-recalc-dims=\"1\" loading=\"lazy\" decoding=\"async\" width=\"640\" height=\"480\" data-attachment-id=\"239\" data-permalink=\"https:\/\/www.riemumielen.fi\/de\/pentueet\/riemumielen-2-pentue-hurjasudet\/attachment\/2-pentue\/\" data-orig-file=\"https:\/\/i0.wp.com\/www.riemumielen.fi\/wp-content\/uploads\/2019\/10\/2.pentue.jpg?fit=960%2C720&amp;ssl=1\" data-orig-size=\"960,720\" data-comments-opened=\"0\" data-image-meta=\"{&quot;aperture&quot;:&quot;0&quot;,&quot;credit&quot;:&quot;&quot;,&quot;camera&quot;:&quot;&quot;,&quot;caption&quot;:&quot;&quot;,&quot;created_timestamp&quot;:&quot;0&quot;,&quot;copyright&quot;:&quot;&quot;,&quot;focal_length&quot;:&quot;0&quot;,&quot;iso&quot;:&quot;0&quot;,&quot;shutter_speed&quot;:&quot;0&quot;,&quot;title&quot;:&quot;&quot;,&quot;orientation&quot;:&quot;0&quot;}\" data-image-title=\"Sansan Hurjasudet\" data-image-description=\"\" data-image-caption=\"&lt;p&gt;Riemumielen 2. pentue: Hurjasudet&lt;\/p&gt;\n\" data-medium-file=\"https:\/\/i0.wp.com\/www.riemumielen.fi\/wp-content\/uploads\/2019\/10\/2.pentue.jpg?fit=300%2C225&amp;ssl=1\" data-large-file=\"https:\/\/i0.wp.com\/www.riemumielen.fi\/wp-content\/uploads\/2019\/10\/2.pentue.jpg?fit=640%2C480&amp;ssl=1\" data-id=\"239\" src=\"https:\/\/i0.wp.com\/www.bechste.in\/riemumielen\/wp-content\/uploads\/2019\/10\/2.pentue.jpg?resize=640%2C480\" alt=\"Riemumielen 2. pentue: Hurjasudet (2017)\" class=\"wp-image-239\" srcset=\"https:\/\/i0.wp.com\/www.riemumielen.fi\/wp-content\/uploads\/2019\/10\/2.pentue.jpg?w=960&amp;ssl=1 960w, https:\/\/i0.wp.com\/www.riemumielen.fi\/wp-content\/uploads\/2019\/10\/2.pentue.jpg?resize=300%2C225&amp;ssl=1 300w, https:\/\/i0.wp.com\/www.riemumielen.fi\/wp-content\/uploads\/2019\/10\/2.pentue.jpg?resize=768%2C576&amp;ssl=1 768w\" sizes=\"auto, (max-width: 640px) 100vw, 640px\" \/><figcaption class=\"wp-element-caption\">Riemumielen 2. pentue: Hurjasudet (2017)<\/figcaption><\/figure>\n\n\n\n<figure class=\"wp-block-image\"><img data-recalc-dims=\"1\" loading=\"lazy\" decoding=\"async\" width=\"640\" height=\"480\" data-attachment-id=\"234\" data-permalink=\"https:\/\/www.riemumielen.fi\/de\/pentueet\/riemumielen-3-pentue-game-of-thrones\/attachment\/sansan-got-pennut\/\" data-orig-file=\"https:\/\/i0.wp.com\/www.riemumielen.fi\/wp-content\/uploads\/2019\/10\/Sansan-GOT-pennut.jpg?fit=960%2C720&amp;ssl=1\" data-orig-size=\"960,720\" data-comments-opened=\"0\" data-image-meta=\"{&quot;aperture&quot;:&quot;0&quot;,&quot;credit&quot;:&quot;&quot;,&quot;camera&quot;:&quot;&quot;,&quot;caption&quot;:&quot;&quot;,&quot;created_timestamp&quot;:&quot;0&quot;,&quot;copyright&quot;:&quot;&quot;,&quot;focal_length&quot;:&quot;0&quot;,&quot;iso&quot;:&quot;0&quot;,&quot;shutter_speed&quot;:&quot;0&quot;,&quot;title&quot;:&quot;&quot;,&quot;orientation&quot;:&quot;0&quot;}\" data-image-title=\"Sansan GOT pennut nukkuu\" data-image-description=\"\" data-image-caption=\"&lt;p&gt;Riemumielen 3. pentue: Game Of Thrones&lt;\/p&gt;\n\" data-medium-file=\"https:\/\/i0.wp.com\/www.riemumielen.fi\/wp-content\/uploads\/2019\/10\/Sansan-GOT-pennut.jpg?fit=300%2C225&amp;ssl=1\" data-large-file=\"https:\/\/i0.wp.com\/www.riemumielen.fi\/wp-content\/uploads\/2019\/10\/Sansan-GOT-pennut.jpg?fit=640%2C480&amp;ssl=1\" data-id=\"234\" src=\"https:\/\/i0.wp.com\/www.bechste.in\/riemumielen\/wp-content\/uploads\/2019\/10\/Sansan-GOT-pennut.jpg?resize=640%2C480\" alt=\"Riemumielen 3. pentue: Game Of Thrones (2019)\" class=\"wp-image-234\" srcset=\"https:\/\/i0.wp.com\/www.riemumielen.fi\/wp-content\/uploads\/2019\/10\/Sansan-GOT-pennut.jpg?w=960&amp;ssl=1 960w, https:\/\/i0.wp.com\/www.riemumielen.fi\/wp-content\/uploads\/2019\/10\/Sansan-GOT-pennut.jpg?resize=300%2C225&amp;ssl=1 300w, https:\/\/i0.wp.com\/www.riemumielen.fi\/wp-content\/uploads\/2019\/10\/Sansan-GOT-pennut.jpg?resize=768%2C576&amp;ssl=1 768w\" sizes=\"auto, (max-width: 640px) 100vw, 640px\" \/><figcaption class=\"wp-element-caption\">Riemumielen 3. pentue: Game Of Thrones (2019)<\/figcaption><\/figure>\n\n\n\n<figure class=\"wp-block-image size-large\"><img data-recalc-dims=\"1\" loading=\"lazy\" decoding=\"async\" width=\"640\" height=\"480\" data-attachment-id=\"12685\" data-permalink=\"https:\/\/www.riemumielen.fi\/de\/pentueet\/sansan-ja-ferron-pentueen-kuulumiset-osa-3-syntyma\/attachment\/img_7490\/\" data-orig-file=\"https:\/\/i0.wp.com\/www.riemumielen.fi\/wp-content\/uploads\/2022\/07\/IMG_7490.jpeg?fit=2048%2C1536&amp;ssl=1\" data-orig-size=\"2048,1536\" data-comments-opened=\"1\" data-image-meta=\"{&quot;aperture&quot;:&quot;1.8&quot;,&quot;credit&quot;:&quot;&quot;,&quot;camera&quot;:&quot;iPhone XR&quot;,&quot;caption&quot;:&quot;&quot;,&quot;created_timestamp&quot;:&quot;1657716040&quot;,&quot;copyright&quot;:&quot;&quot;,&quot;focal_length&quot;:&quot;4.25&quot;,&quot;iso&quot;:&quot;640&quot;,&quot;shutter_speed&quot;:&quot;0.04&quot;,&quot;title&quot;:&quot;&quot;,&quot;orientation&quot;:&quot;1&quot;}\" data-image-title=\"IMG_7490\" data-image-description=\"\" data-image-caption=\"\" data-medium-file=\"https:\/\/i0.wp.com\/www.riemumielen.fi\/wp-content\/uploads\/2022\/07\/IMG_7490.jpeg?fit=300%2C225&amp;ssl=1\" data-large-file=\"https:\/\/i0.wp.com\/www.riemumielen.fi\/wp-content\/uploads\/2022\/07\/IMG_7490.jpeg?fit=640%2C480&amp;ssl=1\" data-id=\"12685\" src=\"https:\/\/i0.wp.com\/www.riemumielen.fi\/wp-content\/uploads\/2022\/07\/IMG_7490.jpeg?resize=640%2C480&#038;ssl=1\" alt=\"\" class=\"wp-image-12685\" srcset=\"https:\/\/i0.wp.com\/www.riemumielen.fi\/wp-content\/uploads\/2022\/07\/IMG_7490.jpeg?w=2048&amp;ssl=1 2048w, https:\/\/i0.wp.com\/www.riemumielen.fi\/wp-content\/uploads\/2022\/07\/IMG_7490.jpeg?resize=300%2C225&amp;ssl=1 300w, https:\/\/i0.wp.com\/www.riemumielen.fi\/wp-content\/uploads\/2022\/07\/IMG_7490.jpeg?resize=1024%2C768&amp;ssl=1 1024w, https:\/\/i0.wp.com\/www.riemumielen.fi\/wp-content\/uploads\/2022\/07\/IMG_7490.jpeg?resize=768%2C576&amp;ssl=1 768w, https:\/\/i0.wp.com\/www.riemumielen.fi\/wp-content\/uploads\/2022\/07\/IMG_7490.jpeg?resize=1536%2C1152&amp;ssl=1 1536w, https:\/\/i0.wp.com\/www.riemumielen.fi\/wp-content\/uploads\/2022\/07\/IMG_7490.jpeg?resize=155%2C116&amp;ssl=1 155w, https:\/\/i0.wp.com\/www.riemumielen.fi\/wp-content\/uploads\/2022\/07\/IMG_7490.jpeg?w=1280&amp;ssl=1 1280w, https:\/\/i0.wp.com\/www.riemumielen.fi\/wp-content\/uploads\/2022\/07\/IMG_7490.jpeg?w=1920&amp;ssl=1 1920w\" sizes=\"auto, (max-width: 640px) 100vw, 640px\" \/><figcaption class=\"wp-element-caption\">Riemumielen 4. pentue: Ihmeellinen Illusia (2022)<\/figcaption><\/figure>\n<\/figure>\n\n\n\n<figure class=\"wp-block-image size-large\"><img data-recalc-dims=\"1\" loading=\"lazy\" decoding=\"async\" width=\"640\" height=\"480\" data-attachment-id=\"13840\" data-permalink=\"https:\/\/www.riemumielen.fi\/de\/riemumielen-5-pentue-mozart\/attachment\/img_3643\/\" data-orig-file=\"https:\/\/i0.wp.com\/www.riemumielen.fi\/wp-content\/uploads\/2025\/01\/IMG_3643.jpeg?fit=2048%2C1536&amp;ssl=1\" data-orig-size=\"2048,1536\" data-comments-opened=\"1\" data-image-meta=\"{&quot;aperture&quot;:&quot;1.6&quot;,&quot;credit&quot;:&quot;&quot;,&quot;camera&quot;:&quot;iPhone 15&quot;,&quot;caption&quot;:&quot;&quot;,&quot;created_timestamp&quot;:&quot;1733871003&quot;,&quot;copyright&quot;:&quot;&quot;,&quot;focal_length&quot;:&quot;5.96&quot;,&quot;iso&quot;:&quot;500&quot;,&quot;shutter_speed&quot;:&quot;0.04&quot;,&quot;title&quot;:&quot;&quot;,&quot;orientation&quot;:&quot;1&quot;}\" data-image-title=\"IMG_3643\" data-image-description=\"\" data-image-caption=\"\" data-medium-file=\"https:\/\/i0.wp.com\/www.riemumielen.fi\/wp-content\/uploads\/2025\/01\/IMG_3643.jpeg?fit=300%2C225&amp;ssl=1\" data-large-file=\"https:\/\/i0.wp.com\/www.riemumielen.fi\/wp-content\/uploads\/2025\/01\/IMG_3643.jpeg?fit=640%2C480&amp;ssl=1\" src=\"https:\/\/i0.wp.com\/www.riemumielen.fi\/wp-content\/uploads\/2025\/01\/IMG_3643.jpeg?resize=640%2C480&#038;ssl=1\" alt=\"Riemumielen 5. pentue: Mozart (2024)\" class=\"wp-image-13840\" srcset=\"https:\/\/i0.wp.com\/www.riemumielen.fi\/wp-content\/uploads\/2025\/01\/IMG_3643.jpeg?resize=1024%2C768&amp;ssl=1 1024w, https:\/\/i0.wp.com\/www.riemumielen.fi\/wp-content\/uploads\/2025\/01\/IMG_3643.jpeg?resize=300%2C225&amp;ssl=1 300w, https:\/\/i0.wp.com\/www.riemumielen.fi\/wp-content\/uploads\/2025\/01\/IMG_3643.jpeg?resize=768%2C576&amp;ssl=1 768w, https:\/\/i0.wp.com\/www.riemumielen.fi\/wp-content\/uploads\/2025\/01\/IMG_3643.jpeg?resize=1536%2C1152&amp;ssl=1 1536w, https:\/\/i0.wp.com\/www.riemumielen.fi\/wp-content\/uploads\/2025\/01\/IMG_3643.jpeg?resize=155%2C116&amp;ssl=1 155w, https:\/\/i0.wp.com\/www.riemumielen.fi\/wp-content\/uploads\/2025\/01\/IMG_3643.jpeg?w=2048&amp;ssl=1 2048w, https:\/\/i0.wp.com\/www.riemumielen.fi\/wp-content\/uploads\/2025\/01\/IMG_3643.jpeg?w=1280&amp;ssl=1 1280w, https:\/\/i0.wp.com\/www.riemumielen.fi\/wp-content\/uploads\/2025\/01\/IMG_3643.jpeg?w=1920&amp;ssl=1 1920w\" sizes=\"auto, (max-width: 640px) 100vw, 640px\" \/><figcaption class=\"wp-element-caption\"><a href=\"https:\/\/www.riemumielen.fi\/riemumielen-5-pentue-mozart\/\">Riemumielen 5. pentue: Mozart<\/a> (2024)<\/figcaption><\/figure>\n\n\n\n<p><\/p>\n","protected":false},"excerpt":{"rendered":"<p>Riemumielen kennelnimelle syntyneet pentueet Riemumielen kennelnimelle on syntynyt viisi pitk\u00e4karvaisen collien pentuetta vuosina 2016-2024. Kennelnimi on my\u00f6nnetty vuonna 2011. Riemumielen colliet KoiraNet-jalostustietoj\u00e4rjestelm\u00e4ss\u00e4 (kennelliitto.fi)Riemumielen &#8211; kasvattaja &#8211; Suomen Collieyhdistys ry Pedigree Database (pedigreedatabaseonline.com) Pentueet Riemumielen 1. pentue: Karhunpennut (2016) Riemumielen 2. pentue: Hurjasudet (2017) Riemumielen 3. pentue: Game Of Thrones (2019) Riemumielen 4. pentue: Ihmeellinen Illusia [&hellip;]<\/p>\n","protected":false},"author":1,"featured_media":0,"parent":0,"menu_order":0,"comment_status":"closed","ping_status":"closed","template":"","meta":{"_exactmetrics_skip_tracking":false,"_exactmetrics_sitenote_active":false,"_exactmetrics_sitenote_note":"","_exactmetrics_sitenote_category":0,"jetpack_post_was_ever_published":false,"footnotes":""},"class_list":["post-12","page","type-page","status-publish","hentry"],"jetpack-related-posts":[{"id":11,"url":"https:\/\/www.riemumielen.fi\/de\/info\/esittely\/","url_meta":{"origin":12,"position":0},"title":"Esittely","author":"Heidi Bechstein","date":"26.10.2019","format":false,"excerpt":"[:fi] Olen Heidi Bechstein, nelj\u00e4kymppinen koiraharrastaja, pitk\u00e4karvaisten collieiden kasvattaja ja koirabloggaaja Keravalta. Minulla on ollut pitk\u00e4karvaisia collieita vuodesta 2003, yhteens\u00e4 kahdeksan collieta kotona ja kolme sijoituskodeissa. Kasvatan pitk\u00e4karvaisia collieita pienimuotoisesti kennelnimell\u00e4 Riemumielen ja kennelnimelleni on syntynyt viisi pentuetta. Blogini on Riemumielen koirablogi, josta l\u00f6yd\u00e4t kirjoituksia pitk\u00e4karvaisista collieista, koiraharrastuksista ja el\u00e4m\u00e4st\u00e4\u2026","rel":"","context":"\u00c4hnlicher Beitrag","block_context":{"text":"\u00c4hnlicher Beitrag","link":""},"img":{"alt_text":"","src":"https:\/\/i0.wp.com\/www.riemumielen.fi\/wp-content\/uploads\/2022\/06\/Vuoden-tokocollie-Ruffenuff-Peppermint-Twist-2.jpg?fit=1200%2C801&ssl=1&resize=350%2C200","width":350,"height":200,"srcset":"https:\/\/i0.wp.com\/www.riemumielen.fi\/wp-content\/uploads\/2022\/06\/Vuoden-tokocollie-Ruffenuff-Peppermint-Twist-2.jpg?fit=1200%2C801&ssl=1&resize=350%2C200 1x, https:\/\/i0.wp.com\/www.riemumielen.fi\/wp-content\/uploads\/2022\/06\/Vuoden-tokocollie-Ruffenuff-Peppermint-Twist-2.jpg?fit=1200%2C801&ssl=1&resize=525%2C300 1.5x, https:\/\/i0.wp.com\/www.riemumielen.fi\/wp-content\/uploads\/2022\/06\/Vuoden-tokocollie-Ruffenuff-Peppermint-Twist-2.jpg?fit=1200%2C801&ssl=1&resize=700%2C400 2x, https:\/\/i0.wp.com\/www.riemumielen.fi\/wp-content\/uploads\/2022\/06\/Vuoden-tokocollie-Ruffenuff-Peppermint-Twist-2.jpg?fit=1200%2C801&ssl=1&resize=1050%2C600 3x"},"classes":[]},{"id":245,"url":"https:\/\/www.riemumielen.fi\/de\/pentueet\/riemumielen-1-pentue-karhunpennut\/","url_meta":{"origin":12,"position":1},"title":"Riemumielen 1. pentue: Karhunpennut","author":"Heidi Bechstein","date":"26.10.2019","format":false,"excerpt":"[:fi] PENTUE S. 2.4.2016 is\u00e4: em\u00e4: FI TVA C.I.B. & FI & EE & LV & LT & BALT CH TLNW-13 PAIM1 PAIME BH RTK3\u00a0Suvituikun Jacky-Bear \"Jacky\" RTVA BH\u00a0Ruffenuff Peppermint Twist \"Riemu\" Linkkej\u00e4: Valokuvia pennuista Ensimm\u00e4inen Riemumielen pentue laitettiin alulle kun Riemu ja Jacky treffasivat onnistuneesti helmikuun 2016 alussa Forssassa.\u2026","rel":"","context":"\u00c4hnlicher Beitrag","block_context":{"text":"\u00c4hnlicher Beitrag","link":""},"img":{"alt_text":"","src":"https:\/\/i0.wp.com\/www.riemumielen.fi\/wp-content\/uploads\/2019\/10\/bechstein-nettikuva-091.jpg?fit=1200%2C801&ssl=1&resize=350%2C200","width":350,"height":200,"srcset":"https:\/\/i0.wp.com\/www.riemumielen.fi\/wp-content\/uploads\/2019\/10\/bechstein-nettikuva-091.jpg?fit=1200%2C801&ssl=1&resize=350%2C200 1x, https:\/\/i0.wp.com\/www.riemumielen.fi\/wp-content\/uploads\/2019\/10\/bechstein-nettikuva-091.jpg?fit=1200%2C801&ssl=1&resize=525%2C300 1.5x, https:\/\/i0.wp.com\/www.riemumielen.fi\/wp-content\/uploads\/2019\/10\/bechstein-nettikuva-091.jpg?fit=1200%2C801&ssl=1&resize=700%2C400 2x, https:\/\/i0.wp.com\/www.riemumielen.fi\/wp-content\/uploads\/2019\/10\/bechstein-nettikuva-091.jpg?fit=1200%2C801&ssl=1&resize=1050%2C600 3x"},"classes":[]},{"id":252,"url":"https:\/\/www.riemumielen.fi\/de\/pentuja\/","url_meta":{"origin":12,"position":2},"title":"Pentuja","author":"Heidi Bechstein","date":"27.10.2019","format":false,"excerpt":"[:fi] Pentuja P\u00e4ivitys 14.4.2026 Suunnitelmissa loppuvuosi 2026 tai alkuvuosi 2027 \ud83d\udc99 FI CH Riemumielen Hurjausi Kuunvalossa (Routa)\u2764\ufe0f C.I.B.-J FI JCH LT & EE & FI CH RTK1 PAIM\u2011T HeJW\u201124 Crofter\u2019s Only Walking On Sunshine (Lilibet) Yhdistelm\u00e4 KoiraNetiss\u00e4 Pitk\u00e4\u00e4n harkittu ja huolella suunniteltu yhdistelm\u00e4. Lilibetin ensimm\u00e4isen pentueen is\u00e4ksi valikoitui oma 8\u2011vuotias\u2026","rel":"","context":"\u00c4hnlicher Beitrag","block_context":{"text":"\u00c4hnlicher Beitrag","link":""},"img":{"alt_text":"","src":"https:\/\/i0.wp.com\/www.riemumielen.fi\/wp-content\/uploads\/2019\/10\/bechstein-nettikuva-091.jpg?fit=1200%2C801&ssl=1&resize=350%2C200","width":350,"height":200,"srcset":"https:\/\/i0.wp.com\/www.riemumielen.fi\/wp-content\/uploads\/2019\/10\/bechstein-nettikuva-091.jpg?fit=1200%2C801&ssl=1&resize=350%2C200 1x, https:\/\/i0.wp.com\/www.riemumielen.fi\/wp-content\/uploads\/2019\/10\/bechstein-nettikuva-091.jpg?fit=1200%2C801&ssl=1&resize=525%2C300 1.5x, https:\/\/i0.wp.com\/www.riemumielen.fi\/wp-content\/uploads\/2019\/10\/bechstein-nettikuva-091.jpg?fit=1200%2C801&ssl=1&resize=700%2C400 2x, https:\/\/i0.wp.com\/www.riemumielen.fi\/wp-content\/uploads\/2019\/10\/bechstein-nettikuva-091.jpg?fit=1200%2C801&ssl=1&resize=1050%2C600 3x"},"classes":[]},{"id":12774,"url":"https:\/\/www.riemumielen.fi\/de\/pentueet\/riemumielen-4-pentue\/","url_meta":{"origin":12,"position":3},"title":"Riemumielen 4. pentue: Ihmeellinen Illusia","author":"Heidi Bechstein","date":"18.07.2022","format":false,"excerpt":"PENTUE S. 8.7.2022 is\u00e4: BH RH-T V RTK1 Twilight Moon Plainly Perfect \"Ferro\" em\u00e4: PAIM-T RTK3 Goldentroll's Song Of Ice And Fire \"Sansa\" Sansalle ja Ferrolle syntyi 8.7.2022 yksi soopelinv\u00e4rinen narttupentu tiineysvuorokautena 61. Pennun virallinen nimi on Riemumielen Ihmeellinen Illusia ja kutsumanimi Enia. Toinen narttupentu syntyi valitettavasti menehtyneen\u00e4. Pentu kasvoi\u2026","rel":"","context":"\u00c4hnlicher Beitrag","block_context":{"text":"\u00c4hnlicher Beitrag","link":""},"img":{"alt_text":"","src":"https:\/\/i0.wp.com\/www.riemumielen.fi\/wp-content\/uploads\/2022\/08\/Enia-6-vkoa.jpg?fit=955%2C1200&ssl=1&resize=350%2C200","width":350,"height":200,"srcset":"https:\/\/i0.wp.com\/www.riemumielen.fi\/wp-content\/uploads\/2022\/08\/Enia-6-vkoa.jpg?fit=955%2C1200&ssl=1&resize=350%2C200 1x, https:\/\/i0.wp.com\/www.riemumielen.fi\/wp-content\/uploads\/2022\/08\/Enia-6-vkoa.jpg?fit=955%2C1200&ssl=1&resize=525%2C300 1.5x, https:\/\/i0.wp.com\/www.riemumielen.fi\/wp-content\/uploads\/2022\/08\/Enia-6-vkoa.jpg?fit=955%2C1200&ssl=1&resize=700%2C400 2x"},"classes":[]},{"id":238,"url":"https:\/\/www.riemumielen.fi\/de\/pentueet\/riemumielen-2-pentue-hurjasudet\/","url_meta":{"origin":12,"position":4},"title":"Riemumielen 2. pentue: Hurjasudet","author":"Heidi Bechstein","date":"26.10.2019","format":false,"excerpt":"PENTUE S. 22.12.2017 is\u00e4: em\u00e4: FI & SE & EE MVA JK3 TK1 BH Irokon Moonlight \"Rasti\" PAIM-T RTK2 Goldentroll's Song Of Ice And Fire \"Sansa\" Sansan ja Rastin yhdistelm\u00e4 laitettiin alulle Rasti-is\u00e4n ollessa jo yli 10 vuoden kyps\u00e4ss\u00e4 i\u00e4ss\u00e4. Sansa synnytti normaalisti 2 reipasta pentua odotusvuorokausilla 62. Pentueessa on\u2026","rel":"","context":"\u00c4hnlicher Beitrag","block_context":{"text":"\u00c4hnlicher Beitrag","link":""},"img":{"alt_text":"","src":"https:\/\/i0.wp.com\/www.riemumielen.fi\/wp-content\/uploads\/2019\/10\/2.pentue.jpg?fit=960%2C720&ssl=1&resize=350%2C200","width":350,"height":200,"srcset":"https:\/\/i0.wp.com\/www.riemumielen.fi\/wp-content\/uploads\/2019\/10\/2.pentue.jpg?fit=960%2C720&ssl=1&resize=350%2C200 1x, https:\/\/i0.wp.com\/www.riemumielen.fi\/wp-content\/uploads\/2019\/10\/2.pentue.jpg?fit=960%2C720&ssl=1&resize=525%2C300 1.5x, https:\/\/i0.wp.com\/www.riemumielen.fi\/wp-content\/uploads\/2019\/10\/2.pentue.jpg?fit=960%2C720&ssl=1&resize=700%2C400 2x"},"classes":[]},{"id":233,"url":"https:\/\/www.riemumielen.fi\/de\/pentueet\/riemumielen-3-pentue-game-of-thrones\/","url_meta":{"origin":12,"position":5},"title":"Riemumielen 3. pentue: Game Of Thrones","author":"Heidi Bechstein","date":"26.10.2019","format":false,"excerpt":"[:fi] PENTUE S. 2.5.2019 is\u00e4: em\u00e4: Oceanbourn Guardian Of Islay \"Pablo\" PAIM-T RTK2 Goldentroll's Song Of Ice And Fire \"Sansa\" Sansalle ja Pablolle syntyi 6 tervett\u00e4 soopelipentua toukokuun alussa. Pennut syntyiv\u00e4t kantovuorokautena 61 luonnollisen astutuksen ja hyvin sujuneen kantoajan j\u00e4lkeen. Sansan synnytys kesti melko kauan pentujen suuren koon vuoksi ja\u2026","rel":"","context":"\u00c4hnlicher Beitrag","block_context":{"text":"\u00c4hnlicher Beitrag","link":""},"img":{"alt_text":"","src":"https:\/\/i0.wp.com\/www.riemumielen.fi\/wp-content\/uploads\/2019\/10\/Sansan-GOT-pennut.jpg?fit=960%2C720&ssl=1&resize=350%2C200","width":350,"height":200,"srcset":"https:\/\/i0.wp.com\/www.riemumielen.fi\/wp-content\/uploads\/2019\/10\/Sansan-GOT-pennut.jpg?fit=960%2C720&ssl=1&resize=350%2C200 1x, https:\/\/i0.wp.com\/www.riemumielen.fi\/wp-content\/uploads\/2019\/10\/Sansan-GOT-pennut.jpg?fit=960%2C720&ssl=1&resize=525%2C300 1.5x, https:\/\/i0.wp.com\/www.riemumielen.fi\/wp-content\/uploads\/2019\/10\/Sansan-GOT-pennut.jpg?fit=960%2C720&ssl=1&resize=700%2C400 2x"},"classes":[]}],"jetpack_sharing_enabled":true,"jetpack_likes_enabled":true,"_links":{"self":[{"href":"https:\/\/www.riemumielen.fi\/de\/wp-json\/wp\/v2\/pages\/12","targetHints":{"allow":["GET"]}}],"collection":[{"href":"https:\/\/www.riemumielen.fi\/de\/wp-json\/wp\/v2\/pages"}],"about":[{"href":"https:\/\/www.riemumielen.fi\/de\/wp-json\/wp\/v2\/types\/page"}],"author":[{"embeddable":true,"href":"https:\/\/www.riemumielen.fi\/de\/wp-json\/wp\/v2\/users\/1"}],"replies":[{"embeddable":true,"href":"https:\/\/www.riemumielen.fi\/de\/wp-json\/wp\/v2\/comments?post=12"}],"version-history":[{"count":15,"href":"https:\/\/www.riemumielen.fi\/de\/wp-json\/wp\/v2\/pages\/12\/revisions"}],"predecessor-version":[{"id":13956,"href":"https:\/\/www.riemumielen.fi\/de\/wp-json\/wp\/v2\/pages\/12\/revisions\/13956"}],"wp:attachment":[{"href":"https:\/\/www.riemumielen.fi\/de\/wp-json\/wp\/v2\/media?parent=12"}],"curies":[{"name":"wp","href":"https:\/\/api.w.org\/{rel}","templated":true}]}}